{"id":3117,"date":"2022-05-27T09:43:26","date_gmt":"2022-05-27T09:43:26","guid":{"rendered":"https:\/\/staging.zipline-dolinka.si\/?page_id=3117"},"modified":"2023-06-15T10:28:33","modified_gmt":"2023-06-15T10:28:33","slug":"cookies","status":"publish","type":"page","link":"https:\/\/staging.zipline-dolinka.si\/cs\/cookies\/","title":{"rendered":"Cookies"},"content":{"rendered":"\n<h2 class=\"wp-block-heading\">Co jsou cookies?<\/h2>\n\n\n\n<p>Cookies jsou mal\u00e9 textov\u00e9 soubory ulo\u017een\u00e9 na va\u0161em po\u010d\u00edta\u010di, kter\u00e9 slou\u017e\u00ed k ukl\u00e1d\u00e1n\u00ed informac\u00ed o tom, kolikr\u00e1t jste nav\u0161t\u00edvili na\u0161i webovou str\u00e1nku a o tom, o \u010dem jste byli b\u011bhem t\u011bchto n\u00e1v\u0161t\u011bv zaujati. Soubory cookie neobsahuj\u00ed \u017e\u00e1dn\u00e9 osobn\u00ed informace, kter\u00e9 by mohly b\u00fdt pou\u017eity k va\u0161\u00ed identifikaci.<\/p>\n\n\n\n<h2 class=\"wp-block-heading\">Pro\u010d jsou cookies nezbytn\u00e9?<\/h2>\n\n\n\n<p>Soubory cookie n\u00e1m pom\u00e1haj\u00ed poskytovat lep\u0161\u00ed u\u017eivatelsk\u00fd z\u00e1\u017eitek na na\u0161em webu.<\/p>\n\n\n\n<p>Nap\u0159\u00edklad soubory cookie mohou zaznamen\u00e1vat va\u0161e preference a nastaven\u00ed, informace z online formul\u00e1\u0159\u016f a \u00fadaje pro registrovan\u00e9 u\u017eivatele.<\/p>\n\n\n\n<p>Z\u00e1kladn\u00ed funkce elektronick\u00e9ho obchodu by bez soubor\u016f cookie byly nemo\u017en\u00e9. Konkr\u00e9tn\u011b online obchody pou\u017e\u00edvaj\u00ed soubory cookie k ukl\u00e1d\u00e1n\u00ed produkt\u016f do n\u00e1kupn\u00edho ko\u0161\u00edku, obl\u00edben\u00fdch produkt\u016f, informac\u00ed o n\u00e1kupech atd.<\/p>\n\n\n\n<p>Soubory cookie n\u00e1m umo\u017e\u0148uj\u00ed zaznamen\u00e1vat statistiky webu, co\u017e n\u00e1m pom\u00e1h\u00e1 objevovat a opravovat chyby a nab\u00edzet lep\u0161\u00ed obsah nebo vhodn\u011bj\u0161\u00ed slu\u017eby p\u0159i va\u0161ich dal\u0161\u00edch n\u00e1v\u0161t\u011bv\u00e1ch na\u0161eho webu.<\/p>\n\n\n\n<p>Pomoc\u00ed soubor\u016f cookie mohou va\u0161i reklamn\u00ed partne\u0159i poskytovat relevantn\u00ed reklamy.<\/p>\n\n\n\n<p>N\u011bkter\u00e9 soubory cookie jsou nezbytn\u00e9 pro samotn\u00fd provoz webov\u00e9 str\u00e1nky, zat\u00edmco jin\u00e9 mohou b\u00fdt ulo\u017eeny pouze s va\u0161\u00edm souhlasem.<\/p>\n\n\n\n<h2 class=\"wp-block-heading\">Seznam cookies<\/h2>\n\n\n\n<figure class=\"wp-block-table\"><table><thead><tr><th>N\u00e1zev souboru cookie<\/th><th>\u00da\u010del<\/th><th>Trv\u00e1n\u00ed<\/th><th>P\u016fvod<\/th><\/tr><\/thead><tbody><tr><td>_utma<\/td><td>\u00da\u010del: Statistiky zobrazen\u00ed webov\u00fdch str\u00e1nek\u00a0<\/td><td>2 roky\u00a0<\/td><td>Google Analytics<\/td><\/tr><tr><td>_utmb<\/td><td>\u00da\u010del: Statistiky zobrazen\u00ed webov\u00fdch str\u00e1nek\u00a0<\/td><td>30 minut<\/td><td>Google Analytics<\/td><\/tr><tr><td>_utmc<\/td><td>\u00da\u010del: Statistiky zobrazen\u00ed webov\u00fdch str\u00e1nek\u00a0<\/td><td>Do zav\u0159en\u00ed prohl\u00ed\u017ee\u010de\u00a0<\/td><td>Google Analytics<\/td><\/tr><tr><td>_utmz<\/td><td>\u00da\u010del: Statistiky zobrazen\u00ed webov\u00fdch str\u00e1nek\u00a0<\/td><td>6 m\u011bs\u00edc\u016f\u00a0<\/td><td>Google Analytics<\/td><\/tr><\/tbody><\/table><\/figure>\n\n\n\n<h2 class=\"wp-block-heading\">Zak\u00e1z\u00e1n\u00ed cookies<\/h2>\n\n\n\n<p>V\u011bt\u0161ina webov\u00fdch prohl\u00ed\u017ee\u010d\u016f automaticky p\u0159ij\u00edm\u00e1 soubory cookie. M\u016f\u017eete kdykoli vypnout soubory cookie zm\u011bnou nastaven\u00ed sv\u00e9ho prohl\u00ed\u017ee\u010de. Informace o nastaven\u00ed soubor\u016f cookie v jednotliv\u00fdch prohl\u00ed\u017ee\u010d\u00edch najdete na n\u00e1sleduj\u00edc\u00edch odkazech:<\/p>\n\n\n\n<ul class=\"wp-block-list\">\n<li><a href=\"https:\/\/support.google.com\/chrome\/answer\/95647?hl=en&amp;p=cpn_cookies\" target=\"_blank\" rel=\"noreferrer noopener\">Chrome<\/a><\/li>\n\n\n\n<li><a href=\"http:\/\/support.mozilla.org\/en-US\/kb\/enable-and-disable-cookies-website-preferences\" target=\"_blank\" rel=\"noreferrer noopener\">Firefox<\/a><\/li>\n\n\n\n<li><a href=\"http:\/\/windows.microsoft.com\/en-us\/windows-vista\/block-or-allow-cookies\" target=\"_blank\" rel=\"noreferrer noopener\">Internet Explorer<\/a><\/li>\n\n\n\n<li><a href=\"http:\/\/www.opera.com\/help\/tutorials\/security\/privacy\/\" target=\"_blank\" rel=\"noreferrer noopener\">Opera<\/a><\/li>\n\n\n\n<li><a href=\"http:\/\/www.apple.com\/support\/safari\/\" target=\"_blank\" rel=\"noreferrer noopener\">Safari<\/a><\/li>\n<\/ul>\n\n\n\n<p>Vypnut\u00ed soubor\u016f cookie m\u016f\u017ee znemo\u017enit optim\u00e1ln\u00ed fungov\u00e1n\u00ed webu nebo deaktivovat n\u011bkter\u00e9 jeho funkce. Av\u0161ak i p\u0159i vypnut\u00ed v\u0161ech soubor\u016f cookie v\u00e1\u0161 prohl\u00ed\u017ee\u010d st\u00e1le obdr\u017e\u00ed ur\u010dit\u00e9 informace, kter\u00e9 jsou pot\u0159ebn\u00e9 pro z\u00e1kladn\u00ed provoz na\u0161eho webu.<\/p>\n","protected":false},"excerpt":{"rendered":"<p>Co jsou cookies? Cookies jsou mal\u00e9 textov\u00e9 soubory ulo\u017een\u00e9 na va\u0161em po\u010d\u00edta\u010di, kter\u00e9 slou\u017e\u00ed k ukl\u00e1d\u00e1n\u00ed informac\u00ed o tom, kolikr\u00e1t jste nav\u0161t\u00edvili na\u0161i webovou str\u00e1nku a o tom, o \u010dem jste byli b\u011bhem t\u011bchto n\u00e1v\u0161t\u011bv zaujati. Soubory cookie neobsahuj\u00ed \u017e\u00e1dn\u00e9 osobn\u00ed informace, kter\u00e9 by mohly b\u00fdt pou\u017eity k va\u0161\u00ed identifikaci. Pro\u010d jsou cookies nezbytn\u00e9? Soubory&hellip;&nbsp;<a href=\"https:\/\/staging.zipline-dolinka.si\/cs\/cookies\/\" class=\"\" rel=\"bookmark\">\u010c\u00edst v\u00edce &raquo;<span class=\"screen-reader-text\">Cookies<\/span><\/a><\/p>\n","protected":false},"author":2,"featured_media":0,"parent":0,"menu_order":11,"comment_status":"closed","ping_status":"open","template":"","meta":{"neve_meta_sidebar":"","neve_meta_container":"","neve_meta_enable_content_width":"","neve_meta_content_width":0,"neve_meta_title_alignment":"","neve_meta_author_avatar":"","neve_post_elements_order":"","neve_meta_disable_header":"","neve_meta_disable_footer":"","neve_meta_disable_title":"","neve_meta_reading_time":"","_themeisle_gutenberg_block_has_review":false,"_ti_tpc_template_sync":false,"_ti_tpc_template_id":"","footnotes":""},"class_list":["post-3117","page","type-page","status-publish","hentry"],"yoast_head":"<!-- This site is optimized with the Yoast SEO plugin v20.8 - https:\/\/yoast.com\/wordpress\/plugins\/seo\/ -->\n<title>Cookies - Zipline Dolinka<\/title>\n<meta name=\"robots\" content=\"index, follow, max-snippet:-1, max-image-preview:large, max-video-preview:-1\" \/>\n<link rel=\"canonical\" href=\"https:\/\/staging.zipline-dolinka.si\/cs\/cookies\/\" \/>\n<meta property=\"og:locale\" content=\"cs_CZ\" \/>\n<meta property=\"og:type\" content=\"article\" \/>\n<meta property=\"og:title\" content=\"Cookies - Zipline Dolinka\" \/>\n<meta property=\"og:description\" content=\"Co jsou cookies? Cookies jsou mal\u00e9 textov\u00e9 soubory ulo\u017een\u00e9 na va\u0161em po\u010d\u00edta\u010di, kter\u00e9 slou\u017e\u00ed k ukl\u00e1d\u00e1n\u00ed informac\u00ed o tom, kolikr\u00e1t jste nav\u0161t\u00edvili na\u0161i webovou str\u00e1nku a o tom, o \u010dem jste byli b\u011bhem t\u011bchto n\u00e1v\u0161t\u011bv zaujati. Soubory cookie neobsahuj\u00ed \u017e\u00e1dn\u00e9 osobn\u00ed informace, kter\u00e9 by mohly b\u00fdt pou\u017eity k va\u0161\u00ed identifikaci. Pro\u010d jsou cookies nezbytn\u00e9? Soubory&hellip;&nbsp;\u010c\u00edst v\u00edce &raquo;Cookies\" \/>\n<meta property=\"og:url\" content=\"https:\/\/staging.zipline-dolinka.si\/cs\/cookies\/\" \/>\n<meta property=\"og:site_name\" content=\"Zipline Dolinka\" \/>\n<meta property=\"article:publisher\" content=\"https:\/\/www.facebook.com\/ZiplineDolinka\/\" \/>\n<meta property=\"article:modified_time\" content=\"2023-06-15T10:28:33+00:00\" \/>\n<meta name=\"twitter:card\" content=\"summary_large_image\" \/>\n<meta name=\"twitter:label1\" content=\"Odhadovan\u00e1 doba \u010dten\u00ed\" \/>\n\t<meta name=\"twitter:data1\" content=\"2 minuty\" \/>\n<script type=\"application\/ld+json\" class=\"yoast-schema-graph\">{\"@context\":\"https:\/\/schema.org\",\"@graph\":[{\"@type\":\"WebPage\",\"@id\":\"https:\/\/staging.zipline-dolinka.si\/cs\/cookies\/\",\"url\":\"https:\/\/staging.zipline-dolinka.si\/cs\/cookies\/\",\"name\":\"Cookies - Zipline Dolinka\",\"isPartOf\":{\"@id\":\"https:\/\/staging.zipline-dolinka.si\/cs\/#website\"},\"datePublished\":\"2022-05-27T09:43:26+00:00\",\"dateModified\":\"2023-06-15T10:28:33+00:00\",\"breadcrumb\":{\"@id\":\"https:\/\/staging.zipline-dolinka.si\/cs\/cookies\/#breadcrumb\"},\"inLanguage\":\"cs\",\"potentialAction\":[{\"@type\":\"ReadAction\",\"target\":[\"https:\/\/staging.zipline-dolinka.si\/cs\/cookies\/\"]}]},{\"@type\":\"BreadcrumbList\",\"@id\":\"https:\/\/staging.zipline-dolinka.si\/cs\/cookies\/#breadcrumb\",\"itemListElement\":[{\"@type\":\"ListItem\",\"position\":1,\"name\":\"\u00davodn\u00ed str\u00e1nka\",\"item\":\"https:\/\/staging.zipline-dolinka.si\/cs\/\"},{\"@type\":\"ListItem\",\"position\":2,\"name\":\"Cookies\"}]},{\"@type\":\"WebSite\",\"@id\":\"https:\/\/staging.zipline-dolinka.si\/cs\/#website\",\"url\":\"https:\/\/staging.zipline-dolinka.si\/cs\/\",\"name\":\"Zipline Dolinka\",\"description\":\"The Longest Zipline in Europe\",\"publisher\":{\"@id\":\"https:\/\/staging.zipline-dolinka.si\/cs\/#organization\"},\"potentialAction\":[{\"@type\":\"SearchAction\",\"target\":{\"@type\":\"EntryPoint\",\"urlTemplate\":\"https:\/\/staging.zipline-dolinka.si\/cs\/?s={search_term_string}\"},\"query-input\":\"required name=search_term_string\"}],\"inLanguage\":\"cs\"},{\"@type\":\"Organization\",\"@id\":\"https:\/\/staging.zipline-dolinka.si\/cs\/#organization\",\"name\":\"Zipline Dolinka Bled\",\"url\":\"https:\/\/staging.zipline-dolinka.si\/cs\/\",\"logo\":{\"@type\":\"ImageObject\",\"inLanguage\":\"cs\",\"@id\":\"https:\/\/staging.zipline-dolinka.si\/cs\/#\/schema\/logo\/image\/\",\"url\":\"https:\/\/staging.zipline-dolinka.si\/wp-content\/uploads\/2022\/05\/cropped-ziplinedolonka-favicon.png\",\"contentUrl\":\"https:\/\/staging.zipline-dolinka.si\/wp-content\/uploads\/2022\/05\/cropped-ziplinedolonka-favicon.png\",\"width\":512,\"height\":512,\"caption\":\"Zipline Dolinka Bled\"},\"image\":{\"@id\":\"https:\/\/staging.zipline-dolinka.si\/cs\/#\/schema\/logo\/image\/\"},\"sameAs\":[\"https:\/\/www.facebook.com\/ZiplineDolinka\/\",\"https:\/\/www.tripadvisor.com\/Attraction_Review-g274863-d14139627-Reviews-Zipline_Dolinka-Bled_Upper_Carniola_Region.html\"]}]}<\/script>\n<!-- \/ Yoast SEO plugin. -->","yoast_head_json":{"title":"Cookies - Zipline Dolinka","robots":{"index":"index","follow":"follow","max-snippet":"max-snippet:-1","max-image-preview":"max-image-preview:large","max-video-preview":"max-video-preview:-1"},"canonical":"https:\/\/staging.zipline-dolinka.si\/cs\/cookies\/","og_locale":"cs_CZ","og_type":"article","og_title":"Cookies - Zipline Dolinka","og_description":"Co jsou cookies? Cookies jsou mal\u00e9 textov\u00e9 soubory ulo\u017een\u00e9 na va\u0161em po\u010d\u00edta\u010di, kter\u00e9 slou\u017e\u00ed k ukl\u00e1d\u00e1n\u00ed informac\u00ed o tom, kolikr\u00e1t jste nav\u0161t\u00edvili na\u0161i webovou str\u00e1nku a o tom, o \u010dem jste byli b\u011bhem t\u011bchto n\u00e1v\u0161t\u011bv zaujati. Soubory cookie neobsahuj\u00ed \u017e\u00e1dn\u00e9 osobn\u00ed informace, kter\u00e9 by mohly b\u00fdt pou\u017eity k va\u0161\u00ed identifikaci. Pro\u010d jsou cookies nezbytn\u00e9? Soubory&hellip;&nbsp;\u010c\u00edst v\u00edce &raquo;Cookies","og_url":"https:\/\/staging.zipline-dolinka.si\/cs\/cookies\/","og_site_name":"Zipline Dolinka","article_publisher":"https:\/\/www.facebook.com\/ZiplineDolinka\/","article_modified_time":"2023-06-15T10:28:33+00:00","twitter_card":"summary_large_image","twitter_misc":{"Odhadovan\u00e1 doba \u010dten\u00ed":"2 minuty"},"schema":{"@context":"https:\/\/schema.org","@graph":[{"@type":"WebPage","@id":"https:\/\/staging.zipline-dolinka.si\/cs\/cookies\/","url":"https:\/\/staging.zipline-dolinka.si\/cs\/cookies\/","name":"Cookies - Zipline Dolinka","isPartOf":{"@id":"https:\/\/staging.zipline-dolinka.si\/cs\/#website"},"datePublished":"2022-05-27T09:43:26+00:00","dateModified":"2023-06-15T10:28:33+00:00","breadcrumb":{"@id":"https:\/\/staging.zipline-dolinka.si\/cs\/cookies\/#breadcrumb"},"inLanguage":"cs","potentialAction":[{"@type":"ReadAction","target":["https:\/\/staging.zipline-dolinka.si\/cs\/cookies\/"]}]},{"@type":"BreadcrumbList","@id":"https:\/\/staging.zipline-dolinka.si\/cs\/cookies\/#breadcrumb","itemListElement":[{"@type":"ListItem","position":1,"name":"\u00davodn\u00ed str\u00e1nka","item":"https:\/\/staging.zipline-dolinka.si\/cs\/"},{"@type":"ListItem","position":2,"name":"Cookies"}]},{"@type":"WebSite","@id":"https:\/\/staging.zipline-dolinka.si\/cs\/#website","url":"https:\/\/staging.zipline-dolinka.si\/cs\/","name":"Zipline Dolinka","description":"The Longest Zipline in Europe","publisher":{"@id":"https:\/\/staging.zipline-dolinka.si\/cs\/#organization"},"potentialAction":[{"@type":"SearchAction","target":{"@type":"EntryPoint","urlTemplate":"https:\/\/staging.zipline-dolinka.si\/cs\/?s={search_term_string}"},"query-input":"required name=search_term_string"}],"inLanguage":"cs"},{"@type":"Organization","@id":"https:\/\/staging.zipline-dolinka.si\/cs\/#organization","name":"Zipline Dolinka Bled","url":"https:\/\/staging.zipline-dolinka.si\/cs\/","logo":{"@type":"ImageObject","inLanguage":"cs","@id":"https:\/\/staging.zipline-dolinka.si\/cs\/#\/schema\/logo\/image\/","url":"https:\/\/staging.zipline-dolinka.si\/wp-content\/uploads\/2022\/05\/cropped-ziplinedolonka-favicon.png","contentUrl":"https:\/\/staging.zipline-dolinka.si\/wp-content\/uploads\/2022\/05\/cropped-ziplinedolonka-favicon.png","width":512,"height":512,"caption":"Zipline Dolinka Bled"},"image":{"@id":"https:\/\/staging.zipline-dolinka.si\/cs\/#\/schema\/logo\/image\/"},"sameAs":["https:\/\/www.facebook.com\/ZiplineDolinka\/","https:\/\/www.tripadvisor.com\/Attraction_Review-g274863-d14139627-Reviews-Zipline_Dolinka-Bled_Upper_Carniola_Region.html"]}]}},"_links":{"self":[{"href":"https:\/\/staging.zipline-dolinka.si\/cs\/wp-json\/wp\/v2\/pages\/3117","targetHints":{"allow":["GET"]}}],"collection":[{"href":"https:\/\/staging.zipline-dolinka.si\/cs\/wp-json\/wp\/v2\/pages"}],"about":[{"href":"https:\/\/staging.zipline-dolinka.si\/cs\/wp-json\/wp\/v2\/types\/page"}],"author":[{"embeddable":true,"href":"https:\/\/staging.zipline-dolinka.si\/cs\/wp-json\/wp\/v2\/users\/2"}],"replies":[{"embeddable":true,"href":"https:\/\/staging.zipline-dolinka.si\/cs\/wp-json\/wp\/v2\/comments?post=3117"}],"version-history":[{"count":0,"href":"https:\/\/staging.zipline-dolinka.si\/cs\/wp-json\/wp\/v2\/pages\/3117\/revisions"}],"wp:attachment":[{"href":"https:\/\/staging.zipline-dolinka.si\/cs\/wp-json\/wp\/v2\/media?parent=3117"}],"curies":[{"name":"wp","href":"https:\/\/api.w.org\/{rel}","templated":true}]}}