{"id":3332,"date":"2022-06-15T18:44:24","date_gmt":"2022-06-15T18:44:24","guid":{"rendered":"https:\/\/staging.zipline-dolinka.si\/?page_id=3332"},"modified":"2023-06-28T10:11:10","modified_gmt":"2023-06-28T10:11:10","slug":"klasicky-vylet-zipline-dolinka","status":"publish","type":"page","link":"https:\/\/staging.zipline-dolinka.si\/cs\/prohlidka-nebo-vylet\/klasicky-vylet-zipline-dolinka\/","title":{"rendered":"Klasick\u00fd v\u00fdlet Zipline Dolinka"},"content":{"rendered":"\n<div id=\"wp-block-themeisle-blocks-advanced-columns-832f3724\" class=\"wp-block-themeisle-blocks-advanced-columns has-2-columns has-desktop-equal-layout has-tablet-equal-layout has-mobile-collapsedRows-layout has-vertical-unset\"><div class=\"wp-block-themeisle-blocks-advanced-columns-overlay\"><\/div><div class=\"innerblocks-wrap\">\n<div id=\"wp-block-themeisle-blocks-advanced-column-0d8c41df\" class=\"wp-block-themeisle-blocks-advanced-column\">\n\n\n\n<script>\nga(function (tracker) {\n \/\/ Gets the client ID of the default tracker.\n var clientId = tracker.get('clientId');\n\n\n \/\/ Gets the Checkfront iframe.\n var checkfrontIframe = document.getElementById('CHECKFRONT_WIDGET_01').getElementsByTagName('iframe')[0]; \n\n\n \/\/ Sends the client ID to the window inside the destination frame, once it's loaded.\n checkfrontIframe.addEventListener(\"load\", function () {\n this.contentWindow.postMessage(clientId, 'https:\/\/zipline-dolinka.checkfront.com');\n });\n});\n<\/script>\n<\/div>\n\n\n\n<div id=\"wp-block-themeisle-blocks-advanced-column-f504d8eb\" class=\"wp-block-themeisle-blocks-advanced-column\">\n<p>Pono\u0159te se do kr\u00e1sy p\u0159\u00edrody a vzru\u0161en\u00ed z dobrodru\u017estv\u00ed s na\u0161\u00ed Klasickou vstupenkou na Zipline Dolinka. Tato pe\u010dliv\u011b vytvo\u0159en\u00e1 zku\u0161enost harmonicky spojuje vzru\u0161uj\u00edc\u00ed j\u00edzdy na lanovce se \u00fa\u017easnou scen\u00e9ri\u00ed \u00fadol\u00ed, kde \u0159eka elegantn\u011b prot\u00e9k\u00e1 bujn\u00fdmi lesy a kvetouc\u00edmi mok\u0159ady. Jak se proh\u00e1n\u00edte vzduchem, okouzluj\u00edc\u00ed krajina pod v\u00e1mi slou\u017e\u00ed jako siln\u00fd sv\u011bdek kr\u00e1sy p\u0159\u00edrodn\u00ed koexistence, co\u017e \u010dasto inspiruje hosty k p\u0159ijet\u00ed udr\u017eiteln\u011bj\u0161\u00edch postoj\u016f.<\/p>\n\n\n\n<p>Klasick\u00e1 vstupenka na Zipline Dolinka je v\u00edce ne\u017e jen v\u00fdlet na lanovce &#8211; je to outdoorov\u00fd z\u00e1\u017eitek navr\u017een\u00fd tak, aby vzbudil vzru\u0161en\u00ed a osv\u00edtil. Vyraz\u00edte na 4 km adrenalinovou j\u00edzdu na 7 jedine\u010dn\u00fdch lanovk\u00e1ch, kter\u00e9 jsou prolo\u017eeny cestou s ekologick\u00fdm uv\u011bdom\u011bn\u00edm \u00fadol\u00edm \u0159eky Sava Dolinka.<\/p>\n\n\n\n<p>Tour tak\u00e9 zahrnuje n\u011bkolik zast\u00e1vek poskytuj\u00edc\u00edch fascinuj\u00edc\u00ed vhledy do m\u00edstn\u00ed fl\u00f3ry a fauny a prezentuj\u00edc\u00edch n\u00e1dhern\u00fd v\u00fdhled na vrcholky hory Triglav, Stolu a Babji Zob. Cel\u00fd v\u00fdlet, p\u0159ekypuj\u00edc\u00ed vzru\u0161en\u00edm a p\u0159\u00edrodn\u00ed kr\u00e1sou, trv\u00e1 p\u0159ibli\u017en\u011b 2,5 hodiny.<\/p>\n<\/div>\n<\/div><\/div>\n","protected":false},"excerpt":{"rendered":"","protected":false},"author":1,"featured_media":0,"parent":3119,"menu_order":2,"comment_status":"closed","ping_status":"closed","template":"","meta":{"neve_meta_sidebar":"","neve_meta_container":"","neve_meta_enable_content_width":"","neve_meta_content_width":0,"neve_meta_title_alignment":"","neve_meta_author_avatar":"","neve_post_elements_order":"","neve_meta_disable_header":"","neve_meta_disable_footer":"","neve_meta_disable_title":"","neve_meta_reading_time":"","_themeisle_gutenberg_block_has_review":false,"_ti_tpc_template_sync":false,"_ti_tpc_template_id":"","footnotes":""},"class_list":["post-3332","page","type-page","status-publish","hentry"],"yoast_head":"<!-- This site is optimized with the Yoast SEO plugin v20.8 - https:\/\/yoast.com\/wordpress\/plugins\/seo\/ -->\n<title>Klasick\u00fd v\u00fdlet Zipline Dolinka - Zipline Dolinka<\/title>\n<meta name=\"robots\" content=\"index, follow, max-snippet:-1, max-image-preview:large, max-video-preview:-1\" \/>\n<link rel=\"canonical\" href=\"https:\/\/staging.zipline-dolinka.si\/cs\/prohlidka-nebo-vylet\/klasicky-vylet-zipline-dolinka\/\" \/>\n<meta property=\"og:locale\" content=\"cs_CZ\" \/>\n<meta property=\"og:type\" content=\"article\" \/>\n<meta property=\"og:title\" content=\"Klasick\u00fd v\u00fdlet Zipline Dolinka - Zipline Dolinka\" \/>\n<meta property=\"og:url\" content=\"https:\/\/staging.zipline-dolinka.si\/cs\/prohlidka-nebo-vylet\/klasicky-vylet-zipline-dolinka\/\" \/>\n<meta property=\"og:site_name\" content=\"Zipline Dolinka\" \/>\n<meta property=\"article:publisher\" content=\"https:\/\/www.facebook.com\/ZiplineDolinka\/\" \/>\n<meta property=\"article:modified_time\" content=\"2023-06-28T10:11:10+00:00\" \/>\n<meta name=\"twitter:card\" content=\"summary_large_image\" \/>\n<meta name=\"twitter:label1\" content=\"Odhadovan\u00e1 doba \u010dten\u00ed\" \/>\n\t<meta name=\"twitter:data1\" content=\"1 minuta\" \/>\n<script type=\"application\/ld+json\" class=\"yoast-schema-graph\">{\"@context\":\"https:\/\/schema.org\",\"@graph\":[{\"@type\":\"WebPage\",\"@id\":\"https:\/\/staging.zipline-dolinka.si\/cs\/prohlidka-nebo-vylet\/klasicky-vylet-zipline-dolinka\/\",\"url\":\"https:\/\/staging.zipline-dolinka.si\/cs\/prohlidka-nebo-vylet\/klasicky-vylet-zipline-dolinka\/\",\"name\":\"Klasick\u00fd v\u00fdlet Zipline Dolinka - Zipline Dolinka\",\"isPartOf\":{\"@id\":\"https:\/\/staging.zipline-dolinka.si\/cs\/#website\"},\"datePublished\":\"2022-06-15T18:44:24+00:00\",\"dateModified\":\"2023-06-28T10:11:10+00:00\",\"breadcrumb\":{\"@id\":\"https:\/\/staging.zipline-dolinka.si\/cs\/prohlidka-nebo-vylet\/klasicky-vylet-zipline-dolinka\/#breadcrumb\"},\"inLanguage\":\"cs\",\"potentialAction\":[{\"@type\":\"ReadAction\",\"target\":[\"https:\/\/staging.zipline-dolinka.si\/cs\/prohlidka-nebo-vylet\/klasicky-vylet-zipline-dolinka\/\"]}]},{\"@type\":\"BreadcrumbList\",\"@id\":\"https:\/\/staging.zipline-dolinka.si\/cs\/prohlidka-nebo-vylet\/klasicky-vylet-zipline-dolinka\/#breadcrumb\",\"itemListElement\":[{\"@type\":\"ListItem\",\"position\":1,\"name\":\"\u00davodn\u00ed str\u00e1nka\",\"item\":\"https:\/\/staging.zipline-dolinka.si\/cs\/\"},{\"@type\":\"ListItem\",\"position\":2,\"name\":\"Prohl\u00eddka nebo v\u00fdlet\",\"item\":\"https:\/\/staging.zipline-dolinka.si\/cs\/prohlidka-nebo-vylet\/\"},{\"@type\":\"ListItem\",\"position\":3,\"name\":\"Klasick\u00fd v\u00fdlet Zipline Dolinka\"}]},{\"@type\":\"WebSite\",\"@id\":\"https:\/\/staging.zipline-dolinka.si\/cs\/#website\",\"url\":\"https:\/\/staging.zipline-dolinka.si\/cs\/\",\"name\":\"Zipline Dolinka\",\"description\":\"The Longest Zipline in Europe\",\"publisher\":{\"@id\":\"https:\/\/staging.zipline-dolinka.si\/cs\/#organization\"},\"potentialAction\":[{\"@type\":\"SearchAction\",\"target\":{\"@type\":\"EntryPoint\",\"urlTemplate\":\"https:\/\/staging.zipline-dolinka.si\/cs\/?s={search_term_string}\"},\"query-input\":\"required name=search_term_string\"}],\"inLanguage\":\"cs\"},{\"@type\":\"Organization\",\"@id\":\"https:\/\/staging.zipline-dolinka.si\/cs\/#organization\",\"name\":\"Zipline Dolinka Bled\",\"url\":\"https:\/\/staging.zipline-dolinka.si\/cs\/\",\"logo\":{\"@type\":\"ImageObject\",\"inLanguage\":\"cs\",\"@id\":\"https:\/\/staging.zipline-dolinka.si\/cs\/#\/schema\/logo\/image\/\",\"url\":\"https:\/\/staging.zipline-dolinka.si\/wp-content\/uploads\/2022\/05\/cropped-ziplinedolonka-favicon.png\",\"contentUrl\":\"https:\/\/staging.zipline-dolinka.si\/wp-content\/uploads\/2022\/05\/cropped-ziplinedolonka-favicon.png\",\"width\":512,\"height\":512,\"caption\":\"Zipline Dolinka Bled\"},\"image\":{\"@id\":\"https:\/\/staging.zipline-dolinka.si\/cs\/#\/schema\/logo\/image\/\"},\"sameAs\":[\"https:\/\/www.facebook.com\/ZiplineDolinka\/\",\"https:\/\/www.tripadvisor.com\/Attraction_Review-g274863-d14139627-Reviews-Zipline_Dolinka-Bled_Upper_Carniola_Region.html\"]}]}<\/script>\n<!-- \/ Yoast SEO plugin. -->","yoast_head_json":{"title":"Klasick\u00fd v\u00fdlet Zipline Dolinka - Zipline Dolinka","robots":{"index":"index","follow":"follow","max-snippet":"max-snippet:-1","max-image-preview":"max-image-preview:large","max-video-preview":"max-video-preview:-1"},"canonical":"https:\/\/staging.zipline-dolinka.si\/cs\/prohlidka-nebo-vylet\/klasicky-vylet-zipline-dolinka\/","og_locale":"cs_CZ","og_type":"article","og_title":"Klasick\u00fd v\u00fdlet Zipline Dolinka - Zipline Dolinka","og_url":"https:\/\/staging.zipline-dolinka.si\/cs\/prohlidka-nebo-vylet\/klasicky-vylet-zipline-dolinka\/","og_site_name":"Zipline Dolinka","article_publisher":"https:\/\/www.facebook.com\/ZiplineDolinka\/","article_modified_time":"2023-06-28T10:11:10+00:00","twitter_card":"summary_large_image","twitter_misc":{"Odhadovan\u00e1 doba \u010dten\u00ed":"1 minuta"},"schema":{"@context":"https:\/\/schema.org","@graph":[{"@type":"WebPage","@id":"https:\/\/staging.zipline-dolinka.si\/cs\/prohlidka-nebo-vylet\/klasicky-vylet-zipline-dolinka\/","url":"https:\/\/staging.zipline-dolinka.si\/cs\/prohlidka-nebo-vylet\/klasicky-vylet-zipline-dolinka\/","name":"Klasick\u00fd v\u00fdlet Zipline Dolinka - Zipline Dolinka","isPartOf":{"@id":"https:\/\/staging.zipline-dolinka.si\/cs\/#website"},"datePublished":"2022-06-15T18:44:24+00:00","dateModified":"2023-06-28T10:11:10+00:00","breadcrumb":{"@id":"https:\/\/staging.zipline-dolinka.si\/cs\/prohlidka-nebo-vylet\/klasicky-vylet-zipline-dolinka\/#breadcrumb"},"inLanguage":"cs","potentialAction":[{"@type":"ReadAction","target":["https:\/\/staging.zipline-dolinka.si\/cs\/prohlidka-nebo-vylet\/klasicky-vylet-zipline-dolinka\/"]}]},{"@type":"BreadcrumbList","@id":"https:\/\/staging.zipline-dolinka.si\/cs\/prohlidka-nebo-vylet\/klasicky-vylet-zipline-dolinka\/#breadcrumb","itemListElement":[{"@type":"ListItem","position":1,"name":"\u00davodn\u00ed str\u00e1nka","item":"https:\/\/staging.zipline-dolinka.si\/cs\/"},{"@type":"ListItem","position":2,"name":"Prohl\u00eddka nebo v\u00fdlet","item":"https:\/\/staging.zipline-dolinka.si\/cs\/prohlidka-nebo-vylet\/"},{"@type":"ListItem","position":3,"name":"Klasick\u00fd v\u00fdlet Zipline Dolinka"}]},{"@type":"WebSite","@id":"https:\/\/staging.zipline-dolinka.si\/cs\/#website","url":"https:\/\/staging.zipline-dolinka.si\/cs\/","name":"Zipline Dolinka","description":"The Longest Zipline in Europe","publisher":{"@id":"https:\/\/staging.zipline-dolinka.si\/cs\/#organization"},"potentialAction":[{"@type":"SearchAction","target":{"@type":"EntryPoint","urlTemplate":"https:\/\/staging.zipline-dolinka.si\/cs\/?s={search_term_string}"},"query-input":"required name=search_term_string"}],"inLanguage":"cs"},{"@type":"Organization","@id":"https:\/\/staging.zipline-dolinka.si\/cs\/#organization","name":"Zipline Dolinka Bled","url":"https:\/\/staging.zipline-dolinka.si\/cs\/","logo":{"@type":"ImageObject","inLanguage":"cs","@id":"https:\/\/staging.zipline-dolinka.si\/cs\/#\/schema\/logo\/image\/","url":"https:\/\/staging.zipline-dolinka.si\/wp-content\/uploads\/2022\/05\/cropped-ziplinedolonka-favicon.png","contentUrl":"https:\/\/staging.zipline-dolinka.si\/wp-content\/uploads\/2022\/05\/cropped-ziplinedolonka-favicon.png","width":512,"height":512,"caption":"Zipline Dolinka Bled"},"image":{"@id":"https:\/\/staging.zipline-dolinka.si\/cs\/#\/schema\/logo\/image\/"},"sameAs":["https:\/\/www.facebook.com\/ZiplineDolinka\/","https:\/\/www.tripadvisor.com\/Attraction_Review-g274863-d14139627-Reviews-Zipline_Dolinka-Bled_Upper_Carniola_Region.html"]}]}},"_links":{"self":[{"href":"https:\/\/staging.zipline-dolinka.si\/cs\/wp-json\/wp\/v2\/pages\/3332","targetHints":{"allow":["GET"]}}],"collection":[{"href":"https:\/\/staging.zipline-dolinka.si\/cs\/wp-json\/wp\/v2\/pages"}],"about":[{"href":"https:\/\/staging.zipline-dolinka.si\/cs\/wp-json\/wp\/v2\/types\/page"}],"author":[{"embeddable":true,"href":"https:\/\/staging.zipline-dolinka.si\/cs\/wp-json\/wp\/v2\/users\/1"}],"replies":[{"embeddable":true,"href":"https:\/\/staging.zipline-dolinka.si\/cs\/wp-json\/wp\/v2\/comments?post=3332"}],"version-history":[{"count":0,"href":"https:\/\/staging.zipline-dolinka.si\/cs\/wp-json\/wp\/v2\/pages\/3332\/revisions"}],"up":[{"embeddable":true,"href":"https:\/\/staging.zipline-dolinka.si\/cs\/wp-json\/wp\/v2\/pages\/3119"}],"wp:attachment":[{"href":"https:\/\/staging.zipline-dolinka.si\/cs\/wp-json\/wp\/v2\/media?parent=3332"}],"curies":[{"name":"wp","href":"https:\/\/api.w.org\/{rel}","templated":true}]}}