{"id":2620,"date":"2022-05-27T09:43:26","date_gmt":"2022-05-27T09:43:26","guid":{"rendered":"https:\/\/staging.zipline-dolinka.si\/?page_id=2620"},"modified":"2023-06-13T10:37:18","modified_gmt":"2023-06-13T10:37:18","slug":"cookies","status":"publish","type":"page","link":"https:\/\/staging.zipline-dolinka.si\/es\/cookies\/","title":{"rendered":"Cookies"},"content":{"rendered":"\n<h2 class=\"wp-block-heading\">\u00bfQu\u00e9 son las cookies?<\/h2>\n\n\n\n<p>Las Cookies son peque\u00f1os archivos de texto dentro de tu ordenador que se usan para guardar informaci\u00f3n sobre cu\u00e1ntas veces ha visitado nuestra p\u00e1gina web y qu\u00e9 es lo que m\u00e1s te ha interesado en esas visitas. Las Cookies no contienen informaci\u00f3n personal que pudiera ser utilizada para identificarle<\/p>\n\n\n\n<h2 class=\"wp-block-heading\">\u00bfPor qu\u00e9 son necesarias las cookies?<\/h2>\n\n\n\n<p>Las Cookies nos ayudan a darle una mejor experiencia en nuestra p\u00e1gina web.<\/p>\n\n\n\n<p>Por ejemplo, las cookies pueden grabar tus preferencias y ajustes, entradas en formularios online e informaci\u00f3n para los usuarios registrados<\/p>\n\n\n\n<p>Las funciones b\u00e1sicas de e-business ser\u00edan imposibles sin las cookies. Para ser m\u00e1s espec\u00edficos, las tiendas online utilizan las cookies para guardar productos en la cesta de compra, recordar los productos favoritos, otra informaci\u00f3n sobre compras, etc.<\/p>\n\n\n\n<p>Las cookies nos permiten llevar un control estad\u00edstico, los cuales nos ayudan a encontrar y corregir errores y ofrecer un mejor contenido o un servicio m\u00e1s adecuado en las siguientes visitas a nuestra p\u00e1gina web<\/p>\n\n\n\n<p>A trav\u00e9s de las cookies, cualquier socio publicitario puede ofrecerle anuncios m\u00e1s relevantes para usted<\/p>\n\n\n\n<p>Algunas cookies son vitales para el desarrollo de la p\u00e1gina web, mientras que otras solamente se guardan con su consentimiento<\/p>\n\n\n\n<h2 class=\"wp-block-heading\">Lista de cookies<\/h2>\n\n\n\n<figure class=\"wp-block-table\"><table><thead><tr><th>Nombre de Cookie<\/th><th>Prop\u00f3sito<\/th><th>Duraci\u00f3n<\/th><th>Origen<\/th><\/tr><\/thead><tbody><tr><td>_utma<\/td><td>Estad\u00edsticas sobre las visitas\u00a0de la p\u00e1gina web<\/td><td>2 a\u00f1os<\/td><td>Google Analytics<\/td><\/tr><tr><td>_utmb<\/td><td>Estad\u00edsticas sobre las visitas\u00a0de la p\u00e1gina web<\/td><td>30 minutos<\/td><td>Google Analytics<\/td><\/tr><tr><td>_utmc<\/td><td>Estad\u00edsticas sobre las visitas\u00a0de la p\u00e1gina web<\/td><td>Hasta que se cierre el navegador\u00a0\u00a0\u00a0\u00a0\u00a0\u00a0<\/td><td>Google Analytics<\/td><\/tr><tr><td>_utmz<\/td><td>Estad\u00edsticas sobre las visitas\u00a0de la p\u00e1gina web<\/td><td>6 meses<\/td><td>Google Analytics<\/td><\/tr><\/tbody><\/table><\/figure>\n\n\n\n<h2 class=\"wp-block-heading\">Desactivaci\u00f3n de las cookies<\/h2>\n\n\n\n<p>La mayor\u00eda de los navegadores acepta las cookies de manera autom\u00e1tica. Usted puede desactivar las cookies en cualquier momento cambiando los ajustes de su navegador. La informaci\u00f3n sobre los ajustes de cookies en los respectivos navegadores est\u00e1 disponible en los siguientes enlaces:<\/p>\n\n\n\n<ul class=\"wp-block-list\">\n<li><a href=\"https:\/\/support.google.com\/chrome\/answer\/95647?hl=en&amp;p=cpn_cookies\" target=\"_blank\" rel=\"noreferrer noopener\">Chrome<\/a><\/li>\n\n\n\n<li><a href=\"http:\/\/support.mozilla.org\/en-US\/kb\/enable-and-disable-cookies-website-preferences\" target=\"_blank\" rel=\"noreferrer noopener\">Firefox<\/a><\/li>\n\n\n\n<li><a href=\"http:\/\/windows.microsoft.com\/en-us\/windows-vista\/block-or-allow-cookies\" target=\"_blank\" rel=\"noreferrer noopener\">Internet Explorer<\/a><\/li>\n\n\n\n<li><a href=\"http:\/\/www.opera.com\/help\/tutorials\/security\/privacy\/\" target=\"_blank\" rel=\"noreferrer noopener\">Opera<\/a><\/li>\n\n\n\n<li><a href=\"http:\/\/www.apple.com\/support\/safari\/\" target=\"_blank\" rel=\"noreferrer noopener\">Safari<\/a><\/li>\n<\/ul>\n\n\n\n<p>Apagando las cookies evitar\u00e1 que la p\u00e1gina web funcione correctamente o que se deshabiliten algunas de sus caracter\u00edsticas. De todas maneras, incluso con todas las cookies inhabilitadas, su navegador seguir\u00e1 recibiendo cierta informaci\u00f3n requerida para el funcionamiento\u00a0<\/p>\n","protected":false},"excerpt":{"rendered":"<p>\u00bfQu\u00e9 son las cookies? Las Cookies son peque\u00f1os archivos de texto dentro de tu ordenador que se usan para guardar informaci\u00f3n sobre cu\u00e1ntas veces ha visitado nuestra p\u00e1gina web y qu\u00e9 es lo que m\u00e1s te ha interesado en esas visitas. Las Cookies no contienen informaci\u00f3n personal que pudiera ser utilizada para identificarle \u00bfPor qu\u00e9&hellip;&nbsp;<a href=\"https:\/\/staging.zipline-dolinka.si\/es\/cookies\/\" class=\"\" rel=\"bookmark\">Leer m\u00e1s &raquo;<span class=\"screen-reader-text\">Cookies<\/span><\/a><\/p>\n","protected":false},"author":2,"featured_media":0,"parent":0,"menu_order":11,"comment_status":"closed","ping_status":"open","template":"","meta":{"neve_meta_sidebar":"","neve_meta_container":"","neve_meta_enable_content_width":"","neve_meta_content_width":0,"neve_meta_title_alignment":"","neve_meta_author_avatar":"","neve_post_elements_order":"","neve_meta_disable_header":"","neve_meta_disable_footer":"","neve_meta_disable_title":"","neve_meta_reading_time":"","_themeisle_gutenberg_block_has_review":false,"_ti_tpc_template_sync":false,"_ti_tpc_template_id":"","footnotes":""},"class_list":["post-2620","page","type-page","status-publish","hentry"],"yoast_head":"<!-- This site is optimized with the Yoast SEO plugin v20.8 - https:\/\/yoast.com\/wordpress\/plugins\/seo\/ -->\n<title>Cookies - Zipline Dolinka<\/title>\n<meta name=\"robots\" content=\"index, follow, max-snippet:-1, max-image-preview:large, max-video-preview:-1\" \/>\n<link rel=\"canonical\" href=\"https:\/\/staging.zipline-dolinka.si\/es\/cookies\/\" \/>\n<meta property=\"og:locale\" content=\"es_ES\" \/>\n<meta property=\"og:type\" content=\"article\" \/>\n<meta property=\"og:title\" content=\"Cookies - Zipline Dolinka\" \/>\n<meta property=\"og:description\" content=\"\u00bfQu\u00e9 son las cookies? Las Cookies son peque\u00f1os archivos de texto dentro de tu ordenador que se usan para guardar informaci\u00f3n sobre cu\u00e1ntas veces ha visitado nuestra p\u00e1gina web y qu\u00e9 es lo que m\u00e1s te ha interesado en esas visitas. Las Cookies no contienen informaci\u00f3n personal que pudiera ser utilizada para identificarle \u00bfPor qu\u00e9&hellip;&nbsp;Leer m\u00e1s &raquo;Cookies\" \/>\n<meta property=\"og:url\" content=\"https:\/\/staging.zipline-dolinka.si\/es\/cookies\/\" \/>\n<meta property=\"og:site_name\" content=\"Zipline Dolinka\" \/>\n<meta property=\"article:publisher\" content=\"https:\/\/www.facebook.com\/ZiplineDolinka\/\" \/>\n<meta property=\"article:modified_time\" content=\"2023-06-13T10:37:18+00:00\" \/>\n<meta name=\"twitter:card\" content=\"summary_large_image\" \/>\n<meta name=\"twitter:label1\" content=\"Tiempo de lectura\" \/>\n\t<meta name=\"twitter:data1\" content=\"2 minutos\" \/>\n<script type=\"application\/ld+json\" class=\"yoast-schema-graph\">{\"@context\":\"https:\/\/schema.org\",\"@graph\":[{\"@type\":\"WebPage\",\"@id\":\"https:\/\/staging.zipline-dolinka.si\/es\/cookies\/\",\"url\":\"https:\/\/staging.zipline-dolinka.si\/es\/cookies\/\",\"name\":\"Cookies - Zipline Dolinka\",\"isPartOf\":{\"@id\":\"https:\/\/staging.zipline-dolinka.si\/es\/#website\"},\"datePublished\":\"2022-05-27T09:43:26+00:00\",\"dateModified\":\"2023-06-13T10:37:18+00:00\",\"breadcrumb\":{\"@id\":\"https:\/\/staging.zipline-dolinka.si\/es\/cookies\/#breadcrumb\"},\"inLanguage\":\"es\",\"potentialAction\":[{\"@type\":\"ReadAction\",\"target\":[\"https:\/\/staging.zipline-dolinka.si\/es\/cookies\/\"]}]},{\"@type\":\"BreadcrumbList\",\"@id\":\"https:\/\/staging.zipline-dolinka.si\/es\/cookies\/#breadcrumb\",\"itemListElement\":[{\"@type\":\"ListItem\",\"position\":1,\"name\":\"P\u00e1gina de inicio\",\"item\":\"https:\/\/staging.zipline-dolinka.si\/es\/\"},{\"@type\":\"ListItem\",\"position\":2,\"name\":\"Cookies\"}]},{\"@type\":\"WebSite\",\"@id\":\"https:\/\/staging.zipline-dolinka.si\/es\/#website\",\"url\":\"https:\/\/staging.zipline-dolinka.si\/es\/\",\"name\":\"Zipline Dolinka\",\"description\":\"The Longest Zipline in Europe\",\"publisher\":{\"@id\":\"https:\/\/staging.zipline-dolinka.si\/es\/#organization\"},\"potentialAction\":[{\"@type\":\"SearchAction\",\"target\":{\"@type\":\"EntryPoint\",\"urlTemplate\":\"https:\/\/staging.zipline-dolinka.si\/es\/?s={search_term_string}\"},\"query-input\":\"required name=search_term_string\"}],\"inLanguage\":\"es\"},{\"@type\":\"Organization\",\"@id\":\"https:\/\/staging.zipline-dolinka.si\/es\/#organization\",\"name\":\"Zipline Dolinka Bled\",\"url\":\"https:\/\/staging.zipline-dolinka.si\/es\/\",\"logo\":{\"@type\":\"ImageObject\",\"inLanguage\":\"es\",\"@id\":\"https:\/\/staging.zipline-dolinka.si\/es\/#\/schema\/logo\/image\/\",\"url\":\"https:\/\/staging.zipline-dolinka.si\/wp-content\/uploads\/2022\/05\/cropped-ziplinedolonka-favicon.png\",\"contentUrl\":\"https:\/\/staging.zipline-dolinka.si\/wp-content\/uploads\/2022\/05\/cropped-ziplinedolonka-favicon.png\",\"width\":512,\"height\":512,\"caption\":\"Zipline Dolinka Bled\"},\"image\":{\"@id\":\"https:\/\/staging.zipline-dolinka.si\/es\/#\/schema\/logo\/image\/\"},\"sameAs\":[\"https:\/\/www.facebook.com\/ZiplineDolinka\/\",\"https:\/\/www.tripadvisor.com\/Attraction_Review-g274863-d14139627-Reviews-Zipline_Dolinka-Bled_Upper_Carniola_Region.html\"]}]}<\/script>\n<!-- \/ Yoast SEO plugin. -->","yoast_head_json":{"title":"Cookies - Zipline Dolinka","robots":{"index":"index","follow":"follow","max-snippet":"max-snippet:-1","max-image-preview":"max-image-preview:large","max-video-preview":"max-video-preview:-1"},"canonical":"https:\/\/staging.zipline-dolinka.si\/es\/cookies\/","og_locale":"es_ES","og_type":"article","og_title":"Cookies - Zipline Dolinka","og_description":"\u00bfQu\u00e9 son las cookies? Las Cookies son peque\u00f1os archivos de texto dentro de tu ordenador que se usan para guardar informaci\u00f3n sobre cu\u00e1ntas veces ha visitado nuestra p\u00e1gina web y qu\u00e9 es lo que m\u00e1s te ha interesado en esas visitas. Las Cookies no contienen informaci\u00f3n personal que pudiera ser utilizada para identificarle \u00bfPor qu\u00e9&hellip;&nbsp;Leer m\u00e1s &raquo;Cookies","og_url":"https:\/\/staging.zipline-dolinka.si\/es\/cookies\/","og_site_name":"Zipline Dolinka","article_publisher":"https:\/\/www.facebook.com\/ZiplineDolinka\/","article_modified_time":"2023-06-13T10:37:18+00:00","twitter_card":"summary_large_image","twitter_misc":{"Tiempo de lectura":"2 minutos"},"schema":{"@context":"https:\/\/schema.org","@graph":[{"@type":"WebPage","@id":"https:\/\/staging.zipline-dolinka.si\/es\/cookies\/","url":"https:\/\/staging.zipline-dolinka.si\/es\/cookies\/","name":"Cookies - Zipline Dolinka","isPartOf":{"@id":"https:\/\/staging.zipline-dolinka.si\/es\/#website"},"datePublished":"2022-05-27T09:43:26+00:00","dateModified":"2023-06-13T10:37:18+00:00","breadcrumb":{"@id":"https:\/\/staging.zipline-dolinka.si\/es\/cookies\/#breadcrumb"},"inLanguage":"es","potentialAction":[{"@type":"ReadAction","target":["https:\/\/staging.zipline-dolinka.si\/es\/cookies\/"]}]},{"@type":"BreadcrumbList","@id":"https:\/\/staging.zipline-dolinka.si\/es\/cookies\/#breadcrumb","itemListElement":[{"@type":"ListItem","position":1,"name":"P\u00e1gina de inicio","item":"https:\/\/staging.zipline-dolinka.si\/es\/"},{"@type":"ListItem","position":2,"name":"Cookies"}]},{"@type":"WebSite","@id":"https:\/\/staging.zipline-dolinka.si\/es\/#website","url":"https:\/\/staging.zipline-dolinka.si\/es\/","name":"Zipline Dolinka","description":"The Longest Zipline in Europe","publisher":{"@id":"https:\/\/staging.zipline-dolinka.si\/es\/#organization"},"potentialAction":[{"@type":"SearchAction","target":{"@type":"EntryPoint","urlTemplate":"https:\/\/staging.zipline-dolinka.si\/es\/?s={search_term_string}"},"query-input":"required name=search_term_string"}],"inLanguage":"es"},{"@type":"Organization","@id":"https:\/\/staging.zipline-dolinka.si\/es\/#organization","name":"Zipline Dolinka Bled","url":"https:\/\/staging.zipline-dolinka.si\/es\/","logo":{"@type":"ImageObject","inLanguage":"es","@id":"https:\/\/staging.zipline-dolinka.si\/es\/#\/schema\/logo\/image\/","url":"https:\/\/staging.zipline-dolinka.si\/wp-content\/uploads\/2022\/05\/cropped-ziplinedolonka-favicon.png","contentUrl":"https:\/\/staging.zipline-dolinka.si\/wp-content\/uploads\/2022\/05\/cropped-ziplinedolonka-favicon.png","width":512,"height":512,"caption":"Zipline Dolinka Bled"},"image":{"@id":"https:\/\/staging.zipline-dolinka.si\/es\/#\/schema\/logo\/image\/"},"sameAs":["https:\/\/www.facebook.com\/ZiplineDolinka\/","https:\/\/www.tripadvisor.com\/Attraction_Review-g274863-d14139627-Reviews-Zipline_Dolinka-Bled_Upper_Carniola_Region.html"]}]}},"_links":{"self":[{"href":"https:\/\/staging.zipline-dolinka.si\/es\/wp-json\/wp\/v2\/pages\/2620","targetHints":{"allow":["GET"]}}],"collection":[{"href":"https:\/\/staging.zipline-dolinka.si\/es\/wp-json\/wp\/v2\/pages"}],"about":[{"href":"https:\/\/staging.zipline-dolinka.si\/es\/wp-json\/wp\/v2\/types\/page"}],"author":[{"embeddable":true,"href":"https:\/\/staging.zipline-dolinka.si\/es\/wp-json\/wp\/v2\/users\/2"}],"replies":[{"embeddable":true,"href":"https:\/\/staging.zipline-dolinka.si\/es\/wp-json\/wp\/v2\/comments?post=2620"}],"version-history":[{"count":0,"href":"https:\/\/staging.zipline-dolinka.si\/es\/wp-json\/wp\/v2\/pages\/2620\/revisions"}],"wp:attachment":[{"href":"https:\/\/staging.zipline-dolinka.si\/es\/wp-json\/wp\/v2\/media?parent=2620"}],"curies":[{"name":"wp","href":"https:\/\/api.w.org\/{rel}","templated":true}]}}