{"id":2638,"date":"2022-06-15T18:27:14","date_gmt":"2022-06-15T18:27:14","guid":{"rendered":"https:\/\/staging.zipline-dolinka.si\/?page_id=2638"},"modified":"2023-07-13T07:44:27","modified_gmt":"2023-07-13T07:44:27","slug":"faq","status":"publish","type":"page","link":"https:\/\/staging.zipline-dolinka.si\/es\/faq\/","title":{"rendered":"FAQ"},"content":{"rendered":"\n<div id=\"wp-block-themeisle-blocks-accordion-a4f23050\" class=\"wp-block-themeisle-blocks-accordion exclusive is-wider-gap has-light-content-bg\">\n<details class=\"wp-block-themeisle-blocks-accordion-item\"><summary class=\"wp-block-themeisle-blocks-accordion-item__title\"><div>\u00a0\u00bfD\u00f3nde se encuentra el punto de encuentro para los participantes de Zipline Dolinka?<\/div><\/summary><div class=\"wp-block-themeisle-blocks-accordion-item__content\">\n<p>ChatGPT<\/p>\n\n\n\n<p>El punto de encuentro se encuentra cerca de la estaci\u00f3n principal de autobuses en Bled, en la direcci\u00f3n \u00abCesta svobode 1, 4260 Bled\u00bb. Los participantes deben estar en el punto de encuentro al menos 15 minutos antes de la hora programada para el viaje. No se proporciona estacionamiento para los participantes.<\/p>\n<\/div><\/details>\n\n\n\n<details class=\"wp-block-themeisle-blocks-accordion-item\"><summary class=\"wp-block-themeisle-blocks-accordion-item__title\"><div>\u00bfD\u00f3nde puedo aparcar?<\/div><\/summary><div class=\"wp-block-themeisle-blocks-accordion-item__content\">\n<p>Encontrar un espacio de estacionamiento gratuito en Bled puede ser especialmente dif\u00edcil durante los meses de verano, por eso te sugerimos que salgas de casa con suficiente anticipaci\u00f3n y estaciones tu autom\u00f3vil en uno de los estacionamientos que est\u00e1n aproximadamente a 10 minutos a pie.<\/p>\n\n\n\n<ol class=\"wp-block-list\">\n<li>Estacionamiento junto a la escuela primaria: P15 &#8211; Osnovna \u0161ola, Direcci\u00f3n: Parkiri\u0161\u010de Seli\u0161e 2<\/li>\n\n\n\n<li>Estacionamiento en Infrastruktura: P11 &#8211; Blejski grad, Direcci\u00f3n: Re\u010di\u0161ka cesta 2<\/li>\n\n\n\n<li>Estacionamiento junto al pabell\u00f3n de hielo: P04 &#8211; Ledena dvorana, Direcci\u00f3n: Ljubljanska cesta 5<\/li>\n\n\n\n<li>Estacionamiento Bled, Direcci\u00f3n: Pre\u0161ernova cesta 23 <\/li>\n<\/ol>\n\n\n\n<p>Todos los estacionamientos en Bled son de pago.<\/p>\n<\/div><\/details>\n\n\n\n<details class=\"wp-block-themeisle-blocks-accordion-item\"><summary class=\"wp-block-themeisle-blocks-accordion-item__title\"><div>\u00a0\u00bfQu\u00e9 est\u00e1 incluido en el tour?<\/div><\/summary><div class=\"wp-block-themeisle-blocks-accordion-item__content\">\n<p>El tour incluye el traslado desde el punto de encuentro hasta el comienzo de la tirolina y regreso, todo el equipo necesario y dos gu\u00edas. El participante recibe, en el punto de encuentro, un casco, un arn\u00e9s de seguridad, una polea y guantes protectores. El equipo de protecci\u00f3n de los participantes es de la marca PETZL y cumple todos los est\u00e1ndares europeos.<\/p>\n<\/div><\/details>\n\n\n\n<details class=\"wp-block-themeisle-blocks-accordion-item\"><summary class=\"wp-block-themeisle-blocks-accordion-item__title\"><div>\u00bfQu\u00e9 necesito llevar?<\/div><\/summary><div class=\"wp-block-themeisle-blocks-accordion-item__content\">\n<p>Cada participante necesita traer calzado deportivo o para pasear en monta\u00f1a (flip-flop (chanclas) o sandalias no est\u00e1n permitidas), ropa deportiva apropiada para el clima y una mochila con agua.<\/p>\n<\/div><\/details>\n\n\n\n<details class=\"wp-block-themeisle-blocks-accordion-item\"><summary class=\"wp-block-themeisle-blocks-accordion-item__title\"><div>\u00bfCu\u00e1nto dura el viaje de Zipline Dolinka?<\/div><\/summary><div class=\"wp-block-themeisle-blocks-accordion-item__content\">\n<p>El viaje completo dura entre 2 y 3 horas, dependiendo del tama\u00f1o y de c\u00f3mo vaya el grupo<\/p>\n<\/div><\/details>\n\n\n\n<details class=\"wp-block-themeisle-blocks-accordion-item\"><summary class=\"wp-block-themeisle-blocks-accordion-item__title\"><div>\u00bfSe hace el viaje Zipline Dolinka con cualquier clima?<\/div><\/summary><div class=\"wp-block-themeisle-blocks-accordion-item__content\">\n<p>Zipline es una aventura que tiene lugar en el exterior con sus diferentes variaciones clim\u00e1ticas, los participantes necesitan ajustar su ropa y calzado de manera adecuada. En caso de tormenta, el viaje se pospondr\u00e1 o se cancelar\u00e1.<\/p>\n<\/div><\/details>\n\n\n\n<details class=\"wp-block-themeisle-blocks-accordion-item\"><summary class=\"wp-block-themeisle-blocks-accordion-item__title\"><div>\u00bfQu\u00e9 tipo de requerimientos m\u00e9dicos necesito cumplir para poder participar en el viaje Zipline Dolinka?<\/div><\/summary><div class=\"wp-block-themeisle-blocks-accordion-item__content\">\n<p>A las mujeres embarazadas, personas con problemas card\u00edacos y aquellos con lesiones espinales, de hombro o de extremidades se les recomienda no participar. Las personas con alergias o diabetes deber\u00e1n traer su medicaci\u00f3n con ellos. Aquellos que no est\u00e9n seguros sobre su condici\u00f3n m\u00e9dica, deber\u00e1n consultar a un m\u00e9dico antes de ir al viaje de Zipline. Las personas bajo la influencia de drogas o alcohol no tienen permitido participar en la actividad. Zipline no es adecuado para personas con minusval\u00edas o des\u00f3rdenes (ceguera, sordera, personas con desorden de espectro autista, etc.)<\/p>\n<\/div><\/details>\n\n\n\n<details class=\"wp-block-themeisle-blocks-accordion-item\"><summary class=\"wp-block-themeisle-blocks-accordion-item__title\"><div>\u00bfQu\u00e9 tipo de requerimientos m\u00e9dicos necesito cumplir para poder participar en el viaje Zipline Dolinka?<\/div><\/summary><div class=\"wp-block-themeisle-blocks-accordion-item__content\">\n<p>Los ni\u00f1os entre los 6 y los 12 a\u00f1os har\u00e1n la tirolina en t\u00e1ndem con nuestros gu\u00edas cualificados. Si los ni\u00f1os tienen m\u00e1s de 12 a\u00f1os o pesan m\u00e1s de 45 kg (100 libras) pueden hacer la actividad solos. Todos los ni\u00f1os por debajo de los 15 a\u00f1os tienen que ir acompa\u00f1ados por al menos un progenitor. Los ni\u00f1os entre 15 y 18 a\u00f1os deben tener un consentimiento escrito de sus progenitores.<\/p>\n\n\n\n<p>Hay un l\u00edmite m\u00e1ximo de peso, 120 kg (265 libras). Los participantes tambi\u00e9n est\u00e1n limitados por las tallas del equipo de seguridad. Los participantes tienen que estar lo suficientemente en forma para sobrellevar el viaje.<\/p>\n<\/div><\/details>\n\n\n\n<details class=\"wp-block-themeisle-blocks-accordion-item\"><summary class=\"wp-block-themeisle-blocks-accordion-item__title\"><div>\u00bfNecesito tener alg\u00fan conocimiento previo antes de participar en el viaje de Zipline Dolinka?<\/div><\/summary><div class=\"wp-block-themeisle-blocks-accordion-item__content\">\n<p>No es necesario tener conocimientos previos antes de participar en el viaje Zipline Dolinka. Solamente necesita estar m\u00ednimamente en forma, ya que el viaje incluye algunos ratos de caminata por prados y sendas en el bosque, algunas de ellas, cuesta arriba.<\/p>\n<\/div><\/details>\n\n\n\n<details class=\"wp-block-themeisle-blocks-accordion-item\"><summary class=\"wp-block-themeisle-blocks-accordion-item__title\"><div>\u00bfCu\u00e1ndo tiene lugar el viaje Zipline Dolinka?<\/div><\/summary><div class=\"wp-block-themeisle-blocks-accordion-item__content\">\n<p>Nuestros viajes son todos los d\u00edas. Ofrecemos m\u00e1s de un viaje por d\u00eda, el n\u00famero de viajes y su horario depende de la temporada. Por favor revise las fechas disponibles haciendo click en el bot\u00f3n \u201cReservar\u201d. Tambi\u00e9n puede llamarnos, enviarnos un correo electr\u00f3nico o visitarnos en nuestra oficina.<\/p>\n<\/div><\/details>\n\n\n\n<details class=\"wp-block-themeisle-blocks-accordion-item\"><summary class=\"wp-block-themeisle-blocks-accordion-item__title\"><div>\u00bfNecesito reservar el viaje Zipline Dolinka?<\/div><\/summary><div class=\"wp-block-themeisle-blocks-accordion-item__content\">\n<p>S\u00ed! Siempre recomendamos reservar con antelaci\u00f3n. Solamente un n\u00famero limitado de participantes puede ir en cada viaje, y podr\u00eda suceder que no hay m\u00e1s espacios disponibles en un d\u00eda en particular. Los meses de verano est\u00e1n especialmente concurridos, es por eso por lo que la reserva anticipada es m\u00e1s que recomendable. Tambi\u00e9n se aceptan reservas de \u00faltima hora, pero en ese caso no se le puede garantizar su billete.<\/p>\n<\/div><\/details>\n\n\n\n<details class=\"wp-block-themeisle-blocks-accordion-item\"><summary class=\"wp-block-themeisle-blocks-accordion-item__title\"><div>\u00bfPuedo llevar mi c\u00e1mara de fotos o video?<\/div><\/summary><div class=\"wp-block-themeisle-blocks-accordion-item__content\">\n<p>Es m\u00e1s que bienvenido de traer su c\u00e1mara con usted. La grabaci\u00f3n durante los descensos solamente se permite si la c\u00e1mara est\u00e1 fijada. Otros aparatos deber\u00e1n mantenerse guardados en su mochila<\/p>\n<\/div><\/details>\n\n\n\n<details class=\"wp-block-themeisle-blocks-accordion-item\"><summary class=\"wp-block-themeisle-blocks-accordion-item__title\"><div>\u00bfQu\u00e9 deber\u00eda hacer si tengo miedo a las alturas?<\/div><\/summary><div class=\"wp-block-themeisle-blocks-accordion-item__content\">\n<ul class=\"wp-block-list\">\n<li>Nuestra experiencia nos ha ense\u00f1ado que incluso los participantes que ten\u00edan mucho miedo a las alturas se relajaron tras los primeros paseos, y se sintieron especialmente orgullosos de haber conquistado sus miedos<\/li>\n<\/ul>\n\n\n\n<p>En el caso de que alg\u00fan participante decida no continuar con los paseos, nuestro conductor le llevar\u00e1 de regreso al punto de encuentro. En ese caso le garantizamos una devoluci\u00f3n completa. Pero \u00a1puede estar seguro de que nuestros gu\u00edas le har\u00e1n sentirse seguro y que le ayudar\u00e1n en cada momento del camino! Nosotros apostamos que no se dar\u00e1 la vuelta.<\/p>\n<\/div><\/details>\n<\/div>\n\n\n\n<div style=\"height:100px\" aria-hidden=\"true\" class=\"wp-block-spacer\"><\/div>\n","protected":false},"excerpt":{"rendered":"","protected":false},"author":2,"featured_media":0,"parent":0,"menu_order":7,"comment_status":"closed","ping_status":"closed","template":"","meta":{"neve_meta_sidebar":"","neve_meta_container":"","neve_meta_enable_content_width":"","neve_meta_content_width":0,"neve_meta_title_alignment":"","neve_meta_author_avatar":"","neve_post_elements_order":"","neve_meta_disable_header":"","neve_meta_disable_footer":"","neve_meta_disable_title":"","neve_meta_reading_time":"","_themeisle_gutenberg_block_has_review":false,"_ti_tpc_template_sync":false,"_ti_tpc_template_id":"","footnotes":""},"class_list":["post-2638","page","type-page","status-publish","hentry"],"yoast_head":"<!-- This site is optimized with the Yoast SEO plugin v20.8 - https:\/\/yoast.com\/wordpress\/plugins\/seo\/ -->\n<title>FAQ - Zipline Dolinka<\/title>\n<meta name=\"robots\" content=\"index, follow, max-snippet:-1, max-image-preview:large, max-video-preview:-1\" \/>\n<link rel=\"canonical\" href=\"https:\/\/staging.zipline-dolinka.si\/es\/faq\/\" \/>\n<meta property=\"og:locale\" content=\"es_ES\" \/>\n<meta property=\"og:type\" content=\"article\" \/>\n<meta property=\"og:title\" content=\"FAQ - Zipline Dolinka\" \/>\n<meta property=\"og:url\" content=\"https:\/\/staging.zipline-dolinka.si\/es\/faq\/\" \/>\n<meta property=\"og:site_name\" content=\"Zipline Dolinka\" \/>\n<meta property=\"article:publisher\" content=\"https:\/\/www.facebook.com\/ZiplineDolinka\/\" \/>\n<meta property=\"article:modified_time\" content=\"2023-07-13T07:44:27+00:00\" \/>\n<meta name=\"twitter:card\" content=\"summary_large_image\" \/>\n<meta name=\"twitter:label1\" content=\"Tiempo de lectura\" \/>\n\t<meta name=\"twitter:data1\" content=\"5 minutos\" \/>\n<script type=\"application\/ld+json\" class=\"yoast-schema-graph\">{\"@context\":\"https:\/\/schema.org\",\"@graph\":[{\"@type\":\"WebPage\",\"@id\":\"https:\/\/staging.zipline-dolinka.si\/es\/faq\/\",\"url\":\"https:\/\/staging.zipline-dolinka.si\/es\/faq\/\",\"name\":\"FAQ - Zipline Dolinka\",\"isPartOf\":{\"@id\":\"https:\/\/staging.zipline-dolinka.si\/es\/#website\"},\"datePublished\":\"2022-06-15T18:27:14+00:00\",\"dateModified\":\"2023-07-13T07:44:27+00:00\",\"breadcrumb\":{\"@id\":\"https:\/\/staging.zipline-dolinka.si\/es\/faq\/#breadcrumb\"},\"inLanguage\":\"es\",\"potentialAction\":[{\"@type\":\"ReadAction\",\"target\":[\"https:\/\/staging.zipline-dolinka.si\/es\/faq\/\"]}]},{\"@type\":\"BreadcrumbList\",\"@id\":\"https:\/\/staging.zipline-dolinka.si\/es\/faq\/#breadcrumb\",\"itemListElement\":[{\"@type\":\"ListItem\",\"position\":1,\"name\":\"P\u00e1gina de inicio\",\"item\":\"https:\/\/staging.zipline-dolinka.si\/es\/\"},{\"@type\":\"ListItem\",\"position\":2,\"name\":\"FAQ\"}]},{\"@type\":\"WebSite\",\"@id\":\"https:\/\/staging.zipline-dolinka.si\/es\/#website\",\"url\":\"https:\/\/staging.zipline-dolinka.si\/es\/\",\"name\":\"Zipline Dolinka\",\"description\":\"The Longest Zipline in Europe\",\"publisher\":{\"@id\":\"https:\/\/staging.zipline-dolinka.si\/es\/#organization\"},\"potentialAction\":[{\"@type\":\"SearchAction\",\"target\":{\"@type\":\"EntryPoint\",\"urlTemplate\":\"https:\/\/staging.zipline-dolinka.si\/es\/?s={search_term_string}\"},\"query-input\":\"required name=search_term_string\"}],\"inLanguage\":\"es\"},{\"@type\":\"Organization\",\"@id\":\"https:\/\/staging.zipline-dolinka.si\/es\/#organization\",\"name\":\"Zipline Dolinka Bled\",\"url\":\"https:\/\/staging.zipline-dolinka.si\/es\/\",\"logo\":{\"@type\":\"ImageObject\",\"inLanguage\":\"es\",\"@id\":\"https:\/\/staging.zipline-dolinka.si\/es\/#\/schema\/logo\/image\/\",\"url\":\"https:\/\/staging.zipline-dolinka.si\/wp-content\/uploads\/2022\/05\/cropped-ziplinedolonka-favicon.png\",\"contentUrl\":\"https:\/\/staging.zipline-dolinka.si\/wp-content\/uploads\/2022\/05\/cropped-ziplinedolonka-favicon.png\",\"width\":512,\"height\":512,\"caption\":\"Zipline Dolinka Bled\"},\"image\":{\"@id\":\"https:\/\/staging.zipline-dolinka.si\/es\/#\/schema\/logo\/image\/\"},\"sameAs\":[\"https:\/\/www.facebook.com\/ZiplineDolinka\/\",\"https:\/\/www.tripadvisor.com\/Attraction_Review-g274863-d14139627-Reviews-Zipline_Dolinka-Bled_Upper_Carniola_Region.html\"]}]}<\/script>\n<!-- \/ Yoast SEO plugin. -->","yoast_head_json":{"title":"FAQ - Zipline Dolinka","robots":{"index":"index","follow":"follow","max-snippet":"max-snippet:-1","max-image-preview":"max-image-preview:large","max-video-preview":"max-video-preview:-1"},"canonical":"https:\/\/staging.zipline-dolinka.si\/es\/faq\/","og_locale":"es_ES","og_type":"article","og_title":"FAQ - Zipline Dolinka","og_url":"https:\/\/staging.zipline-dolinka.si\/es\/faq\/","og_site_name":"Zipline Dolinka","article_publisher":"https:\/\/www.facebook.com\/ZiplineDolinka\/","article_modified_time":"2023-07-13T07:44:27+00:00","twitter_card":"summary_large_image","twitter_misc":{"Tiempo de lectura":"5 minutos"},"schema":{"@context":"https:\/\/schema.org","@graph":[{"@type":"WebPage","@id":"https:\/\/staging.zipline-dolinka.si\/es\/faq\/","url":"https:\/\/staging.zipline-dolinka.si\/es\/faq\/","name":"FAQ - Zipline Dolinka","isPartOf":{"@id":"https:\/\/staging.zipline-dolinka.si\/es\/#website"},"datePublished":"2022-06-15T18:27:14+00:00","dateModified":"2023-07-13T07:44:27+00:00","breadcrumb":{"@id":"https:\/\/staging.zipline-dolinka.si\/es\/faq\/#breadcrumb"},"inLanguage":"es","potentialAction":[{"@type":"ReadAction","target":["https:\/\/staging.zipline-dolinka.si\/es\/faq\/"]}]},{"@type":"BreadcrumbList","@id":"https:\/\/staging.zipline-dolinka.si\/es\/faq\/#breadcrumb","itemListElement":[{"@type":"ListItem","position":1,"name":"P\u00e1gina de inicio","item":"https:\/\/staging.zipline-dolinka.si\/es\/"},{"@type":"ListItem","position":2,"name":"FAQ"}]},{"@type":"WebSite","@id":"https:\/\/staging.zipline-dolinka.si\/es\/#website","url":"https:\/\/staging.zipline-dolinka.si\/es\/","name":"Zipline Dolinka","description":"The Longest Zipline in Europe","publisher":{"@id":"https:\/\/staging.zipline-dolinka.si\/es\/#organization"},"potentialAction":[{"@type":"SearchAction","target":{"@type":"EntryPoint","urlTemplate":"https:\/\/staging.zipline-dolinka.si\/es\/?s={search_term_string}"},"query-input":"required name=search_term_string"}],"inLanguage":"es"},{"@type":"Organization","@id":"https:\/\/staging.zipline-dolinka.si\/es\/#organization","name":"Zipline Dolinka Bled","url":"https:\/\/staging.zipline-dolinka.si\/es\/","logo":{"@type":"ImageObject","inLanguage":"es","@id":"https:\/\/staging.zipline-dolinka.si\/es\/#\/schema\/logo\/image\/","url":"https:\/\/staging.zipline-dolinka.si\/wp-content\/uploads\/2022\/05\/cropped-ziplinedolonka-favicon.png","contentUrl":"https:\/\/staging.zipline-dolinka.si\/wp-content\/uploads\/2022\/05\/cropped-ziplinedolonka-favicon.png","width":512,"height":512,"caption":"Zipline Dolinka Bled"},"image":{"@id":"https:\/\/staging.zipline-dolinka.si\/es\/#\/schema\/logo\/image\/"},"sameAs":["https:\/\/www.facebook.com\/ZiplineDolinka\/","https:\/\/www.tripadvisor.com\/Attraction_Review-g274863-d14139627-Reviews-Zipline_Dolinka-Bled_Upper_Carniola_Region.html"]}]}},"_links":{"self":[{"href":"https:\/\/staging.zipline-dolinka.si\/es\/wp-json\/wp\/v2\/pages\/2638","targetHints":{"allow":["GET"]}}],"collection":[{"href":"https:\/\/staging.zipline-dolinka.si\/es\/wp-json\/wp\/v2\/pages"}],"about":[{"href":"https:\/\/staging.zipline-dolinka.si\/es\/wp-json\/wp\/v2\/types\/page"}],"author":[{"embeddable":true,"href":"https:\/\/staging.zipline-dolinka.si\/es\/wp-json\/wp\/v2\/users\/2"}],"replies":[{"embeddable":true,"href":"https:\/\/staging.zipline-dolinka.si\/es\/wp-json\/wp\/v2\/comments?post=2638"}],"version-history":[{"count":0,"href":"https:\/\/staging.zipline-dolinka.si\/es\/wp-json\/wp\/v2\/pages\/2638\/revisions"}],"wp:attachment":[{"href":"https:\/\/staging.zipline-dolinka.si\/es\/wp-json\/wp\/v2\/media?parent=2638"}],"curies":[{"name":"wp","href":"https:\/\/api.w.org\/{rel}","templated":true}]}}