{"id":2592,"date":"2022-05-27T09:43:26","date_gmt":"2022-05-27T09:43:26","guid":{"rendered":"https:\/\/staging.zipline-dolinka.si\/?page_id=2592"},"modified":"2023-06-13T09:10:53","modified_gmt":"2023-06-13T09:10:53","slug":"cookies","status":"publish","type":"page","link":"https:\/\/staging.zipline-dolinka.si\/hu\/cookies\/","title":{"rendered":"Cookies"},"content":{"rendered":"\n<h2 class=\"wp-block-heading\">Mik a cooke-k?<\/h2>\n\n\n\n<p>A cooki-k kis sz\u00f6veges f\u00e1jlok az \u00d6n sz\u00e1m\u00edt\u00f3g\u00e9p\u00e9n, amelyek inform\u00e1ci\u00f3t t\u00e1rolnak arr\u00f3l, hogy h\u00e1nyszor l\u00e1togatta meg weboldalunkat, \u00e9s mi \u00e9rdekli \u00d6nt ezen l\u00e1togat\u00e1sok sor\u00e1n. A cooke-ik nem tartalmaznak olyan szem\u00e9lyes adatokat, amelyek alapj\u00e1n azonos\u00edtani lehetne \u00d6nt.<\/p>\n\n\n\n<h2 class=\"wp-block-heading\">Mi\u00e9rt sz\u00fcks\u00e9gesek a cookie-k?<\/h2>\n\n\n\n<p>A cooki-k seg\u00edtenek jobb felhaszn\u00e1l\u00f3i \u00e9lm\u00e9nyt ny\u00fajtani weboldalunkon.<\/p>\n\n\n\n<p>P\u00e9ld\u00e1ul a cookie-k r\u00f6gz\u00edthetik az \u00d6n preferenci\u00e1it \u00e9s be\u00e1ll\u00edt\u00e1sait, az online form\u00e1kat, bejegyz\u00e9seit \u00e9s inform\u00e1ci\u00f3kat a regisztr\u00e1lt felhaszn\u00e1l\u00f3k sz\u00e1m\u00e1ra.<\/p>\n\n\n\n<p>Az e-business alapvet\u0151 funkci\u00f3i lehetetlenek lenn\u00e9nek cookie-k n\u00e9lk\u00fcl. Pontosabban, az online \u00e1ruh\u00e1zak cookie-kat haszn\u00e1lnak a bev\u00e1s\u00e1rl\u00f3kos\u00e1rban l\u00e9v\u0151 term\u00e9kek, kedvenc term\u00e9kek, v\u00e1s\u00e1rl\u00e1ssal kapcsolatos egy\u00e9b inform\u00e1ci\u00f3k stb.<\/p>\n\n\n\n<p>A cooki-k lehet\u0151v\u00e9 teszik sz\u00e1munkra, hogy weboldalunk statisztik\u00e1it r\u00f6gz\u00edts\u00fck, ami viszont seg\u00edt felfedezni \u00e9s kijav\u00edtani az esetleges hib\u00e1kat, valamint jobb tartalmat vagy megfelel\u0151bb szolg\u00e1ltat\u00e1st k\u00edn\u00e1lni weboldalunk k\u00e9s\u0151bbi l\u00e1togat\u00e1sai sor\u00e1n.<\/p>\n\n\n\n<p>A cookie-k seg\u00edts\u00e9g\u00e9vel b\u00e1rmely hirdet\u00e9si partnere relev\u00e1ns hirdet\u00e9seket tud ny\u00fajtani \u00d6nnek.<\/p>\n\n\n\n<p>Egyes cookie-k l\u00e9tfontoss\u00e1g\u00faak a weboldal m\u0171k\u00f6d\u00e9s\u00e9hez, m\u00edg m\u00e1sok csak az \u00d6n beleegyez\u00e9s\u00e9vel t\u00e1rolhat\u00f3k.<\/p>\n\n\n\n<h2 class=\"wp-block-heading\">Cooki-k &#8211; t\u00e1bl\u00e1zat<\/h2>\n\n\n\n<figure class=\"wp-block-table\"><table><thead><tr><th>Cookie n\u00e9v<br><\/th><th>C\u00e9lja<br><\/th><th>Id\u0151tartam<br><\/th><th>Eredet<br><\/th><\/tr><\/thead><tbody><tr><td>_utma<\/td><td>A webhelyek megtekint\u00e9seinek\u00a0<\/td><td>2 \u00e9v<\/td><td>Google Analytics<\/td><\/tr><tr><td>_utmb<\/td><td>A webhelyek megtekint\u00e9seinek\u00a0<\/td><td>30 perc<\/td><td>Google Analytics<\/td><\/tr><tr><td>_utmc<\/td><td>A webhelyek megtekint\u00e9seinek\u00a0<\/td><td> A b\u00f6ng\u00e9sz\u0151 bez\u00e1r\u00e1s\u00e1ig<\/td><td>Google Analytics<\/td><\/tr><tr><td>_utmz<\/td><td>A webhelyek megtekint\u00e9seinek\u00a0<\/td><td>6 h\u00f3nap<\/td><td>Google Analytics<\/td><\/tr><\/tbody><\/table><\/figure>\n\n\n\n<h2 class=\"wp-block-heading\">Cookie-k letilt\u00e1sa<\/h2>\n\n\n\n<p>A legt\u00f6bb webb\u00f6ng\u00e9sz\u0151 automatikusan elfogadja a cookie-kat. A cookie-kat a b\u00f6ng\u00e9sz\u0151 be\u00e1ll\u00edt\u00e1sainak m\u00f3dos\u00edt\u00e1s\u00e1val b\u00e1rmikor kikapcsolhatja. Az egyes b\u00f6ng\u00e9sz\u0151kben a cookie-k be\u00e1ll\u00edt\u00e1saival kapcsolatos inform\u00e1ci\u00f3k az al\u00e1bbi linkeken \u00e9rhet\u0151k el:<\/p>\n\n\n\n<ul class=\"wp-block-list\">\n<li><a href=\"https:\/\/support.google.com\/chrome\/answer\/95647?hl=en&amp;p=cpn_cookies\" target=\"_blank\" rel=\"noreferrer noopener\">Chrome<\/a><\/li>\n\n\n\n<li><a href=\"http:\/\/support.mozilla.org\/en-US\/kb\/enable-and-disable-cookies-website-preferences\" target=\"_blank\" rel=\"noreferrer noopener\">Firefox<\/a><\/li>\n\n\n\n<li><a href=\"http:\/\/windows.microsoft.com\/en-us\/windows-vista\/block-or-allow-cookies\" target=\"_blank\" rel=\"noreferrer noopener\">Internet Explorer<\/a><\/li>\n\n\n\n<li><a href=\"http:\/\/www.opera.com\/help\/tutorials\/security\/privacy\/\" target=\"_blank\" rel=\"noreferrer noopener\">Opera<\/a><\/li>\n\n\n\n<li><a href=\"http:\/\/www.apple.com\/support\/safari\/\" target=\"_blank\" rel=\"noreferrer noopener\">Safari<\/a><\/li>\n<\/ul>\n\n\n\n<p>megakad\u00e1lyozza a webhely optim\u00e1lis m\u0171k\u00f6d\u00e9s\u00e9t, vagy letilt egyes funkci\u00f3it. B\u00f6ng\u00e9sz\u0151je azonban m\u00e9g az \u00f6sszes cookie kikapcsol\u00e1sa eset\u00e9n is megkap bizonyos inform\u00e1ci\u00f3kat, amelyek weboldalunk alapvet\u0151 m\u0171k\u00f6d\u00e9s\u00e9hez sz\u00fcks\u00e9gesek.<\/p>\n","protected":false},"excerpt":{"rendered":"<p>Mik a cooke-k? A cooki-k kis sz\u00f6veges f\u00e1jlok az \u00d6n sz\u00e1m\u00edt\u00f3g\u00e9p\u00e9n, amelyek inform\u00e1ci\u00f3t t\u00e1rolnak arr\u00f3l, hogy h\u00e1nyszor l\u00e1togatta meg weboldalunkat, \u00e9s mi \u00e9rdekli \u00d6nt ezen l\u00e1togat\u00e1sok sor\u00e1n. A cooke-ik nem tartalmaznak olyan szem\u00e9lyes adatokat, amelyek alapj\u00e1n azonos\u00edtani lehetne \u00d6nt. Mi\u00e9rt sz\u00fcks\u00e9gesek a cookie-k? A cooki-k seg\u00edtenek jobb felhaszn\u00e1l\u00f3i \u00e9lm\u00e9nyt ny\u00fajtani weboldalunkon. P\u00e9ld\u00e1ul a cookie-k r\u00f6gz\u00edthetik&hellip;&nbsp;<a href=\"https:\/\/staging.zipline-dolinka.si\/hu\/cookies\/\" class=\"\" rel=\"bookmark\">Read More &raquo;<span class=\"screen-reader-text\">Cookies<\/span><\/a><\/p>\n","protected":false},"author":2,"featured_media":0,"parent":0,"menu_order":11,"comment_status":"closed","ping_status":"open","template":"","meta":{"neve_meta_sidebar":"","neve_meta_container":"","neve_meta_enable_content_width":"","neve_meta_content_width":0,"neve_meta_title_alignment":"","neve_meta_author_avatar":"","neve_post_elements_order":"","neve_meta_disable_header":"","neve_meta_disable_footer":"","neve_meta_disable_title":"","neve_meta_reading_time":"","_themeisle_gutenberg_block_has_review":false,"_ti_tpc_template_sync":false,"_ti_tpc_template_id":"","footnotes":""},"class_list":["post-2592","page","type-page","status-publish","hentry"],"yoast_head":"<!-- This site is optimized with the Yoast SEO plugin v20.8 - https:\/\/yoast.com\/wordpress\/plugins\/seo\/ -->\n<title>Cookies - Zipline Dolinka<\/title>\n<meta name=\"robots\" content=\"index, follow, max-snippet:-1, max-image-preview:large, max-video-preview:-1\" \/>\n<link rel=\"canonical\" href=\"https:\/\/staging.zipline-dolinka.si\/hu\/cookies\/\" \/>\n<meta property=\"og:locale\" content=\"hu_HU\" \/>\n<meta property=\"og:type\" content=\"article\" \/>\n<meta property=\"og:title\" content=\"Cookies - Zipline Dolinka\" \/>\n<meta property=\"og:description\" content=\"Mik a cooke-k? A cooki-k kis sz\u00f6veges f\u00e1jlok az \u00d6n sz\u00e1m\u00edt\u00f3g\u00e9p\u00e9n, amelyek inform\u00e1ci\u00f3t t\u00e1rolnak arr\u00f3l, hogy h\u00e1nyszor l\u00e1togatta meg weboldalunkat, \u00e9s mi \u00e9rdekli \u00d6nt ezen l\u00e1togat\u00e1sok sor\u00e1n. A cooke-ik nem tartalmaznak olyan szem\u00e9lyes adatokat, amelyek alapj\u00e1n azonos\u00edtani lehetne \u00d6nt. Mi\u00e9rt sz\u00fcks\u00e9gesek a cookie-k? A cooki-k seg\u00edtenek jobb felhaszn\u00e1l\u00f3i \u00e9lm\u00e9nyt ny\u00fajtani weboldalunkon. P\u00e9ld\u00e1ul a cookie-k r\u00f6gz\u00edthetik&hellip;&nbsp;Read More &raquo;Cookies\" \/>\n<meta property=\"og:url\" content=\"https:\/\/staging.zipline-dolinka.si\/hu\/cookies\/\" \/>\n<meta property=\"og:site_name\" content=\"Zipline Dolinka\" \/>\n<meta property=\"article:publisher\" content=\"https:\/\/www.facebook.com\/ZiplineDolinka\/\" \/>\n<meta property=\"article:modified_time\" content=\"2023-06-13T09:10:53+00:00\" \/>\n<meta name=\"twitter:card\" content=\"summary_large_image\" \/>\n<meta name=\"twitter:label1\" content=\"Becs\u00fclt olvas\u00e1si id\u0151\" \/>\n\t<meta name=\"twitter:data1\" content=\"2 perc\" \/>\n<script type=\"application\/ld+json\" class=\"yoast-schema-graph\">{\"@context\":\"https:\/\/schema.org\",\"@graph\":[{\"@type\":\"WebPage\",\"@id\":\"https:\/\/staging.zipline-dolinka.si\/hu\/cookies\/\",\"url\":\"https:\/\/staging.zipline-dolinka.si\/hu\/cookies\/\",\"name\":\"Cookies - Zipline Dolinka\",\"isPartOf\":{\"@id\":\"https:\/\/staging.zipline-dolinka.si\/hu\/#website\"},\"datePublished\":\"2022-05-27T09:43:26+00:00\",\"dateModified\":\"2023-06-13T09:10:53+00:00\",\"breadcrumb\":{\"@id\":\"https:\/\/staging.zipline-dolinka.si\/hu\/cookies\/#breadcrumb\"},\"inLanguage\":\"hu\",\"potentialAction\":[{\"@type\":\"ReadAction\",\"target\":[\"https:\/\/staging.zipline-dolinka.si\/hu\/cookies\/\"]}]},{\"@type\":\"BreadcrumbList\",\"@id\":\"https:\/\/staging.zipline-dolinka.si\/hu\/cookies\/#breadcrumb\",\"itemListElement\":[{\"@type\":\"ListItem\",\"position\":1,\"name\":\"Kezd\u0151lap\",\"item\":\"https:\/\/staging.zipline-dolinka.si\/hu\/\"},{\"@type\":\"ListItem\",\"position\":2,\"name\":\"Cookies\"}]},{\"@type\":\"WebSite\",\"@id\":\"https:\/\/staging.zipline-dolinka.si\/hu\/#website\",\"url\":\"https:\/\/staging.zipline-dolinka.si\/hu\/\",\"name\":\"Zipline Dolinka\",\"description\":\"The Longest Zipline in Europe\",\"publisher\":{\"@id\":\"https:\/\/staging.zipline-dolinka.si\/hu\/#organization\"},\"potentialAction\":[{\"@type\":\"SearchAction\",\"target\":{\"@type\":\"EntryPoint\",\"urlTemplate\":\"https:\/\/staging.zipline-dolinka.si\/hu\/?s={search_term_string}\"},\"query-input\":\"required name=search_term_string\"}],\"inLanguage\":\"hu\"},{\"@type\":\"Organization\",\"@id\":\"https:\/\/staging.zipline-dolinka.si\/hu\/#organization\",\"name\":\"Zipline Dolinka Bled\",\"url\":\"https:\/\/staging.zipline-dolinka.si\/hu\/\",\"logo\":{\"@type\":\"ImageObject\",\"inLanguage\":\"hu\",\"@id\":\"https:\/\/staging.zipline-dolinka.si\/hu\/#\/schema\/logo\/image\/\",\"url\":\"https:\/\/staging.zipline-dolinka.si\/wp-content\/uploads\/2022\/05\/cropped-ziplinedolonka-favicon.png\",\"contentUrl\":\"https:\/\/staging.zipline-dolinka.si\/wp-content\/uploads\/2022\/05\/cropped-ziplinedolonka-favicon.png\",\"width\":512,\"height\":512,\"caption\":\"Zipline Dolinka Bled\"},\"image\":{\"@id\":\"https:\/\/staging.zipline-dolinka.si\/hu\/#\/schema\/logo\/image\/\"},\"sameAs\":[\"https:\/\/www.facebook.com\/ZiplineDolinka\/\",\"https:\/\/www.tripadvisor.com\/Attraction_Review-g274863-d14139627-Reviews-Zipline_Dolinka-Bled_Upper_Carniola_Region.html\"]}]}<\/script>\n<!-- \/ Yoast SEO plugin. -->","yoast_head_json":{"title":"Cookies - Zipline Dolinka","robots":{"index":"index","follow":"follow","max-snippet":"max-snippet:-1","max-image-preview":"max-image-preview:large","max-video-preview":"max-video-preview:-1"},"canonical":"https:\/\/staging.zipline-dolinka.si\/hu\/cookies\/","og_locale":"hu_HU","og_type":"article","og_title":"Cookies - Zipline Dolinka","og_description":"Mik a cooke-k? A cooki-k kis sz\u00f6veges f\u00e1jlok az \u00d6n sz\u00e1m\u00edt\u00f3g\u00e9p\u00e9n, amelyek inform\u00e1ci\u00f3t t\u00e1rolnak arr\u00f3l, hogy h\u00e1nyszor l\u00e1togatta meg weboldalunkat, \u00e9s mi \u00e9rdekli \u00d6nt ezen l\u00e1togat\u00e1sok sor\u00e1n. A cooke-ik nem tartalmaznak olyan szem\u00e9lyes adatokat, amelyek alapj\u00e1n azonos\u00edtani lehetne \u00d6nt. Mi\u00e9rt sz\u00fcks\u00e9gesek a cookie-k? A cooki-k seg\u00edtenek jobb felhaszn\u00e1l\u00f3i \u00e9lm\u00e9nyt ny\u00fajtani weboldalunkon. P\u00e9ld\u00e1ul a cookie-k r\u00f6gz\u00edthetik&hellip;&nbsp;Read More &raquo;Cookies","og_url":"https:\/\/staging.zipline-dolinka.si\/hu\/cookies\/","og_site_name":"Zipline Dolinka","article_publisher":"https:\/\/www.facebook.com\/ZiplineDolinka\/","article_modified_time":"2023-06-13T09:10:53+00:00","twitter_card":"summary_large_image","twitter_misc":{"Becs\u00fclt olvas\u00e1si id\u0151":"2 perc"},"schema":{"@context":"https:\/\/schema.org","@graph":[{"@type":"WebPage","@id":"https:\/\/staging.zipline-dolinka.si\/hu\/cookies\/","url":"https:\/\/staging.zipline-dolinka.si\/hu\/cookies\/","name":"Cookies - Zipline Dolinka","isPartOf":{"@id":"https:\/\/staging.zipline-dolinka.si\/hu\/#website"},"datePublished":"2022-05-27T09:43:26+00:00","dateModified":"2023-06-13T09:10:53+00:00","breadcrumb":{"@id":"https:\/\/staging.zipline-dolinka.si\/hu\/cookies\/#breadcrumb"},"inLanguage":"hu","potentialAction":[{"@type":"ReadAction","target":["https:\/\/staging.zipline-dolinka.si\/hu\/cookies\/"]}]},{"@type":"BreadcrumbList","@id":"https:\/\/staging.zipline-dolinka.si\/hu\/cookies\/#breadcrumb","itemListElement":[{"@type":"ListItem","position":1,"name":"Kezd\u0151lap","item":"https:\/\/staging.zipline-dolinka.si\/hu\/"},{"@type":"ListItem","position":2,"name":"Cookies"}]},{"@type":"WebSite","@id":"https:\/\/staging.zipline-dolinka.si\/hu\/#website","url":"https:\/\/staging.zipline-dolinka.si\/hu\/","name":"Zipline Dolinka","description":"The Longest Zipline in Europe","publisher":{"@id":"https:\/\/staging.zipline-dolinka.si\/hu\/#organization"},"potentialAction":[{"@type":"SearchAction","target":{"@type":"EntryPoint","urlTemplate":"https:\/\/staging.zipline-dolinka.si\/hu\/?s={search_term_string}"},"query-input":"required name=search_term_string"}],"inLanguage":"hu"},{"@type":"Organization","@id":"https:\/\/staging.zipline-dolinka.si\/hu\/#organization","name":"Zipline Dolinka Bled","url":"https:\/\/staging.zipline-dolinka.si\/hu\/","logo":{"@type":"ImageObject","inLanguage":"hu","@id":"https:\/\/staging.zipline-dolinka.si\/hu\/#\/schema\/logo\/image\/","url":"https:\/\/staging.zipline-dolinka.si\/wp-content\/uploads\/2022\/05\/cropped-ziplinedolonka-favicon.png","contentUrl":"https:\/\/staging.zipline-dolinka.si\/wp-content\/uploads\/2022\/05\/cropped-ziplinedolonka-favicon.png","width":512,"height":512,"caption":"Zipline Dolinka Bled"},"image":{"@id":"https:\/\/staging.zipline-dolinka.si\/hu\/#\/schema\/logo\/image\/"},"sameAs":["https:\/\/www.facebook.com\/ZiplineDolinka\/","https:\/\/www.tripadvisor.com\/Attraction_Review-g274863-d14139627-Reviews-Zipline_Dolinka-Bled_Upper_Carniola_Region.html"]}]}},"_links":{"self":[{"href":"https:\/\/staging.zipline-dolinka.si\/hu\/wp-json\/wp\/v2\/pages\/2592","targetHints":{"allow":["GET"]}}],"collection":[{"href":"https:\/\/staging.zipline-dolinka.si\/hu\/wp-json\/wp\/v2\/pages"}],"about":[{"href":"https:\/\/staging.zipline-dolinka.si\/hu\/wp-json\/wp\/v2\/types\/page"}],"author":[{"embeddable":true,"href":"https:\/\/staging.zipline-dolinka.si\/hu\/wp-json\/wp\/v2\/users\/2"}],"replies":[{"embeddable":true,"href":"https:\/\/staging.zipline-dolinka.si\/hu\/wp-json\/wp\/v2\/comments?post=2592"}],"version-history":[{"count":0,"href":"https:\/\/staging.zipline-dolinka.si\/hu\/wp-json\/wp\/v2\/pages\/2592\/revisions"}],"wp:attachment":[{"href":"https:\/\/staging.zipline-dolinka.si\/hu\/wp-json\/wp\/v2\/media?parent=2592"}],"curies":[{"name":"wp","href":"https:\/\/api.w.org\/{rel}","templated":true}]}}