{"id":2597,"date":"2022-06-16T20:20:18","date_gmt":"2022-06-16T20:20:18","guid":{"rendered":"https:\/\/staging.zipline-dolinka.si\/?page_id=2597"},"modified":"2023-06-13T09:22:57","modified_gmt":"2023-06-13T09:22:57","slug":"tortenetunk","status":"publish","type":"page","link":"https:\/\/staging.zipline-dolinka.si\/hu\/tortenetunk\/","title":{"rendered":"T\u00f6rt\u00e9net\u00fcnk\u00a0"},"content":{"rendered":"\n<p>Csapatunk a foly\u00f3 mindk\u00e9t partj\u00e1r\u00f3l helyi lakosokb\u00f3l \u00e1ll, akiket a fenntarthat\u00f3 fejl\u0151d\u00e9s elk\u00e9pzel\u00e9se, valamint a Karavanke-hegys\u00e9g \u00e9s a J\u00faliai-Alpok k\u00f6z\u00f6tti term\u00e9szeti \u00e9s kultur\u00e1lis \u00f6r\u00f6ks\u00e9g meg\u0151rz\u00e9se vez\u00e9rel.<\/p>\n\n\n\n<figure class=\"wp-block-pullquote\"><blockquote><p>\u201eA karni\u00f3lai vid\u00e9knek nincs nagyobb sz\u00e9ps\u00e9ge, mint ez a paradicsomi k\u00e9p\u201d<\/p><cite>France Pre\u0161eren, 1800\u20131849, a legnagyobb szlov\u00e9n k\u00f6lt\u0151, Vrba faluban sz\u00fcletett, a Sz\u00e1va Dolinka bal partj\u00e1n.<\/cite><\/blockquote><\/figure>\n\n\n\n<figure class=\"wp-block-image size-large\"><img loading=\"lazy\" decoding=\"async\" width=\"1024\" height=\"684\" src=\"https:\/\/staging.zipline-dolinka.si\/wp-content\/uploads\/2022\/06\/Private-1024x684.jpg\" alt=\"\" class=\"wp-image-641\" srcset=\"https:\/\/staging.zipline-dolinka.si\/wp-content\/uploads\/2022\/06\/Private-1024x684.jpg 1024w, https:\/\/staging.zipline-dolinka.si\/wp-content\/uploads\/2022\/06\/Private-300x200.jpg 300w, https:\/\/staging.zipline-dolinka.si\/wp-content\/uploads\/2022\/06\/Private-768x513.jpg 768w, https:\/\/staging.zipline-dolinka.si\/wp-content\/uploads\/2022\/06\/Private-930x620.jpg 930w, https:\/\/staging.zipline-dolinka.si\/wp-content\/uploads\/2022\/06\/Private.jpg 1400w\" sizes=\"auto, (max-width: 1024px) 100vw, 1024px\" \/><\/figure>\n\n\n\n<h2 class=\"wp-block-heading\">A foly\u00f3nk<\/h2>\n\n\n\n<p>A Dolinka foly\u00f3 \u2013 a n\u00e9v m\u00f6g\u00f6tt egy b\u00fcszke k\u00f6z\u00f6ss\u00e9g t\u00f6rt\u00e9nete h\u00faz\u00f3dik meg, aki nem engedte, hogy a korm\u00e1ny fenyegesse a foly\u00f3t \u00e9s k\u00f6rny\u00e9k\u00e9t. 2004-ben a helyiek n\u00e9pszavaz\u00e1st szerveztek, \u00e9s sikeresen megd\u00f6nt\u00f6tt\u00e9k a korm\u00e1ny g\u00e1t\u00e9p\u00edt\u00e9si terv\u00e9t, amely puszt\u00edt\u00f3 hat\u00e1st gyakorolt \u200b\u200bvolna a v\u00f6lgyre.<\/p>\n\n\n\n<p>Ma a v\u00f6lgy vir\u00e1gzik, \u00e9s term\u00e9szetes \u00e9s \u00e9rintetlen kapcsolatk\u00e9nt funkcion\u00e1l Bled \u00e9s Vrba k\u00f6z\u00f6tt \u2013 Szlov\u00e9nia legnagyobb k\u00f6lt\u0151j\u00e9nek, France Pre\u0161erennek a sz\u00fcl\u0151helye. Vrba csak egy a k\u00f6rny\u00e9k sok faluja k\u00f6z\u00fcl, amely a szlov\u00e9n irodalom \u00e9kk\u00f6ve. Csatlakozzon hozz\u00e1nk \u00e9s t\u00e1mogassa gy\u00f6ny\u00f6r\u0171, term\u00e9szeti \u00e9s gazdag kultur\u00e1lis \u00f6r\u00f6ks\u00e9g\u00fcnk meg\u0151rz\u00e9s\u00e9t az Alpok napos oldal\u00e1n.<\/p>\n\n\n\n<p><a href=\"https:\/\/visitzirovnica.si\/en\/experiences\/literary-route\/\" target=\"_blank\" rel=\"noreferrer noopener\"> B\u0151vebben a Kultur\u00e1lis \u00d6r\u00f6ks\u00e9g \u00f6sv\u00e9ny\u00e9r\u0151l..<\/a><\/p>\n\n\n\n<p>A Dolinka-v\u00f6lgy term\u00e9szeti \u00e9rt\u00e9k\u00e9t a zipline projekt kezdet\u00e9t\u0151l fogva figyelembe vett\u00e9k. A k\u00f6rnyez\u0151 ter\u00fclet minim\u00e1lis zavar\u00e1sa mellett a k\u00e1beleket \u00e9s \u00f6sv\u00e9nyeket a hely\u00fckre helyezt\u00e9k, \u00e9s az \u00fatvonalat kialak\u00edtott\u00e1k, \u00edgy a l\u00e1togat\u00f3k most teljesen \u00faj m\u00f3don tapasztalhatj\u00e1k meg a foly\u00f3t \u00e9s a v\u00f6lgyet.<\/p>\n\n\n\n<figure class=\"wp-block-image size-large\"><img loading=\"lazy\" decoding=\"async\" width=\"1024\" height=\"575\" src=\"https:\/\/staging.zipline-dolinka.si\/wp-content\/uploads\/2022\/06\/Our_Story-1024x575.jpeg\" alt=\"\" class=\"wp-image-645\" srcset=\"https:\/\/staging.zipline-dolinka.si\/wp-content\/uploads\/2022\/06\/Our_Story-1024x575.jpeg 1024w, https:\/\/staging.zipline-dolinka.si\/wp-content\/uploads\/2022\/06\/Our_Story-300x169.jpeg 300w, https:\/\/staging.zipline-dolinka.si\/wp-content\/uploads\/2022\/06\/Our_Story-768x431.jpeg 768w, https:\/\/staging.zipline-dolinka.si\/wp-content\/uploads\/2022\/06\/Our_Story.jpeg 1029w\" sizes=\"auto, (max-width: 1024px) 100vw, 1024px\" \/><\/figure>\n\n\n\n<h2 class=\"wp-block-heading\">A mi megk\u00f6zel\u00edt\u00e9s\u00fcnk<\/h2>\n\n\n\n<p>A helyiek k\u00e9t \u00e9vtizede sikeresen \u0151rzik a v\u00f6lgyet. Itt, a Zipline Dolink\u00e1n\u00e1l arra t\u00f6reksz\u00fcnk, hogy felh\u00edvjuk a figyelmet a v\u00f6lgy term\u00e9szeti fontoss\u00e1g\u00e1ra, n\u00e9pszer\u0171s\u00edts\u00fck a r\u00e9gi\u00f3t a l\u00e1togat\u00f3k k\u00f6r\u00e9ben, \u00e9s megosszuk t\u00f6rt\u00e9net\u00fcnket.<\/p>\n\n\n\n<p>Mind a h\u00e9t zipline nyomvonalat gondosan v\u00e1lasztott\u00e1k ki, hogy ne v\u00e1gj\u00e1k ki a f\u00e1kat vagy ne s\u00e9r\u00fcljenek meg. A k\u00e1beleket a legjobb modern technol\u00f3gia seg\u00edts\u00e9g\u00e9vel helyezt\u00e9k el, \u00e9s dr\u00f3nnal gondoskodtak arr\u00f3l, hogy a k\u00f6telek alatti n\u00f6v\u00e9nyzet ne szenvedjen negat\u00edv hat\u00e1st. Hissz\u00fck, hogy siker\u00fclt l\u00e9trehoznunk valamit, ami a leghitelesebb betekint\u00e9st ny\u00fajtja a l\u00e1togat\u00f3knak a v\u00f6lgy legfontosabb term\u00e9szeti adotts\u00e1gaiba an\u00e9lk\u00fcl, hogy megzavarn\u00e1 a term\u00e9szetet.<\/p>\n\n\n\n<div id=\"wp-block-themeisle-blocks-advanced-columns-bddec2eb\" class=\"wp-block-themeisle-blocks-advanced-columns has-1-columns has-desktop-twoOne-layout has-tablet-equal-layout has-mobile-equal-layout has-vertical-unset\"><div class=\"wp-block-themeisle-blocks-advanced-columns-overlay\"><\/div><div class=\"innerblocks-wrap\">\n<div id=\"wp-block-themeisle-blocks-advanced-column-84df613f\" class=\"wp-block-themeisle-blocks-advanced-column\"><\/div>\n<\/div><\/div>\n","protected":false},"excerpt":{"rendered":"<p>Csapatunk a foly\u00f3 mindk\u00e9t partj\u00e1r\u00f3l helyi lakosokb\u00f3l \u00e1ll, akiket a fenntarthat\u00f3 fejl\u0151d\u00e9s elk\u00e9pzel\u00e9se, valamint a Karavanke-hegys\u00e9g \u00e9s a J\u00faliai-Alpok k\u00f6z\u00f6tti term\u00e9szeti \u00e9s kultur\u00e1lis \u00f6r\u00f6ks\u00e9g meg\u0151rz\u00e9se vez\u00e9rel. \u201eA karni\u00f3lai vid\u00e9knek nincs nagyobb sz\u00e9ps\u00e9ge, mint ez a paradicsomi k\u00e9p\u201d France Pre\u0161eren, 1800\u20131849, a legnagyobb szlov\u00e9n k\u00f6lt\u0151, Vrba faluban sz\u00fcletett, a Sz\u00e1va Dolinka bal partj\u00e1n. A foly\u00f3nk A&hellip;&nbsp;<a href=\"https:\/\/staging.zipline-dolinka.si\/hu\/tortenetunk\/\" class=\"\" rel=\"bookmark\">Read More &raquo;<span class=\"screen-reader-text\">T\u00f6rt\u00e9net\u00fcnk\u00a0<\/span><\/a><\/p>\n","protected":false},"author":2,"featured_media":0,"parent":0,"menu_order":5,"comment_status":"closed","ping_status":"closed","template":"","meta":{"neve_meta_sidebar":"","neve_meta_container":"","neve_meta_enable_content_width":"","neve_meta_content_width":0,"neve_meta_title_alignment":"","neve_meta_author_avatar":"","neve_post_elements_order":"","neve_meta_disable_header":"","neve_meta_disable_footer":"","neve_meta_disable_title":"","neve_meta_reading_time":"","_themeisle_gutenberg_block_has_review":false,"_ti_tpc_template_sync":false,"_ti_tpc_template_id":"","footnotes":""},"class_list":["post-2597","page","type-page","status-publish","hentry"],"yoast_head":"<!-- This site is optimized with the Yoast SEO plugin v20.8 - https:\/\/yoast.com\/wordpress\/plugins\/seo\/ -->\n<title>T\u00f6rt\u00e9net\u00fcnk\u00a0 - Zipline Dolinka<\/title>\n<meta name=\"robots\" content=\"index, follow, max-snippet:-1, max-image-preview:large, max-video-preview:-1\" \/>\n<link rel=\"canonical\" href=\"https:\/\/staging.zipline-dolinka.si\/hu\/tortenetunk\/\" \/>\n<meta property=\"og:locale\" content=\"hu_HU\" \/>\n<meta property=\"og:type\" content=\"article\" \/>\n<meta property=\"og:title\" content=\"T\u00f6rt\u00e9net\u00fcnk\u00a0 - Zipline Dolinka\" \/>\n<meta property=\"og:description\" content=\"Csapatunk a foly\u00f3 mindk\u00e9t partj\u00e1r\u00f3l helyi lakosokb\u00f3l \u00e1ll, akiket a fenntarthat\u00f3 fejl\u0151d\u00e9s elk\u00e9pzel\u00e9se, valamint a Karavanke-hegys\u00e9g \u00e9s a J\u00faliai-Alpok k\u00f6z\u00f6tti term\u00e9szeti \u00e9s kultur\u00e1lis \u00f6r\u00f6ks\u00e9g meg\u0151rz\u00e9se vez\u00e9rel. \u201eA karni\u00f3lai vid\u00e9knek nincs nagyobb sz\u00e9ps\u00e9ge, mint ez a paradicsomi k\u00e9p\u201d France Pre\u0161eren, 1800\u20131849, a legnagyobb szlov\u00e9n k\u00f6lt\u0151, Vrba faluban sz\u00fcletett, a Sz\u00e1va Dolinka bal partj\u00e1n. A foly\u00f3nk A&hellip;&nbsp;Read More &raquo;T\u00f6rt\u00e9net\u00fcnk\u00a0\" \/>\n<meta property=\"og:url\" content=\"https:\/\/staging.zipline-dolinka.si\/hu\/tortenetunk\/\" \/>\n<meta property=\"og:site_name\" content=\"Zipline Dolinka\" \/>\n<meta property=\"article:publisher\" content=\"https:\/\/www.facebook.com\/ZiplineDolinka\/\" \/>\n<meta property=\"article:modified_time\" content=\"2023-06-13T09:22:57+00:00\" \/>\n<meta property=\"og:image\" content=\"https:\/\/staging.zipline-dolinka.si\/wp-content\/uploads\/2022\/06\/Private-1024x684.jpg\" \/>\n<meta name=\"twitter:card\" content=\"summary_large_image\" \/>\n<meta name=\"twitter:label1\" content=\"Becs\u00fclt olvas\u00e1si id\u0151\" \/>\n\t<meta name=\"twitter:data1\" content=\"2 perc\" \/>\n<script type=\"application\/ld+json\" class=\"yoast-schema-graph\">{\"@context\":\"https:\/\/schema.org\",\"@graph\":[{\"@type\":\"WebPage\",\"@id\":\"https:\/\/staging.zipline-dolinka.si\/hu\/tortenetunk\/\",\"url\":\"https:\/\/staging.zipline-dolinka.si\/hu\/tortenetunk\/\",\"name\":\"T\u00f6rt\u00e9net\u00fcnk\u00a0 - Zipline Dolinka\",\"isPartOf\":{\"@id\":\"https:\/\/staging.zipline-dolinka.si\/hu\/#website\"},\"datePublished\":\"2022-06-16T20:20:18+00:00\",\"dateModified\":\"2023-06-13T09:22:57+00:00\",\"breadcrumb\":{\"@id\":\"https:\/\/staging.zipline-dolinka.si\/hu\/tortenetunk\/#breadcrumb\"},\"inLanguage\":\"hu\",\"potentialAction\":[{\"@type\":\"ReadAction\",\"target\":[\"https:\/\/staging.zipline-dolinka.si\/hu\/tortenetunk\/\"]}]},{\"@type\":\"BreadcrumbList\",\"@id\":\"https:\/\/staging.zipline-dolinka.si\/hu\/tortenetunk\/#breadcrumb\",\"itemListElement\":[{\"@type\":\"ListItem\",\"position\":1,\"name\":\"Kezd\u0151lap\",\"item\":\"https:\/\/staging.zipline-dolinka.si\/hu\/\"},{\"@type\":\"ListItem\",\"position\":2,\"name\":\"T\u00f6rt\u00e9net\u00fcnk\u00a0\"}]},{\"@type\":\"WebSite\",\"@id\":\"https:\/\/staging.zipline-dolinka.si\/hu\/#website\",\"url\":\"https:\/\/staging.zipline-dolinka.si\/hu\/\",\"name\":\"Zipline Dolinka\",\"description\":\"The Longest Zipline in Europe\",\"publisher\":{\"@id\":\"https:\/\/staging.zipline-dolinka.si\/hu\/#organization\"},\"potentialAction\":[{\"@type\":\"SearchAction\",\"target\":{\"@type\":\"EntryPoint\",\"urlTemplate\":\"https:\/\/staging.zipline-dolinka.si\/hu\/?s={search_term_string}\"},\"query-input\":\"required name=search_term_string\"}],\"inLanguage\":\"hu\"},{\"@type\":\"Organization\",\"@id\":\"https:\/\/staging.zipline-dolinka.si\/hu\/#organization\",\"name\":\"Zipline Dolinka Bled\",\"url\":\"https:\/\/staging.zipline-dolinka.si\/hu\/\",\"logo\":{\"@type\":\"ImageObject\",\"inLanguage\":\"hu\",\"@id\":\"https:\/\/staging.zipline-dolinka.si\/hu\/#\/schema\/logo\/image\/\",\"url\":\"https:\/\/staging.zipline-dolinka.si\/wp-content\/uploads\/2022\/05\/cropped-ziplinedolonka-favicon.png\",\"contentUrl\":\"https:\/\/staging.zipline-dolinka.si\/wp-content\/uploads\/2022\/05\/cropped-ziplinedolonka-favicon.png\",\"width\":512,\"height\":512,\"caption\":\"Zipline Dolinka Bled\"},\"image\":{\"@id\":\"https:\/\/staging.zipline-dolinka.si\/hu\/#\/schema\/logo\/image\/\"},\"sameAs\":[\"https:\/\/www.facebook.com\/ZiplineDolinka\/\",\"https:\/\/www.tripadvisor.com\/Attraction_Review-g274863-d14139627-Reviews-Zipline_Dolinka-Bled_Upper_Carniola_Region.html\"]}]}<\/script>\n<!-- \/ Yoast SEO plugin. -->","yoast_head_json":{"title":"T\u00f6rt\u00e9net\u00fcnk\u00a0 - Zipline Dolinka","robots":{"index":"index","follow":"follow","max-snippet":"max-snippet:-1","max-image-preview":"max-image-preview:large","max-video-preview":"max-video-preview:-1"},"canonical":"https:\/\/staging.zipline-dolinka.si\/hu\/tortenetunk\/","og_locale":"hu_HU","og_type":"article","og_title":"T\u00f6rt\u00e9net\u00fcnk\u00a0 - Zipline Dolinka","og_description":"Csapatunk a foly\u00f3 mindk\u00e9t partj\u00e1r\u00f3l helyi lakosokb\u00f3l \u00e1ll, akiket a fenntarthat\u00f3 fejl\u0151d\u00e9s elk\u00e9pzel\u00e9se, valamint a Karavanke-hegys\u00e9g \u00e9s a J\u00faliai-Alpok k\u00f6z\u00f6tti term\u00e9szeti \u00e9s kultur\u00e1lis \u00f6r\u00f6ks\u00e9g meg\u0151rz\u00e9se vez\u00e9rel. \u201eA karni\u00f3lai vid\u00e9knek nincs nagyobb sz\u00e9ps\u00e9ge, mint ez a paradicsomi k\u00e9p\u201d France Pre\u0161eren, 1800\u20131849, a legnagyobb szlov\u00e9n k\u00f6lt\u0151, Vrba faluban sz\u00fcletett, a Sz\u00e1va Dolinka bal partj\u00e1n. A foly\u00f3nk A&hellip;&nbsp;Read More &raquo;T\u00f6rt\u00e9net\u00fcnk\u00a0","og_url":"https:\/\/staging.zipline-dolinka.si\/hu\/tortenetunk\/","og_site_name":"Zipline Dolinka","article_publisher":"https:\/\/www.facebook.com\/ZiplineDolinka\/","article_modified_time":"2023-06-13T09:22:57+00:00","og_image":[{"url":"https:\/\/staging.zipline-dolinka.si\/wp-content\/uploads\/2022\/06\/Private-1024x684.jpg"}],"twitter_card":"summary_large_image","twitter_misc":{"Becs\u00fclt olvas\u00e1si id\u0151":"2 perc"},"schema":{"@context":"https:\/\/schema.org","@graph":[{"@type":"WebPage","@id":"https:\/\/staging.zipline-dolinka.si\/hu\/tortenetunk\/","url":"https:\/\/staging.zipline-dolinka.si\/hu\/tortenetunk\/","name":"T\u00f6rt\u00e9net\u00fcnk\u00a0 - Zipline Dolinka","isPartOf":{"@id":"https:\/\/staging.zipline-dolinka.si\/hu\/#website"},"datePublished":"2022-06-16T20:20:18+00:00","dateModified":"2023-06-13T09:22:57+00:00","breadcrumb":{"@id":"https:\/\/staging.zipline-dolinka.si\/hu\/tortenetunk\/#breadcrumb"},"inLanguage":"hu","potentialAction":[{"@type":"ReadAction","target":["https:\/\/staging.zipline-dolinka.si\/hu\/tortenetunk\/"]}]},{"@type":"BreadcrumbList","@id":"https:\/\/staging.zipline-dolinka.si\/hu\/tortenetunk\/#breadcrumb","itemListElement":[{"@type":"ListItem","position":1,"name":"Kezd\u0151lap","item":"https:\/\/staging.zipline-dolinka.si\/hu\/"},{"@type":"ListItem","position":2,"name":"T\u00f6rt\u00e9net\u00fcnk\u00a0"}]},{"@type":"WebSite","@id":"https:\/\/staging.zipline-dolinka.si\/hu\/#website","url":"https:\/\/staging.zipline-dolinka.si\/hu\/","name":"Zipline Dolinka","description":"The Longest Zipline in Europe","publisher":{"@id":"https:\/\/staging.zipline-dolinka.si\/hu\/#organization"},"potentialAction":[{"@type":"SearchAction","target":{"@type":"EntryPoint","urlTemplate":"https:\/\/staging.zipline-dolinka.si\/hu\/?s={search_term_string}"},"query-input":"required name=search_term_string"}],"inLanguage":"hu"},{"@type":"Organization","@id":"https:\/\/staging.zipline-dolinka.si\/hu\/#organization","name":"Zipline Dolinka Bled","url":"https:\/\/staging.zipline-dolinka.si\/hu\/","logo":{"@type":"ImageObject","inLanguage":"hu","@id":"https:\/\/staging.zipline-dolinka.si\/hu\/#\/schema\/logo\/image\/","url":"https:\/\/staging.zipline-dolinka.si\/wp-content\/uploads\/2022\/05\/cropped-ziplinedolonka-favicon.png","contentUrl":"https:\/\/staging.zipline-dolinka.si\/wp-content\/uploads\/2022\/05\/cropped-ziplinedolonka-favicon.png","width":512,"height":512,"caption":"Zipline Dolinka Bled"},"image":{"@id":"https:\/\/staging.zipline-dolinka.si\/hu\/#\/schema\/logo\/image\/"},"sameAs":["https:\/\/www.facebook.com\/ZiplineDolinka\/","https:\/\/www.tripadvisor.com\/Attraction_Review-g274863-d14139627-Reviews-Zipline_Dolinka-Bled_Upper_Carniola_Region.html"]}]}},"_links":{"self":[{"href":"https:\/\/staging.zipline-dolinka.si\/hu\/wp-json\/wp\/v2\/pages\/2597","targetHints":{"allow":["GET"]}}],"collection":[{"href":"https:\/\/staging.zipline-dolinka.si\/hu\/wp-json\/wp\/v2\/pages"}],"about":[{"href":"https:\/\/staging.zipline-dolinka.si\/hu\/wp-json\/wp\/v2\/types\/page"}],"author":[{"embeddable":true,"href":"https:\/\/staging.zipline-dolinka.si\/hu\/wp-json\/wp\/v2\/users\/2"}],"replies":[{"embeddable":true,"href":"https:\/\/staging.zipline-dolinka.si\/hu\/wp-json\/wp\/v2\/comments?post=2597"}],"version-history":[{"count":0,"href":"https:\/\/staging.zipline-dolinka.si\/hu\/wp-json\/wp\/v2\/pages\/2597\/revisions"}],"wp:attachment":[{"href":"https:\/\/staging.zipline-dolinka.si\/hu\/wp-json\/wp\/v2\/media?parent=2597"}],"curies":[{"name":"wp","href":"https:\/\/api.w.org\/{rel}","templated":true}]}}