{"id":3255,"date":"2022-06-15T18:37:46","date_gmt":"2022-06-15T18:37:46","guid":{"rendered":"https:\/\/staging.zipline-dolinka.si\/?page_id=3255"},"modified":"2023-06-27T15:15:35","modified_gmt":"2023-06-27T15:15:35","slug":"privat-jegy","status":"publish","type":"page","link":"https:\/\/staging.zipline-dolinka.si\/hu\/tour\/privat-jegy\/","title":{"rendered":"Priv\u00e1t jegy"},"content":{"rendered":"\n<div id=\"wp-block-themeisle-blocks-advanced-columns-40d4ac3b\" class=\"wp-block-themeisle-blocks-advanced-columns has-2-columns has-desktop-equal-layout has-tablet-equal-layout has-mobile-collapsedRows-layout has-vertical-unset\"><div class=\"wp-block-themeisle-blocks-advanced-columns-overlay\"><\/div><div class=\"innerblocks-wrap\">\n<div id=\"wp-block-themeisle-blocks-advanced-column-11388c99\" class=\"wp-block-themeisle-blocks-advanced-column\">\n\n\n\n<script>\nga(function (tracker) {\n \/\/ Gets the client ID of the default tracker.\n var clientId = tracker.get('clientId');\n\n\n \/\/ Gets the Checkfront iframe.\n var checkfrontIframe = document.getElementById('CHECKFRONT_WIDGET_01').getElementsByTagName('iframe')[0]; \n\n\n \/\/ Sends the client ID to the window inside the destination frame, once it's loaded.\n checkfrontIframe.addEventListener(\"load\", function () {\n this.contentWindow.postMessage(clientId, 'https:\/\/zipline-dolinka.checkfront.com');\n });\n});\n<\/script>\n<\/div>\n\n\n\n<div id=\"wp-block-themeisle-blocks-advanced-column-31b001f5\" class=\"wp-block-themeisle-blocks-advanced-column\">\n<p>A Priv\u00e1t jegy lehet\u0151v\u00e9 teszi, hogy csal\u00e1dja vagy bar\u00e1tai k\u00f6r\u00e9ben \u00e9lvezze a Zipline Dolinka t\u00far\u00e1t \u00fagy, hogy a csoportban nincs m\u00e1s vend\u00e9g. A r\u00e9sztvev\u0151k minim\u00e1lis sz\u00e1ma 4 f\u0151.<\/p>\n\n\n\n<p>C\u00e9lunk, hogy az akt\u00edv \u00e9letet szeret\u0151 l\u00e1togat\u00f3k sz\u00e1m\u00e1ra csod\u00e1latos \u00e9lm\u00e9nyt ny\u00fajtsunk, ugyanakkor tudatos\u00edtsuk benn\u00fck a k\u00f6rnyezeti \u00e9rt\u00e9keket. Egyes\u00edtj\u00fck az egym\u00e1st kieg\u00e9sz\u00edt\u0151 \u00e9s t\u00e1mogat\u00f3 elemeket: a v\u00f6lgy\u00f6n \u00e1thalad\u00f3 zipline vonz\u00f3 k\u00f6rnyezete, ahol a foly\u00f3 erd\u0151k\u00f6n \u00e9s vizes \u00e9l\u0151helyeken halad kereszt\u00fcl, t\u00e1mogatja a term\u00e9szetes egy\u00fctt\u00e9l\u00e9s gondolat\u00e1t, \u00e9s olyan h\u00e1tt\u00e9rk\u00e9nt szolg\u00e1l, amely a fenntarthat\u00f3s\u00e1g t\u00e1mogat\u00e1s\u00e1ra k\u00e9szteti a vend\u00e9geket. gondolkod\u00e1s.<\/p>\n\n\n\n<p>Az utaz\u00e1s 7 db zipline k\u00e1belt tartalmaz, amelyek hossza 300 \u00e9s 700 m k\u00f6z\u00f6tt van, \u00e9s teljes hossza 4 km. Az egyes Zipline \u00e9rdekes erdei \u00e9s mezei \u00f6sv\u00e9nyekkel k\u00f6thet\u0151 \u00f6ssze. Sz\u00e1mos meg\u00e1ll\u00f3 is tal\u00e1lhat\u00f3, amelyek betekint\u00e9st ny\u00fajtanak a n\u00f6v\u00e9ny- \u00e9s \u00e1llatvil\u00e1gba, \u00e9s leny\u0171g\u00f6z\u0151 kil\u00e1t\u00e1st ny\u00fajtanak a Triglav-hegy, a Stol \u00e9s a Babji zob cs\u00facsaira.<\/p>\n<\/div>\n<\/div><\/div>\n","protected":false},"excerpt":{"rendered":"","protected":false},"author":1,"featured_media":0,"parent":2595,"menu_order":1,"comment_status":"closed","ping_status":"closed","template":"","meta":{"neve_meta_sidebar":"","neve_meta_container":"","neve_meta_enable_content_width":"","neve_meta_content_width":0,"neve_meta_title_alignment":"","neve_meta_author_avatar":"","neve_post_elements_order":"","neve_meta_disable_header":"","neve_meta_disable_footer":"","neve_meta_disable_title":"","neve_meta_reading_time":"","_themeisle_gutenberg_block_has_review":false,"_ti_tpc_template_sync":false,"_ti_tpc_template_id":"","footnotes":""},"class_list":["post-3255","page","type-page","status-publish","hentry"],"yoast_head":"<!-- This site is optimized with the Yoast SEO plugin v20.8 - https:\/\/yoast.com\/wordpress\/plugins\/seo\/ -->\n<title>Priv\u00e1t jegy - Zipline Dolinka<\/title>\n<meta name=\"robots\" content=\"index, follow, max-snippet:-1, max-image-preview:large, max-video-preview:-1\" \/>\n<link rel=\"canonical\" href=\"https:\/\/staging.zipline-dolinka.si\/hu\/tour\/privat-jegy\/\" \/>\n<meta property=\"og:locale\" content=\"hu_HU\" \/>\n<meta property=\"og:type\" content=\"article\" \/>\n<meta property=\"og:title\" content=\"Priv\u00e1t jegy - Zipline Dolinka\" \/>\n<meta property=\"og:url\" content=\"https:\/\/staging.zipline-dolinka.si\/hu\/tour\/privat-jegy\/\" \/>\n<meta property=\"og:site_name\" content=\"Zipline Dolinka\" \/>\n<meta property=\"article:publisher\" content=\"https:\/\/www.facebook.com\/ZiplineDolinka\/\" \/>\n<meta property=\"article:modified_time\" content=\"2023-06-27T15:15:35+00:00\" \/>\n<meta name=\"twitter:card\" content=\"summary_large_image\" \/>\n<meta name=\"twitter:label1\" content=\"Becs\u00fclt olvas\u00e1si id\u0151\" \/>\n\t<meta name=\"twitter:data1\" content=\"1 perc\" \/>\n<script type=\"application\/ld+json\" class=\"yoast-schema-graph\">{\"@context\":\"https:\/\/schema.org\",\"@graph\":[{\"@type\":\"WebPage\",\"@id\":\"https:\/\/staging.zipline-dolinka.si\/hu\/tour\/privat-jegy\/\",\"url\":\"https:\/\/staging.zipline-dolinka.si\/hu\/tour\/privat-jegy\/\",\"name\":\"Priv\u00e1t jegy - Zipline Dolinka\",\"isPartOf\":{\"@id\":\"https:\/\/staging.zipline-dolinka.si\/hu\/#website\"},\"datePublished\":\"2022-06-15T18:37:46+00:00\",\"dateModified\":\"2023-06-27T15:15:35+00:00\",\"breadcrumb\":{\"@id\":\"https:\/\/staging.zipline-dolinka.si\/hu\/tour\/privat-jegy\/#breadcrumb\"},\"inLanguage\":\"hu\",\"potentialAction\":[{\"@type\":\"ReadAction\",\"target\":[\"https:\/\/staging.zipline-dolinka.si\/hu\/tour\/privat-jegy\/\"]}]},{\"@type\":\"BreadcrumbList\",\"@id\":\"https:\/\/staging.zipline-dolinka.si\/hu\/tour\/privat-jegy\/#breadcrumb\",\"itemListElement\":[{\"@type\":\"ListItem\",\"position\":1,\"name\":\"Kezd\u0151lap\",\"item\":\"https:\/\/staging.zipline-dolinka.si\/hu\/\"},{\"@type\":\"ListItem\",\"position\":2,\"name\":\"K\u00f6t\u00e9lp\u00e1ly\u00e1s t\u00far\u00e1k\",\"item\":\"https:\/\/staging.zipline-dolinka.si\/hu\/tour\/\"},{\"@type\":\"ListItem\",\"position\":3,\"name\":\"Priv\u00e1t jegy\"}]},{\"@type\":\"WebSite\",\"@id\":\"https:\/\/staging.zipline-dolinka.si\/hu\/#website\",\"url\":\"https:\/\/staging.zipline-dolinka.si\/hu\/\",\"name\":\"Zipline Dolinka\",\"description\":\"The Longest Zipline in Europe\",\"publisher\":{\"@id\":\"https:\/\/staging.zipline-dolinka.si\/hu\/#organization\"},\"potentialAction\":[{\"@type\":\"SearchAction\",\"target\":{\"@type\":\"EntryPoint\",\"urlTemplate\":\"https:\/\/staging.zipline-dolinka.si\/hu\/?s={search_term_string}\"},\"query-input\":\"required name=search_term_string\"}],\"inLanguage\":\"hu\"},{\"@type\":\"Organization\",\"@id\":\"https:\/\/staging.zipline-dolinka.si\/hu\/#organization\",\"name\":\"Zipline Dolinka Bled\",\"url\":\"https:\/\/staging.zipline-dolinka.si\/hu\/\",\"logo\":{\"@type\":\"ImageObject\",\"inLanguage\":\"hu\",\"@id\":\"https:\/\/staging.zipline-dolinka.si\/hu\/#\/schema\/logo\/image\/\",\"url\":\"https:\/\/staging.zipline-dolinka.si\/wp-content\/uploads\/2022\/05\/cropped-ziplinedolonka-favicon.png\",\"contentUrl\":\"https:\/\/staging.zipline-dolinka.si\/wp-content\/uploads\/2022\/05\/cropped-ziplinedolonka-favicon.png\",\"width\":512,\"height\":512,\"caption\":\"Zipline Dolinka Bled\"},\"image\":{\"@id\":\"https:\/\/staging.zipline-dolinka.si\/hu\/#\/schema\/logo\/image\/\"},\"sameAs\":[\"https:\/\/www.facebook.com\/ZiplineDolinka\/\",\"https:\/\/www.tripadvisor.com\/Attraction_Review-g274863-d14139627-Reviews-Zipline_Dolinka-Bled_Upper_Carniola_Region.html\"]}]}<\/script>\n<!-- \/ Yoast SEO plugin. -->","yoast_head_json":{"title":"Priv\u00e1t jegy - Zipline Dolinka","robots":{"index":"index","follow":"follow","max-snippet":"max-snippet:-1","max-image-preview":"max-image-preview:large","max-video-preview":"max-video-preview:-1"},"canonical":"https:\/\/staging.zipline-dolinka.si\/hu\/tour\/privat-jegy\/","og_locale":"hu_HU","og_type":"article","og_title":"Priv\u00e1t jegy - Zipline Dolinka","og_url":"https:\/\/staging.zipline-dolinka.si\/hu\/tour\/privat-jegy\/","og_site_name":"Zipline Dolinka","article_publisher":"https:\/\/www.facebook.com\/ZiplineDolinka\/","article_modified_time":"2023-06-27T15:15:35+00:00","twitter_card":"summary_large_image","twitter_misc":{"Becs\u00fclt olvas\u00e1si id\u0151":"1 perc"},"schema":{"@context":"https:\/\/schema.org","@graph":[{"@type":"WebPage","@id":"https:\/\/staging.zipline-dolinka.si\/hu\/tour\/privat-jegy\/","url":"https:\/\/staging.zipline-dolinka.si\/hu\/tour\/privat-jegy\/","name":"Priv\u00e1t jegy - Zipline Dolinka","isPartOf":{"@id":"https:\/\/staging.zipline-dolinka.si\/hu\/#website"},"datePublished":"2022-06-15T18:37:46+00:00","dateModified":"2023-06-27T15:15:35+00:00","breadcrumb":{"@id":"https:\/\/staging.zipline-dolinka.si\/hu\/tour\/privat-jegy\/#breadcrumb"},"inLanguage":"hu","potentialAction":[{"@type":"ReadAction","target":["https:\/\/staging.zipline-dolinka.si\/hu\/tour\/privat-jegy\/"]}]},{"@type":"BreadcrumbList","@id":"https:\/\/staging.zipline-dolinka.si\/hu\/tour\/privat-jegy\/#breadcrumb","itemListElement":[{"@type":"ListItem","position":1,"name":"Kezd\u0151lap","item":"https:\/\/staging.zipline-dolinka.si\/hu\/"},{"@type":"ListItem","position":2,"name":"K\u00f6t\u00e9lp\u00e1ly\u00e1s t\u00far\u00e1k","item":"https:\/\/staging.zipline-dolinka.si\/hu\/tour\/"},{"@type":"ListItem","position":3,"name":"Priv\u00e1t jegy"}]},{"@type":"WebSite","@id":"https:\/\/staging.zipline-dolinka.si\/hu\/#website","url":"https:\/\/staging.zipline-dolinka.si\/hu\/","name":"Zipline Dolinka","description":"The Longest Zipline in Europe","publisher":{"@id":"https:\/\/staging.zipline-dolinka.si\/hu\/#organization"},"potentialAction":[{"@type":"SearchAction","target":{"@type":"EntryPoint","urlTemplate":"https:\/\/staging.zipline-dolinka.si\/hu\/?s={search_term_string}"},"query-input":"required name=search_term_string"}],"inLanguage":"hu"},{"@type":"Organization","@id":"https:\/\/staging.zipline-dolinka.si\/hu\/#organization","name":"Zipline Dolinka Bled","url":"https:\/\/staging.zipline-dolinka.si\/hu\/","logo":{"@type":"ImageObject","inLanguage":"hu","@id":"https:\/\/staging.zipline-dolinka.si\/hu\/#\/schema\/logo\/image\/","url":"https:\/\/staging.zipline-dolinka.si\/wp-content\/uploads\/2022\/05\/cropped-ziplinedolonka-favicon.png","contentUrl":"https:\/\/staging.zipline-dolinka.si\/wp-content\/uploads\/2022\/05\/cropped-ziplinedolonka-favicon.png","width":512,"height":512,"caption":"Zipline Dolinka Bled"},"image":{"@id":"https:\/\/staging.zipline-dolinka.si\/hu\/#\/schema\/logo\/image\/"},"sameAs":["https:\/\/www.facebook.com\/ZiplineDolinka\/","https:\/\/www.tripadvisor.com\/Attraction_Review-g274863-d14139627-Reviews-Zipline_Dolinka-Bled_Upper_Carniola_Region.html"]}]}},"_links":{"self":[{"href":"https:\/\/staging.zipline-dolinka.si\/hu\/wp-json\/wp\/v2\/pages\/3255","targetHints":{"allow":["GET"]}}],"collection":[{"href":"https:\/\/staging.zipline-dolinka.si\/hu\/wp-json\/wp\/v2\/pages"}],"about":[{"href":"https:\/\/staging.zipline-dolinka.si\/hu\/wp-json\/wp\/v2\/types\/page"}],"author":[{"embeddable":true,"href":"https:\/\/staging.zipline-dolinka.si\/hu\/wp-json\/wp\/v2\/users\/1"}],"replies":[{"embeddable":true,"href":"https:\/\/staging.zipline-dolinka.si\/hu\/wp-json\/wp\/v2\/comments?post=3255"}],"version-history":[{"count":0,"href":"https:\/\/staging.zipline-dolinka.si\/hu\/wp-json\/wp\/v2\/pages\/3255\/revisions"}],"up":[{"embeddable":true,"href":"https:\/\/staging.zipline-dolinka.si\/hu\/wp-json\/wp\/v2\/pages\/2595"}],"wp:attachment":[{"href":"https:\/\/staging.zipline-dolinka.si\/hu\/wp-json\/wp\/v2\/media?parent=3255"}],"curies":[{"name":"wp","href":"https:\/\/api.w.org\/{rel}","templated":true}]}}