{"id":2565,"date":"2022-05-27T09:43:26","date_gmt":"2022-05-27T09:43:26","guid":{"rendered":"https:\/\/staging.zipline-dolinka.si\/?page_id=2565"},"modified":"2023-06-13T07:29:53","modified_gmt":"2023-06-13T07:29:53","slug":"cookies","status":"publish","type":"page","link":"https:\/\/staging.zipline-dolinka.si\/it\/cookies\/","title":{"rendered":"Cookies"},"content":{"rendered":"\n<h2 class=\"wp-block-heading\">Cosa sono i cookie?<\/h2>\n\n\n\n<p>I cookie sono piccoli file di testo presenti sul tuo computer utilizzati per memorizzare informazioni su quante volte hai visitato il nostro sito web e su quali interessi hai manifestato durante tali visite. I cookie non contengono informazioni personali che potrebbero essere utilizzate per identificarti.<\/p>\n\n\n\n<h2 class=\"wp-block-heading\">Perch\u00e9 sono necessari i cookie?<\/h2>\n\n\n\n<p>Ad esempio, i cookie possono registrare le tue preferenze e impostazioni, le informazioni inserite nei moduli online e i dati degli utenti registrati.<\/p>\n\n\n\n<p>Le funzioni di base dell&#8217;e-commerce sarebbero impossibili senza i cookie. In particolare, i negozi online utilizzano i cookie per registrare i prodotti nel carrello, i prodotti preferiti, altre informazioni sugli acquisti, ecc.<\/p>\n\n\n\n<p>I cookie ci consentono di registrare le statistiche del sito web, che a loro volta ci aiutano a individuare e correggere eventuali errori e offrire contenuti migliori o un servizio pi\u00f9 adatto nelle tue visite successive al nostro sito web.<\/p>\n\n\n\n<p>Attraverso i cookie, eventuali partner pubblicitari possono fornirti annunci pertinenti. Alcuni cookie sono fondamentali per il funzionamento stesso del sito web, mentre altri possono essere memorizzati solo con il tuo consenso.<\/p>\n\n\n\n<h2 class=\"wp-block-heading\">Elenco dei cookie<\/h2>\n\n\n\n<figure class=\"wp-block-table\"><table><thead><tr><th>Nome del cookie<\/th><th>Scopo<\/th><th>Durata<\/th><th>Origine<\/th><\/tr><\/thead><tbody><tr><td>_utma<\/td><td>Statistiche delle visualizzazioni del sito web<\/td><td>2 anni<\/td><td>Google Analytics<\/td><\/tr><tr><td>_utmb<\/td><td>Statistiche delle visualizzazioni del sito web<\/td><td>30 minuti\u00a0<\/td><td>Google Analytics<\/td><\/tr><tr><td>_utmc<\/td><td>Statistiche delle visualizzazioni del sito web<\/td><td>Fino alla chiusura del browser<\/td><td>Google Analytics<\/td><\/tr><tr><td>_utmz<\/td><td>Statistiche delle visualizzazioni del sito web<\/td><td>6 mesi\u00a0<\/td><td>Google Analytics<\/td><\/tr><\/tbody><\/table><\/figure>\n\n\n\n<h2 class=\"wp-block-heading\">Disattivazione dei cookie<\/h2>\n\n\n\n<p>La maggior parte dei browser web accetta automaticamente i cookie. Puoi disattivare i cookie in qualsiasi momento modificando le impostazioni del tuo browser. Informazioni sulle impostazioni dei cookie nei rispettivi browser sono disponibili ai seguenti link:<\/p>\n\n\n\n<ul class=\"wp-block-list\">\n<li><a href=\"https:\/\/support.google.com\/chrome\/answer\/95647?hl=en&amp;p=cpn_cookies\" target=\"_blank\" rel=\"noreferrer noopener\">Chrome<\/a><\/li>\n\n\n\n<li><a href=\"http:\/\/support.mozilla.org\/en-US\/kb\/enable-and-disable-cookies-website-preferences\" target=\"_blank\" rel=\"noreferrer noopener\">Firefox<\/a><\/li>\n\n\n\n<li><a href=\"http:\/\/windows.microsoft.com\/en-us\/windows-vista\/block-or-allow-cookies\" target=\"_blank\" rel=\"noreferrer noopener\">Internet Explorer<\/a><\/li>\n\n\n\n<li><a href=\"http:\/\/www.opera.com\/help\/tutorials\/security\/privacy\/\" target=\"_blank\" rel=\"noreferrer noopener\">Opera<\/a><\/li>\n\n\n\n<li><a href=\"http:\/\/www.apple.com\/support\/safari\/\" target=\"_blank\" rel=\"noreferrer noopener\">Safari<\/a><\/li>\n<\/ul>\n\n\n\n<p>Disattivare i cookie impedir\u00e0 al sito web di funzionare in modo ottimale o disabiliter\u00e0 alcune delle sue funzionalit\u00e0. Tuttavia, anche con tutti i cookie disattivati, il tuo browser ricever\u00e0 comunque alcune informazioni necessarie per il funzionamento di base del nostro sito web.<\/p>\n","protected":false},"excerpt":{"rendered":"<p>Cosa sono i cookie? I cookie sono piccoli file di testo presenti sul tuo computer utilizzati per memorizzare informazioni su quante volte hai visitato il nostro sito web e su quali interessi hai manifestato durante tali visite. I cookie non contengono informazioni personali che potrebbero essere utilizzate per identificarti. Perch\u00e9 sono necessari i cookie? Ad&hellip;&nbsp;<a href=\"https:\/\/staging.zipline-dolinka.si\/it\/cookies\/\" class=\"\" rel=\"bookmark\">Leggi tutto &raquo;<span class=\"screen-reader-text\">Cookies<\/span><\/a><\/p>\n","protected":false},"author":2,"featured_media":0,"parent":0,"menu_order":11,"comment_status":"closed","ping_status":"open","template":"","meta":{"neve_meta_sidebar":"","neve_meta_container":"","neve_meta_enable_content_width":"","neve_meta_content_width":0,"neve_meta_title_alignment":"","neve_meta_author_avatar":"","neve_post_elements_order":"","neve_meta_disable_header":"","neve_meta_disable_footer":"","neve_meta_disable_title":"","neve_meta_reading_time":"","_themeisle_gutenberg_block_has_review":false,"_ti_tpc_template_sync":false,"_ti_tpc_template_id":"","footnotes":""},"class_list":["post-2565","page","type-page","status-publish","hentry"],"yoast_head":"<!-- This site is optimized with the Yoast SEO plugin v20.8 - https:\/\/yoast.com\/wordpress\/plugins\/seo\/ -->\n<title>Cookies - Zipline Dolinka<\/title>\n<meta name=\"robots\" content=\"index, follow, max-snippet:-1, max-image-preview:large, max-video-preview:-1\" \/>\n<link rel=\"canonical\" href=\"https:\/\/staging.zipline-dolinka.si\/it\/cookies\/\" \/>\n<meta property=\"og:locale\" content=\"it_IT\" \/>\n<meta property=\"og:type\" content=\"article\" \/>\n<meta property=\"og:title\" content=\"Cookies - Zipline Dolinka\" \/>\n<meta property=\"og:description\" content=\"Cosa sono i cookie? I cookie sono piccoli file di testo presenti sul tuo computer utilizzati per memorizzare informazioni su quante volte hai visitato il nostro sito web e su quali interessi hai manifestato durante tali visite. I cookie non contengono informazioni personali che potrebbero essere utilizzate per identificarti. Perch\u00e9 sono necessari i cookie? Ad&hellip;&nbsp;Leggi tutto &raquo;Cookies\" \/>\n<meta property=\"og:url\" content=\"https:\/\/staging.zipline-dolinka.si\/it\/cookies\/\" \/>\n<meta property=\"og:site_name\" content=\"Zipline Dolinka\" \/>\n<meta property=\"article:publisher\" content=\"https:\/\/www.facebook.com\/ZiplineDolinka\/\" \/>\n<meta property=\"article:modified_time\" content=\"2023-06-13T07:29:53+00:00\" \/>\n<meta name=\"twitter:card\" content=\"summary_large_image\" \/>\n<meta name=\"twitter:label1\" content=\"Tempo di lettura stimato\" \/>\n\t<meta name=\"twitter:data1\" content=\"2 minuti\" \/>\n<script type=\"application\/ld+json\" class=\"yoast-schema-graph\">{\"@context\":\"https:\/\/schema.org\",\"@graph\":[{\"@type\":\"WebPage\",\"@id\":\"https:\/\/staging.zipline-dolinka.si\/it\/cookies\/\",\"url\":\"https:\/\/staging.zipline-dolinka.si\/it\/cookies\/\",\"name\":\"Cookies - Zipline Dolinka\",\"isPartOf\":{\"@id\":\"https:\/\/staging.zipline-dolinka.si\/it\/#website\"},\"datePublished\":\"2022-05-27T09:43:26+00:00\",\"dateModified\":\"2023-06-13T07:29:53+00:00\",\"breadcrumb\":{\"@id\":\"https:\/\/staging.zipline-dolinka.si\/it\/cookies\/#breadcrumb\"},\"inLanguage\":\"it-IT\",\"potentialAction\":[{\"@type\":\"ReadAction\",\"target\":[\"https:\/\/staging.zipline-dolinka.si\/it\/cookies\/\"]}]},{\"@type\":\"BreadcrumbList\",\"@id\":\"https:\/\/staging.zipline-dolinka.si\/it\/cookies\/#breadcrumb\",\"itemListElement\":[{\"@type\":\"ListItem\",\"position\":1,\"name\":\"Homepage\",\"item\":\"https:\/\/staging.zipline-dolinka.si\/it\/\"},{\"@type\":\"ListItem\",\"position\":2,\"name\":\"Cookies\"}]},{\"@type\":\"WebSite\",\"@id\":\"https:\/\/staging.zipline-dolinka.si\/it\/#website\",\"url\":\"https:\/\/staging.zipline-dolinka.si\/it\/\",\"name\":\"Zipline Dolinka\",\"description\":\"The Longest Zipline in Europe\",\"publisher\":{\"@id\":\"https:\/\/staging.zipline-dolinka.si\/it\/#organization\"},\"potentialAction\":[{\"@type\":\"SearchAction\",\"target\":{\"@type\":\"EntryPoint\",\"urlTemplate\":\"https:\/\/staging.zipline-dolinka.si\/it\/?s={search_term_string}\"},\"query-input\":\"required name=search_term_string\"}],\"inLanguage\":\"it-IT\"},{\"@type\":\"Organization\",\"@id\":\"https:\/\/staging.zipline-dolinka.si\/it\/#organization\",\"name\":\"Zipline Dolinka Bled\",\"url\":\"https:\/\/staging.zipline-dolinka.si\/it\/\",\"logo\":{\"@type\":\"ImageObject\",\"inLanguage\":\"it-IT\",\"@id\":\"https:\/\/staging.zipline-dolinka.si\/it\/#\/schema\/logo\/image\/\",\"url\":\"https:\/\/staging.zipline-dolinka.si\/wp-content\/uploads\/2022\/05\/cropped-ziplinedolonka-favicon.png\",\"contentUrl\":\"https:\/\/staging.zipline-dolinka.si\/wp-content\/uploads\/2022\/05\/cropped-ziplinedolonka-favicon.png\",\"width\":512,\"height\":512,\"caption\":\"Zipline Dolinka Bled\"},\"image\":{\"@id\":\"https:\/\/staging.zipline-dolinka.si\/it\/#\/schema\/logo\/image\/\"},\"sameAs\":[\"https:\/\/www.facebook.com\/ZiplineDolinka\/\",\"https:\/\/www.tripadvisor.com\/Attraction_Review-g274863-d14139627-Reviews-Zipline_Dolinka-Bled_Upper_Carniola_Region.html\"]}]}<\/script>\n<!-- \/ Yoast SEO plugin. -->","yoast_head_json":{"title":"Cookies - Zipline Dolinka","robots":{"index":"index","follow":"follow","max-snippet":"max-snippet:-1","max-image-preview":"max-image-preview:large","max-video-preview":"max-video-preview:-1"},"canonical":"https:\/\/staging.zipline-dolinka.si\/it\/cookies\/","og_locale":"it_IT","og_type":"article","og_title":"Cookies - Zipline Dolinka","og_description":"Cosa sono i cookie? I cookie sono piccoli file di testo presenti sul tuo computer utilizzati per memorizzare informazioni su quante volte hai visitato il nostro sito web e su quali interessi hai manifestato durante tali visite. I cookie non contengono informazioni personali che potrebbero essere utilizzate per identificarti. Perch\u00e9 sono necessari i cookie? Ad&hellip;&nbsp;Leggi tutto &raquo;Cookies","og_url":"https:\/\/staging.zipline-dolinka.si\/it\/cookies\/","og_site_name":"Zipline Dolinka","article_publisher":"https:\/\/www.facebook.com\/ZiplineDolinka\/","article_modified_time":"2023-06-13T07:29:53+00:00","twitter_card":"summary_large_image","twitter_misc":{"Tempo di lettura stimato":"2 minuti"},"schema":{"@context":"https:\/\/schema.org","@graph":[{"@type":"WebPage","@id":"https:\/\/staging.zipline-dolinka.si\/it\/cookies\/","url":"https:\/\/staging.zipline-dolinka.si\/it\/cookies\/","name":"Cookies - Zipline Dolinka","isPartOf":{"@id":"https:\/\/staging.zipline-dolinka.si\/it\/#website"},"datePublished":"2022-05-27T09:43:26+00:00","dateModified":"2023-06-13T07:29:53+00:00","breadcrumb":{"@id":"https:\/\/staging.zipline-dolinka.si\/it\/cookies\/#breadcrumb"},"inLanguage":"it-IT","potentialAction":[{"@type":"ReadAction","target":["https:\/\/staging.zipline-dolinka.si\/it\/cookies\/"]}]},{"@type":"BreadcrumbList","@id":"https:\/\/staging.zipline-dolinka.si\/it\/cookies\/#breadcrumb","itemListElement":[{"@type":"ListItem","position":1,"name":"Homepage","item":"https:\/\/staging.zipline-dolinka.si\/it\/"},{"@type":"ListItem","position":2,"name":"Cookies"}]},{"@type":"WebSite","@id":"https:\/\/staging.zipline-dolinka.si\/it\/#website","url":"https:\/\/staging.zipline-dolinka.si\/it\/","name":"Zipline Dolinka","description":"The Longest Zipline in Europe","publisher":{"@id":"https:\/\/staging.zipline-dolinka.si\/it\/#organization"},"potentialAction":[{"@type":"SearchAction","target":{"@type":"EntryPoint","urlTemplate":"https:\/\/staging.zipline-dolinka.si\/it\/?s={search_term_string}"},"query-input":"required name=search_term_string"}],"inLanguage":"it-IT"},{"@type":"Organization","@id":"https:\/\/staging.zipline-dolinka.si\/it\/#organization","name":"Zipline Dolinka Bled","url":"https:\/\/staging.zipline-dolinka.si\/it\/","logo":{"@type":"ImageObject","inLanguage":"it-IT","@id":"https:\/\/staging.zipline-dolinka.si\/it\/#\/schema\/logo\/image\/","url":"https:\/\/staging.zipline-dolinka.si\/wp-content\/uploads\/2022\/05\/cropped-ziplinedolonka-favicon.png","contentUrl":"https:\/\/staging.zipline-dolinka.si\/wp-content\/uploads\/2022\/05\/cropped-ziplinedolonka-favicon.png","width":512,"height":512,"caption":"Zipline Dolinka Bled"},"image":{"@id":"https:\/\/staging.zipline-dolinka.si\/it\/#\/schema\/logo\/image\/"},"sameAs":["https:\/\/www.facebook.com\/ZiplineDolinka\/","https:\/\/www.tripadvisor.com\/Attraction_Review-g274863-d14139627-Reviews-Zipline_Dolinka-Bled_Upper_Carniola_Region.html"]}]}},"_links":{"self":[{"href":"https:\/\/staging.zipline-dolinka.si\/it\/wp-json\/wp\/v2\/pages\/2565","targetHints":{"allow":["GET"]}}],"collection":[{"href":"https:\/\/staging.zipline-dolinka.si\/it\/wp-json\/wp\/v2\/pages"}],"about":[{"href":"https:\/\/staging.zipline-dolinka.si\/it\/wp-json\/wp\/v2\/types\/page"}],"author":[{"embeddable":true,"href":"https:\/\/staging.zipline-dolinka.si\/it\/wp-json\/wp\/v2\/users\/2"}],"replies":[{"embeddable":true,"href":"https:\/\/staging.zipline-dolinka.si\/it\/wp-json\/wp\/v2\/comments?post=2565"}],"version-history":[{"count":0,"href":"https:\/\/staging.zipline-dolinka.si\/it\/wp-json\/wp\/v2\/pages\/2565\/revisions"}],"wp:attachment":[{"href":"https:\/\/staging.zipline-dolinka.si\/it\/wp-json\/wp\/v2\/media?parent=2565"}],"curies":[{"name":"wp","href":"https:\/\/api.w.org\/{rel}","templated":true}]}}