{"id":2569,"date":"2022-06-16T20:20:18","date_gmt":"2022-06-16T20:20:18","guid":{"rendered":"https:\/\/staging.zipline-dolinka.si\/?page_id=2569"},"modified":"2023-06-13T07:46:07","modified_gmt":"2023-06-13T07:46:07","slug":"la-nostra-storia","status":"publish","type":"page","link":"https:\/\/staging.zipline-dolinka.si\/it\/la-nostra-storia\/","title":{"rendered":"La nostra storia"},"content":{"rendered":"\n<p>Incontrate il nostro team dedicato, un gruppo di appassionati locali provenienti da entrambe le sponde del fiume, uniti dalla visione comune di promuovere lo sviluppo sostenibile e preservare la ricca eredit\u00e0 naturale e culturale incastonata tra la catena montuosa delle Karawanken e le Alpi Giulie. Le nostre radici affondano profondamente in questa affascinante regione, il che ci consente di affrontare la conservazione ambientale con conoscenza approfondita e un&#8217;impegno appassionato per preservare il nostro splendido paesaggio per le future generazioni. Esplorate con noi e diventate parte di una comunit\u00e0 impegnata nell&#8217;armonizzare il progresso e la conservazione in questo angolo mozzafiato del mondo.<\/p>\n\n\n\n<figure class=\"wp-block-pullquote\"><blockquote><p>&#8220;Nessuna bellezza della campagna Carniolana supera questa immagine di paradiso&#8221;<\/p><cite>France Pre\u0161eren, 1800-1849, il pi\u00f9 grande poeta sloveno, nato nel villaggio di Vrba, situato sulla riva sinistra del fiume Sava Dolinka.<\/cite><\/blockquote><\/figure>\n\n\n\n<figure class=\"wp-block-image size-large\"><img loading=\"lazy\" decoding=\"async\" width=\"1024\" height=\"684\" src=\"https:\/\/staging.zipline-dolinka.si\/wp-content\/uploads\/2022\/06\/Private-1024x684.jpg\" alt=\"\" class=\"wp-image-641\" srcset=\"https:\/\/staging.zipline-dolinka.si\/wp-content\/uploads\/2022\/06\/Private-1024x684.jpg 1024w, https:\/\/staging.zipline-dolinka.si\/wp-content\/uploads\/2022\/06\/Private-300x200.jpg 300w, https:\/\/staging.zipline-dolinka.si\/wp-content\/uploads\/2022\/06\/Private-768x513.jpg 768w, https:\/\/staging.zipline-dolinka.si\/wp-content\/uploads\/2022\/06\/Private-930x620.jpg 930w, https:\/\/staging.zipline-dolinka.si\/wp-content\/uploads\/2022\/06\/Private.jpg 1400w\" sizes=\"auto, (max-width: 1024px) 100vw, 1024px\" \/><\/figure>\n\n\n\n<h2 class=\"wp-block-heading\">Il nostro fiume, la tua aventura<\/h2>\n\n\n\n<p>Scopri la storia dietro il fiume Dolinka, un testimone della resilienza di una comunit\u00e0 che ha difeso valorosamente il loro amato fiume e le terre circostanti. Nel 2004, questa indomita comunit\u00e0 si \u00e8 mobilitata, ha organizzato un referendum e ha sventato con successo i piani del governo di costruire una diga che avrebbe inflitto danni catastrofici alla valle.<\/p>\n\n\n\n<p>Oggi, questa valle \u00e8 un&#8217;oasi fiorente, che serve come collegamento incontaminato e intatto tra Bled e Vrba, il luogo di nascita del rispettato poeta sloveno, France Pre\u0161eren. Vrba \u00e8 solo uno dei tanti villaggi di questa zona, ognuno una perla luminosa nel mosaico della letteratura slovena. Ti invitiamo a unirti a noi nel preservare il nostro vibrante, naturale e ricco patrimonio culturale immerso nell&#8217;abbraccio soleggiato delle Alpi.<\/p>\n\n\n\n<p><a href=\"https:\/\/visitzirovnica.si\/en\/experiences\/literary-route\/\" target=\"_blank\" rel=\"noreferrer noopener\">Scopri di pi\u00f9 sul nostro Sentiero del Patrimonio Culturale.<\/a><\/p>\n\n\n\n<p>La bellezza naturale della valle Dolinka \u00e8 sempre stata al centro del nostro progetto di zip line. Con il massimo rispetto per l&#8217;ambiente, abbiamo modificato minimamente il terreno per installare i nostri cavi e sentieri, creando un modo innovativo per i visitatori di vivere il fiume e la valle da una prospettiva unica. Vieni a unirti a noi e vivi questa incantevole valle come mai prima d&#8217;ora!<\/p>\n\n\n\n<figure class=\"wp-block-image size-large\"><img loading=\"lazy\" decoding=\"async\" width=\"1024\" height=\"575\" src=\"https:\/\/staging.zipline-dolinka.si\/wp-content\/uploads\/2022\/06\/Our_Story-1024x575.jpeg\" alt=\"\" class=\"wp-image-645\" srcset=\"https:\/\/staging.zipline-dolinka.si\/wp-content\/uploads\/2022\/06\/Our_Story-1024x575.jpeg 1024w, https:\/\/staging.zipline-dolinka.si\/wp-content\/uploads\/2022\/06\/Our_Story-300x169.jpeg 300w, https:\/\/staging.zipline-dolinka.si\/wp-content\/uploads\/2022\/06\/Our_Story-768x431.jpeg 768w, https:\/\/staging.zipline-dolinka.si\/wp-content\/uploads\/2022\/06\/Our_Story.jpeg 1029w\" sizes=\"auto, (max-width: 1024px) 100vw, 1024px\" \/><\/figure>\n\n\n\n<h2 class=\"wp-block-heading\">Our approach<\/h2>\n\n\n\n<p>Per due decenni, i custodi locali hanno preservato con diligenza l&#8217;incanto intatto della valle. A Zipline Dolinka, la nostra missione va oltre le semplici avventure all&#8217;aperto emozionanti. Siamo profondamente impegnati a sensibilizzare sull&#8217;importanza naturale della valle, a promuovere la regione ai visitatori e a condividere la storia ispiratrice della resilienza della nostra comunit\u00e0.<\/p>\n\n\n\n<p>Ognuno dei nostri sette percorsi di zipline \u00e8 stato progettato meticolosamente per rispettare e preservare l&#8217;ambiente locale. Nessun albero \u00e8 stato sacrificato o danneggiato nella loro creazione. Sfruttando la tecnologia moderna e i droni, abbiamo posizionato i cavi in modo da garantire che la rigogliosa vegetazione sotto le zipline rimanesse indisturbata e intatta. Il nostro obiettivo \u00e8 offrire ai visitatori una visione autentica delle stupefacenti caratteristiche naturali della valle, garantendo che le nostre attivit\u00e0 si armonizzino con la natura, non la disturbino.<\/p>\n\n\n\n<p>Unisciti a noi per un viaggio indimenticabile sopra la chioma degli alberi, e vivi la bellezza mozzafiato della valle in un modo che rispetta e preserva anche il suo futuro.<\/p>\n\n\n\n<div id=\"wp-block-themeisle-blocks-advanced-columns-bddec2eb\" class=\"wp-block-themeisle-blocks-advanced-columns has-1-columns has-desktop-twoOne-layout has-tablet-equal-layout has-mobile-equal-layout has-vertical-unset\"><div class=\"wp-block-themeisle-blocks-advanced-columns-overlay\"><\/div><div class=\"innerblocks-wrap\">\n<div id=\"wp-block-themeisle-blocks-advanced-column-84df613f\" class=\"wp-block-themeisle-blocks-advanced-column\"><\/div>\n<\/div><\/div>\n","protected":false},"excerpt":{"rendered":"<p>Incontrate il nostro team dedicato, un gruppo di appassionati locali provenienti da entrambe le sponde del fiume, uniti dalla visione comune di promuovere lo sviluppo sostenibile e preservare la ricca eredit\u00e0 naturale e culturale incastonata tra la catena montuosa delle Karawanken e le Alpi Giulie. Le nostre radici affondano profondamente in questa affascinante regione, il&hellip;&nbsp;<a href=\"https:\/\/staging.zipline-dolinka.si\/it\/la-nostra-storia\/\" class=\"\" rel=\"bookmark\">Leggi tutto &raquo;<span class=\"screen-reader-text\">La nostra storia<\/span><\/a><\/p>\n","protected":false},"author":2,"featured_media":0,"parent":0,"menu_order":5,"comment_status":"closed","ping_status":"closed","template":"","meta":{"neve_meta_sidebar":"","neve_meta_container":"","neve_meta_enable_content_width":"","neve_meta_content_width":0,"neve_meta_title_alignment":"","neve_meta_author_avatar":"","neve_post_elements_order":"","neve_meta_disable_header":"","neve_meta_disable_footer":"","neve_meta_disable_title":"","neve_meta_reading_time":"","_themeisle_gutenberg_block_has_review":false,"_ti_tpc_template_sync":false,"_ti_tpc_template_id":"","footnotes":""},"class_list":["post-2569","page","type-page","status-publish","hentry"],"yoast_head":"<!-- This site is optimized with the Yoast SEO plugin v20.8 - https:\/\/yoast.com\/wordpress\/plugins\/seo\/ -->\n<title>La nostra storia - Zipline Dolinka<\/title>\n<meta name=\"robots\" content=\"index, follow, max-snippet:-1, max-image-preview:large, max-video-preview:-1\" \/>\n<link rel=\"canonical\" href=\"https:\/\/staging.zipline-dolinka.si\/it\/la-nostra-storia\/\" \/>\n<meta property=\"og:locale\" content=\"it_IT\" \/>\n<meta property=\"og:type\" content=\"article\" \/>\n<meta property=\"og:title\" content=\"La nostra storia - Zipline Dolinka\" \/>\n<meta property=\"og:description\" content=\"Incontrate il nostro team dedicato, un gruppo di appassionati locali provenienti da entrambe le sponde del fiume, uniti dalla visione comune di promuovere lo sviluppo sostenibile e preservare la ricca eredit\u00e0 naturale e culturale incastonata tra la catena montuosa delle Karawanken e le Alpi Giulie. Le nostre radici affondano profondamente in questa affascinante regione, il&hellip;&nbsp;Leggi tutto &raquo;La nostra storia\" \/>\n<meta property=\"og:url\" content=\"https:\/\/staging.zipline-dolinka.si\/it\/la-nostra-storia\/\" \/>\n<meta property=\"og:site_name\" content=\"Zipline Dolinka\" \/>\n<meta property=\"article:publisher\" content=\"https:\/\/www.facebook.com\/ZiplineDolinka\/\" \/>\n<meta property=\"article:modified_time\" content=\"2023-06-13T07:46:07+00:00\" \/>\n<meta property=\"og:image\" content=\"https:\/\/staging.zipline-dolinka.si\/wp-content\/uploads\/2022\/06\/Private-1024x684.jpg\" \/>\n<meta name=\"twitter:card\" content=\"summary_large_image\" \/>\n<meta name=\"twitter:label1\" content=\"Tempo di lettura stimato\" \/>\n\t<meta name=\"twitter:data1\" content=\"3 minuti\" \/>\n<script type=\"application\/ld+json\" class=\"yoast-schema-graph\">{\"@context\":\"https:\/\/schema.org\",\"@graph\":[{\"@type\":\"WebPage\",\"@id\":\"https:\/\/staging.zipline-dolinka.si\/it\/la-nostra-storia\/\",\"url\":\"https:\/\/staging.zipline-dolinka.si\/it\/la-nostra-storia\/\",\"name\":\"La nostra storia - Zipline Dolinka\",\"isPartOf\":{\"@id\":\"https:\/\/staging.zipline-dolinka.si\/it\/#website\"},\"datePublished\":\"2022-06-16T20:20:18+00:00\",\"dateModified\":\"2023-06-13T07:46:07+00:00\",\"breadcrumb\":{\"@id\":\"https:\/\/staging.zipline-dolinka.si\/it\/la-nostra-storia\/#breadcrumb\"},\"inLanguage\":\"it-IT\",\"potentialAction\":[{\"@type\":\"ReadAction\",\"target\":[\"https:\/\/staging.zipline-dolinka.si\/it\/la-nostra-storia\/\"]}]},{\"@type\":\"BreadcrumbList\",\"@id\":\"https:\/\/staging.zipline-dolinka.si\/it\/la-nostra-storia\/#breadcrumb\",\"itemListElement\":[{\"@type\":\"ListItem\",\"position\":1,\"name\":\"Homepage\",\"item\":\"https:\/\/staging.zipline-dolinka.si\/it\/\"},{\"@type\":\"ListItem\",\"position\":2,\"name\":\"La nostra storia\"}]},{\"@type\":\"WebSite\",\"@id\":\"https:\/\/staging.zipline-dolinka.si\/it\/#website\",\"url\":\"https:\/\/staging.zipline-dolinka.si\/it\/\",\"name\":\"Zipline Dolinka\",\"description\":\"The Longest Zipline in Europe\",\"publisher\":{\"@id\":\"https:\/\/staging.zipline-dolinka.si\/it\/#organization\"},\"potentialAction\":[{\"@type\":\"SearchAction\",\"target\":{\"@type\":\"EntryPoint\",\"urlTemplate\":\"https:\/\/staging.zipline-dolinka.si\/it\/?s={search_term_string}\"},\"query-input\":\"required name=search_term_string\"}],\"inLanguage\":\"it-IT\"},{\"@type\":\"Organization\",\"@id\":\"https:\/\/staging.zipline-dolinka.si\/it\/#organization\",\"name\":\"Zipline Dolinka Bled\",\"url\":\"https:\/\/staging.zipline-dolinka.si\/it\/\",\"logo\":{\"@type\":\"ImageObject\",\"inLanguage\":\"it-IT\",\"@id\":\"https:\/\/staging.zipline-dolinka.si\/it\/#\/schema\/logo\/image\/\",\"url\":\"https:\/\/staging.zipline-dolinka.si\/wp-content\/uploads\/2022\/05\/cropped-ziplinedolonka-favicon.png\",\"contentUrl\":\"https:\/\/staging.zipline-dolinka.si\/wp-content\/uploads\/2022\/05\/cropped-ziplinedolonka-favicon.png\",\"width\":512,\"height\":512,\"caption\":\"Zipline Dolinka Bled\"},\"image\":{\"@id\":\"https:\/\/staging.zipline-dolinka.si\/it\/#\/schema\/logo\/image\/\"},\"sameAs\":[\"https:\/\/www.facebook.com\/ZiplineDolinka\/\",\"https:\/\/www.tripadvisor.com\/Attraction_Review-g274863-d14139627-Reviews-Zipline_Dolinka-Bled_Upper_Carniola_Region.html\"]}]}<\/script>\n<!-- \/ Yoast SEO plugin. -->","yoast_head_json":{"title":"La nostra storia - Zipline Dolinka","robots":{"index":"index","follow":"follow","max-snippet":"max-snippet:-1","max-image-preview":"max-image-preview:large","max-video-preview":"max-video-preview:-1"},"canonical":"https:\/\/staging.zipline-dolinka.si\/it\/la-nostra-storia\/","og_locale":"it_IT","og_type":"article","og_title":"La nostra storia - Zipline Dolinka","og_description":"Incontrate il nostro team dedicato, un gruppo di appassionati locali provenienti da entrambe le sponde del fiume, uniti dalla visione comune di promuovere lo sviluppo sostenibile e preservare la ricca eredit\u00e0 naturale e culturale incastonata tra la catena montuosa delle Karawanken e le Alpi Giulie. Le nostre radici affondano profondamente in questa affascinante regione, il&hellip;&nbsp;Leggi tutto &raquo;La nostra storia","og_url":"https:\/\/staging.zipline-dolinka.si\/it\/la-nostra-storia\/","og_site_name":"Zipline Dolinka","article_publisher":"https:\/\/www.facebook.com\/ZiplineDolinka\/","article_modified_time":"2023-06-13T07:46:07+00:00","og_image":[{"url":"https:\/\/staging.zipline-dolinka.si\/wp-content\/uploads\/2022\/06\/Private-1024x684.jpg"}],"twitter_card":"summary_large_image","twitter_misc":{"Tempo di lettura stimato":"3 minuti"},"schema":{"@context":"https:\/\/schema.org","@graph":[{"@type":"WebPage","@id":"https:\/\/staging.zipline-dolinka.si\/it\/la-nostra-storia\/","url":"https:\/\/staging.zipline-dolinka.si\/it\/la-nostra-storia\/","name":"La nostra storia - Zipline Dolinka","isPartOf":{"@id":"https:\/\/staging.zipline-dolinka.si\/it\/#website"},"datePublished":"2022-06-16T20:20:18+00:00","dateModified":"2023-06-13T07:46:07+00:00","breadcrumb":{"@id":"https:\/\/staging.zipline-dolinka.si\/it\/la-nostra-storia\/#breadcrumb"},"inLanguage":"it-IT","potentialAction":[{"@type":"ReadAction","target":["https:\/\/staging.zipline-dolinka.si\/it\/la-nostra-storia\/"]}]},{"@type":"BreadcrumbList","@id":"https:\/\/staging.zipline-dolinka.si\/it\/la-nostra-storia\/#breadcrumb","itemListElement":[{"@type":"ListItem","position":1,"name":"Homepage","item":"https:\/\/staging.zipline-dolinka.si\/it\/"},{"@type":"ListItem","position":2,"name":"La nostra storia"}]},{"@type":"WebSite","@id":"https:\/\/staging.zipline-dolinka.si\/it\/#website","url":"https:\/\/staging.zipline-dolinka.si\/it\/","name":"Zipline Dolinka","description":"The Longest Zipline in Europe","publisher":{"@id":"https:\/\/staging.zipline-dolinka.si\/it\/#organization"},"potentialAction":[{"@type":"SearchAction","target":{"@type":"EntryPoint","urlTemplate":"https:\/\/staging.zipline-dolinka.si\/it\/?s={search_term_string}"},"query-input":"required name=search_term_string"}],"inLanguage":"it-IT"},{"@type":"Organization","@id":"https:\/\/staging.zipline-dolinka.si\/it\/#organization","name":"Zipline Dolinka Bled","url":"https:\/\/staging.zipline-dolinka.si\/it\/","logo":{"@type":"ImageObject","inLanguage":"it-IT","@id":"https:\/\/staging.zipline-dolinka.si\/it\/#\/schema\/logo\/image\/","url":"https:\/\/staging.zipline-dolinka.si\/wp-content\/uploads\/2022\/05\/cropped-ziplinedolonka-favicon.png","contentUrl":"https:\/\/staging.zipline-dolinka.si\/wp-content\/uploads\/2022\/05\/cropped-ziplinedolonka-favicon.png","width":512,"height":512,"caption":"Zipline Dolinka Bled"},"image":{"@id":"https:\/\/staging.zipline-dolinka.si\/it\/#\/schema\/logo\/image\/"},"sameAs":["https:\/\/www.facebook.com\/ZiplineDolinka\/","https:\/\/www.tripadvisor.com\/Attraction_Review-g274863-d14139627-Reviews-Zipline_Dolinka-Bled_Upper_Carniola_Region.html"]}]}},"_links":{"self":[{"href":"https:\/\/staging.zipline-dolinka.si\/it\/wp-json\/wp\/v2\/pages\/2569","targetHints":{"allow":["GET"]}}],"collection":[{"href":"https:\/\/staging.zipline-dolinka.si\/it\/wp-json\/wp\/v2\/pages"}],"about":[{"href":"https:\/\/staging.zipline-dolinka.si\/it\/wp-json\/wp\/v2\/types\/page"}],"author":[{"embeddable":true,"href":"https:\/\/staging.zipline-dolinka.si\/it\/wp-json\/wp\/v2\/users\/2"}],"replies":[{"embeddable":true,"href":"https:\/\/staging.zipline-dolinka.si\/it\/wp-json\/wp\/v2\/comments?post=2569"}],"version-history":[{"count":0,"href":"https:\/\/staging.zipline-dolinka.si\/it\/wp-json\/wp\/v2\/pages\/2569\/revisions"}],"wp:attachment":[{"href":"https:\/\/staging.zipline-dolinka.si\/it\/wp-json\/wp\/v2\/media?parent=2569"}],"curies":[{"name":"wp","href":"https:\/\/api.w.org\/{rel}","templated":true}]}}