{"id":4197,"date":"2022-06-16T20:20:18","date_gmt":"2022-06-16T20:20:18","guid":{"rendered":"https:\/\/staging.zipline-dolinka.si\/?page_id=4197"},"modified":"2023-07-19T13:05:41","modified_gmt":"2023-07-19T13:05:41","slug":"nossa-historia","status":"publish","type":"page","link":"https:\/\/staging.zipline-dolinka.si\/pt-pt\/nossa-historia\/","title":{"rendered":"Nossa hist\u00f3ria"},"content":{"rendered":"\n<p>Rencontrez notre \u00e9quipe d\u00e9di\u00e9e, un groupe de locaux passionn\u00e9s originaires des deux rives du fleuve, unis par une vision commune de favoriser le d\u00e9veloppement durable et de pr\u00e9server le riche patrimoine naturel et culturel nich\u00e9 entre la cha\u00eene de montagnes Karavanke et les Alpes Juliennes. Nos racines sont profond\u00e9ment ancr\u00e9es dans cette r\u00e9gion enchanteresse, ce qui nous permet d&#8217;aborder la conservation avec une connaissance de l&#8217;int\u00e9rieur et une d\u00e9votion fervente \u00e0 la protection de notre magnifique paysage pour les g\u00e9n\u00e9rations futures. Explorez avec nous et faites partie d&#8217;une communaut\u00e9 d\u00e9di\u00e9e \u00e0 l&#8217;harmonisation du progr\u00e8s et de la pr\u00e9servation dans ce magnifique coin du monde.<\/p>\n\n\n\n<figure class=\"wp-block-pullquote\"><blockquote><p>\u201cTLa campagne de Carniole n&#8217;a pas de plus grande beaut\u00e9 que cette image de paradis\u201d<\/p><cite>France Pre\u0161eren, 1800-1849, le plus grand po\u00e8te slov\u00e8ne, n\u00e9 dans le village de Vrba, situ\u00e9 sur la rive gauche de la Sava Dolinka.<\/cite><\/blockquote><\/figure>\n\n\n\n<figure class=\"wp-block-image size-large\"><img loading=\"lazy\" decoding=\"async\" width=\"1024\" height=\"684\" src=\"https:\/\/staging.zipline-dolinka.si\/wp-content\/uploads\/2022\/06\/Private-1024x684.jpg\" alt=\"\" class=\"wp-image-641\" srcset=\"https:\/\/staging.zipline-dolinka.si\/wp-content\/uploads\/2022\/06\/Private-1024x684.jpg 1024w, https:\/\/staging.zipline-dolinka.si\/wp-content\/uploads\/2022\/06\/Private-300x200.jpg 300w, https:\/\/staging.zipline-dolinka.si\/wp-content\/uploads\/2022\/06\/Private-768x513.jpg 768w, https:\/\/staging.zipline-dolinka.si\/wp-content\/uploads\/2022\/06\/Private-930x620.jpg 930w, https:\/\/staging.zipline-dolinka.si\/wp-content\/uploads\/2022\/06\/Private.jpg 1400w\" sizes=\"auto, (max-width: 1024px) 100vw, 1024px\" \/><\/figure>\n\n\n\n<h2 class=\"wp-block-heading\">Nosso rio<\/h2>\n\n\n\n<p>Notre rivi\u00e8re D\u00e9couvrez l&#8217;histoire de la rivi\u00e8re Dolinka, un t\u00e9moignage de la r\u00e9silience d&#8217;une communaut\u00e9 qui a vaillamment d\u00e9fendu leur pr\u00e9cieuse rivi\u00e8re et ses terres environnantes. En 2004, cette communaut\u00e9 indomptable s&#8217;est mobilis\u00e9e, a organis\u00e9 un r\u00e9f\u00e9rendum, et a r\u00e9ussi \u00e0 contrer les plans du gouvernement de construire un barrage qui aurait inflig\u00e9 des dommages catastrophiques \u00e0 la vall\u00e9e.<\/p>\n\n\n\n<p>Aujourd&#8217;hui, cette vall\u00e9e est une oasis florissante, servant de lien immacul\u00e9 et intact entre Bled et Vrba, le lieu de naissance du c\u00e9l\u00e8bre po\u00e8te slov\u00e8ne, France Pre\u0161eren. Vrba n&#8217;est qu&#8217;un des nombreux villages de cette r\u00e9gion, chaque perle lumineuse dans la tapisserie de la litt\u00e9rature slov\u00e8ne. Nous vous invitons \u00e0 nous rejoindre pour pr\u00e9server notre patrimoine culturel et naturel riche et vibrant nich\u00e9 dans l&#8217;\u00e9treinte ensoleill\u00e9e des Alpes.<\/p>\n\n\n\n<p><a href=\"https:\/\/visitzirovnica.si\/en\/experiences\/literary-route\/\" target=\"_blank\" rel=\"noreferrer noopener\">Apprenez-en plus sur notre Sentier du Patrimoine Culturel.<\/a><\/p>\n\n\n\n<p>La beaut\u00e9 naturelle de la vall\u00e9e de Dolinka a toujours \u00e9t\u00e9 au c\u0153ur de notre projet de tyrolienne. Avec le plus grand respect pour l&#8217;environnement, nous avons modifi\u00e9 le terrain de mani\u00e8re minimale pour installer nos c\u00e2bles et nos sentiers, cr\u00e9ant une fa\u00e7on innovante pour les visiteurs de d\u00e9couvrir la rivi\u00e8re et la vall\u00e9e sous un angle unique. Rejoignez-nous et d\u00e9couvrez cette vall\u00e9e enchant\u00e9e comme jamais auparavant !<\/p>\n\n\n\n<figure class=\"wp-block-image size-large\"><img loading=\"lazy\" decoding=\"async\" width=\"1024\" height=\"575\" src=\"https:\/\/staging.zipline-dolinka.si\/wp-content\/uploads\/2022\/06\/Our_Story-1024x575.jpeg\" alt=\"\" class=\"wp-image-645\" srcset=\"https:\/\/staging.zipline-dolinka.si\/wp-content\/uploads\/2022\/06\/Our_Story-1024x575.jpeg 1024w, https:\/\/staging.zipline-dolinka.si\/wp-content\/uploads\/2022\/06\/Our_Story-300x169.jpeg 300w, https:\/\/staging.zipline-dolinka.si\/wp-content\/uploads\/2022\/06\/Our_Story-768x431.jpeg 768w, https:\/\/staging.zipline-dolinka.si\/wp-content\/uploads\/2022\/06\/Our_Story.jpeg 1029w\" sizes=\"auto, (max-width: 1024px) 100vw, 1024px\" \/><\/figure>\n\n\n\n<h2 class=\"wp-block-heading\">Notre rivi\u00e8re, votre aventure<\/h2>\n\n\n\n<p>Pendant deux d\u00e9cennies, les gardiens locaux ont pr\u00e9serv\u00e9 avec diligence le charme immacul\u00e9 de la vall\u00e9e. Chez Zipline Dolinka, notre mission va au-del\u00e0 de simples aventures de plein air exaltantes. Nous sommes passionn\u00e9ment engag\u00e9s \u00e0 sensibiliser \u00e0 l&#8217;importance naturelle de la vall\u00e9e, \u00e0 promouvoir la r\u00e9gion aupr\u00e8s des visiteurs, et \u00e0 partager l&#8217;histoire inspirante de la r\u00e9silience de notre communaut\u00e9.<\/p>\n\n\n\n<p>Chacun de nos sept parcours de tyrolienne a \u00e9t\u00e9 con\u00e7u avec soin pour respecter et pr\u00e9server l&#8217;environnement local. Aucun arbre n&#8217;a \u00e9t\u00e9 sacrifi\u00e9 ou endommag\u00e9 lors de leur cr\u00e9ation. En utilisant la technologie moderne et les drones, nous avons positionn\u00e9 les c\u00e2bles pour garantir que la v\u00e9g\u00e9tation luxuriante sous les tyroliennes reste indisturb\u00e9e et intacte. Notre objectif est d&#8217;offrir aux visiteurs un aper\u00e7u authentique des superbes caract\u00e9ristiques naturelles de la vall\u00e9e, tout en veillant \u00e0 ce que nos activit\u00e9s s&#8217;harmonisent avec la nature, et non \u00e0 la perturber.<\/p>\n\n\n\n<p>Rejoignez-nous pour un voyage inoubliable au-dessus de la canop\u00e9e, et d\u00e9couvrez la beaut\u00e9 \u00e0 couper le souffle de la vall\u00e9e d&#8217;une mani\u00e8re qui respecte \u00e9galement et pr\u00e9serve son avenir.<\/p>\n\n\n\n<div id=\"wp-block-themeisle-blocks-advanced-columns-bddec2eb\" class=\"wp-block-themeisle-blocks-advanced-columns has-1-columns has-desktop-twoOne-layout has-tablet-equal-layout has-mobile-equal-layout has-vertical-unset\"><div class=\"wp-block-themeisle-blocks-advanced-columns-overlay\"><\/div><div class=\"innerblocks-wrap\">\n<div id=\"wp-block-themeisle-blocks-advanced-column-84df613f\" class=\"wp-block-themeisle-blocks-advanced-column\"><\/div>\n<\/div><\/div>\n","protected":false},"excerpt":{"rendered":"<p>Rencontrez notre \u00e9quipe d\u00e9di\u00e9e, un groupe de locaux passionn\u00e9s originaires des deux rives du fleuve, unis par une vision commune de favoriser le d\u00e9veloppement durable et de pr\u00e9server le riche patrimoine naturel et culturel nich\u00e9 entre la cha\u00eene de montagnes Karavanke et les Alpes Juliennes. Nos racines sont profond\u00e9ment ancr\u00e9es dans cette r\u00e9gion enchanteresse, ce&hellip;&nbsp;<a href=\"https:\/\/staging.zipline-dolinka.si\/pt-pt\/nossa-historia\/\" class=\"\" rel=\"bookmark\">Ler mais &raquo;<span class=\"screen-reader-text\">Nossa hist\u00f3ria<\/span><\/a><\/p>\n","protected":false},"author":1,"featured_media":0,"parent":0,"menu_order":5,"comment_status":"closed","ping_status":"closed","template":"","meta":{"neve_meta_sidebar":"","neve_meta_container":"","neve_meta_enable_content_width":"","neve_meta_content_width":0,"neve_meta_title_alignment":"","neve_meta_author_avatar":"","neve_post_elements_order":"","neve_meta_disable_header":"","neve_meta_disable_footer":"","neve_meta_disable_title":"","neve_meta_reading_time":"","_themeisle_gutenberg_block_has_review":false,"_ti_tpc_template_sync":false,"_ti_tpc_template_id":"","footnotes":""},"class_list":["post-4197","page","type-page","status-publish","hentry"],"yoast_head":"<!-- This site is optimized with the Yoast SEO plugin v20.8 - https:\/\/yoast.com\/wordpress\/plugins\/seo\/ -->\n<title>Nossa hist\u00f3ria - Zipline Dolinka<\/title>\n<meta name=\"robots\" content=\"index, follow, max-snippet:-1, max-image-preview:large, max-video-preview:-1\" \/>\n<link rel=\"canonical\" href=\"https:\/\/staging.zipline-dolinka.si\/pt-pt\/nossa-historia\/\" \/>\n<meta property=\"og:locale\" content=\"pt_PT\" \/>\n<meta property=\"og:type\" content=\"article\" \/>\n<meta property=\"og:title\" content=\"Nossa hist\u00f3ria - Zipline Dolinka\" \/>\n<meta property=\"og:description\" content=\"Rencontrez notre \u00e9quipe d\u00e9di\u00e9e, un groupe de locaux passionn\u00e9s originaires des deux rives du fleuve, unis par une vision commune de favoriser le d\u00e9veloppement durable et de pr\u00e9server le riche patrimoine naturel et culturel nich\u00e9 entre la cha\u00eene de montagnes Karavanke et les Alpes Juliennes. Nos racines sont profond\u00e9ment ancr\u00e9es dans cette r\u00e9gion enchanteresse, ce&hellip;&nbsp;Ler mais &raquo;Nossa hist\u00f3ria\" \/>\n<meta property=\"og:url\" content=\"https:\/\/staging.zipline-dolinka.si\/pt-pt\/nossa-historia\/\" \/>\n<meta property=\"og:site_name\" content=\"Zipline Dolinka\" \/>\n<meta property=\"article:publisher\" content=\"https:\/\/www.facebook.com\/ZiplineDolinka\/\" \/>\n<meta property=\"article:modified_time\" content=\"2023-07-19T13:05:41+00:00\" \/>\n<meta property=\"og:image\" content=\"https:\/\/staging.zipline-dolinka.si\/wp-content\/uploads\/2022\/06\/Private-1024x684.jpg\" \/>\n<meta name=\"twitter:card\" content=\"summary_large_image\" \/>\n<meta name=\"twitter:label1\" content=\"Tempo estimado de leitura\" \/>\n\t<meta name=\"twitter:data1\" content=\"3 minutos\" \/>\n<script type=\"application\/ld+json\" class=\"yoast-schema-graph\">{\"@context\":\"https:\/\/schema.org\",\"@graph\":[{\"@type\":\"WebPage\",\"@id\":\"https:\/\/staging.zipline-dolinka.si\/pt-pt\/nossa-historia\/\",\"url\":\"https:\/\/staging.zipline-dolinka.si\/pt-pt\/nossa-historia\/\",\"name\":\"Nossa hist\u00f3ria - Zipline Dolinka\",\"isPartOf\":{\"@id\":\"https:\/\/staging.zipline-dolinka.si\/pt-pt\/#website\"},\"datePublished\":\"2022-06-16T20:20:18+00:00\",\"dateModified\":\"2023-07-19T13:05:41+00:00\",\"breadcrumb\":{\"@id\":\"https:\/\/staging.zipline-dolinka.si\/pt-pt\/nossa-historia\/#breadcrumb\"},\"inLanguage\":\"pt-PT\",\"potentialAction\":[{\"@type\":\"ReadAction\",\"target\":[\"https:\/\/staging.zipline-dolinka.si\/pt-pt\/nossa-historia\/\"]}]},{\"@type\":\"BreadcrumbList\",\"@id\":\"https:\/\/staging.zipline-dolinka.si\/pt-pt\/nossa-historia\/#breadcrumb\",\"itemListElement\":[{\"@type\":\"ListItem\",\"position\":1,\"name\":\"P\u00e1gina inicial\",\"item\":\"https:\/\/staging.zipline-dolinka.si\/pt-pt\/\"},{\"@type\":\"ListItem\",\"position\":2,\"name\":\"Nossa hist\u00f3ria\"}]},{\"@type\":\"WebSite\",\"@id\":\"https:\/\/staging.zipline-dolinka.si\/pt-pt\/#website\",\"url\":\"https:\/\/staging.zipline-dolinka.si\/pt-pt\/\",\"name\":\"Zipline Dolinka\",\"description\":\"The Longest Zipline in Europe\",\"publisher\":{\"@id\":\"https:\/\/staging.zipline-dolinka.si\/pt-pt\/#organization\"},\"potentialAction\":[{\"@type\":\"SearchAction\",\"target\":{\"@type\":\"EntryPoint\",\"urlTemplate\":\"https:\/\/staging.zipline-dolinka.si\/pt-pt\/?s={search_term_string}\"},\"query-input\":\"required name=search_term_string\"}],\"inLanguage\":\"pt-PT\"},{\"@type\":\"Organization\",\"@id\":\"https:\/\/staging.zipline-dolinka.si\/pt-pt\/#organization\",\"name\":\"Zipline Dolinka Bled\",\"url\":\"https:\/\/staging.zipline-dolinka.si\/pt-pt\/\",\"logo\":{\"@type\":\"ImageObject\",\"inLanguage\":\"pt-PT\",\"@id\":\"https:\/\/staging.zipline-dolinka.si\/pt-pt\/#\/schema\/logo\/image\/\",\"url\":\"https:\/\/staging.zipline-dolinka.si\/wp-content\/uploads\/2022\/05\/cropped-ziplinedolonka-favicon.png\",\"contentUrl\":\"https:\/\/staging.zipline-dolinka.si\/wp-content\/uploads\/2022\/05\/cropped-ziplinedolonka-favicon.png\",\"width\":512,\"height\":512,\"caption\":\"Zipline Dolinka Bled\"},\"image\":{\"@id\":\"https:\/\/staging.zipline-dolinka.si\/pt-pt\/#\/schema\/logo\/image\/\"},\"sameAs\":[\"https:\/\/www.facebook.com\/ZiplineDolinka\/\",\"https:\/\/www.tripadvisor.com\/Attraction_Review-g274863-d14139627-Reviews-Zipline_Dolinka-Bled_Upper_Carniola_Region.html\"]}]}<\/script>\n<!-- \/ Yoast SEO plugin. -->","yoast_head_json":{"title":"Nossa hist\u00f3ria - Zipline Dolinka","robots":{"index":"index","follow":"follow","max-snippet":"max-snippet:-1","max-image-preview":"max-image-preview:large","max-video-preview":"max-video-preview:-1"},"canonical":"https:\/\/staging.zipline-dolinka.si\/pt-pt\/nossa-historia\/","og_locale":"pt_PT","og_type":"article","og_title":"Nossa hist\u00f3ria - Zipline Dolinka","og_description":"Rencontrez notre \u00e9quipe d\u00e9di\u00e9e, un groupe de locaux passionn\u00e9s originaires des deux rives du fleuve, unis par une vision commune de favoriser le d\u00e9veloppement durable et de pr\u00e9server le riche patrimoine naturel et culturel nich\u00e9 entre la cha\u00eene de montagnes Karavanke et les Alpes Juliennes. Nos racines sont profond\u00e9ment ancr\u00e9es dans cette r\u00e9gion enchanteresse, ce&hellip;&nbsp;Ler mais &raquo;Nossa hist\u00f3ria","og_url":"https:\/\/staging.zipline-dolinka.si\/pt-pt\/nossa-historia\/","og_site_name":"Zipline Dolinka","article_publisher":"https:\/\/www.facebook.com\/ZiplineDolinka\/","article_modified_time":"2023-07-19T13:05:41+00:00","og_image":[{"url":"https:\/\/staging.zipline-dolinka.si\/wp-content\/uploads\/2022\/06\/Private-1024x684.jpg"}],"twitter_card":"summary_large_image","twitter_misc":{"Tempo estimado de leitura":"3 minutos"},"schema":{"@context":"https:\/\/schema.org","@graph":[{"@type":"WebPage","@id":"https:\/\/staging.zipline-dolinka.si\/pt-pt\/nossa-historia\/","url":"https:\/\/staging.zipline-dolinka.si\/pt-pt\/nossa-historia\/","name":"Nossa hist\u00f3ria - Zipline Dolinka","isPartOf":{"@id":"https:\/\/staging.zipline-dolinka.si\/pt-pt\/#website"},"datePublished":"2022-06-16T20:20:18+00:00","dateModified":"2023-07-19T13:05:41+00:00","breadcrumb":{"@id":"https:\/\/staging.zipline-dolinka.si\/pt-pt\/nossa-historia\/#breadcrumb"},"inLanguage":"pt-PT","potentialAction":[{"@type":"ReadAction","target":["https:\/\/staging.zipline-dolinka.si\/pt-pt\/nossa-historia\/"]}]},{"@type":"BreadcrumbList","@id":"https:\/\/staging.zipline-dolinka.si\/pt-pt\/nossa-historia\/#breadcrumb","itemListElement":[{"@type":"ListItem","position":1,"name":"P\u00e1gina inicial","item":"https:\/\/staging.zipline-dolinka.si\/pt-pt\/"},{"@type":"ListItem","position":2,"name":"Nossa hist\u00f3ria"}]},{"@type":"WebSite","@id":"https:\/\/staging.zipline-dolinka.si\/pt-pt\/#website","url":"https:\/\/staging.zipline-dolinka.si\/pt-pt\/","name":"Zipline Dolinka","description":"The Longest Zipline in Europe","publisher":{"@id":"https:\/\/staging.zipline-dolinka.si\/pt-pt\/#organization"},"potentialAction":[{"@type":"SearchAction","target":{"@type":"EntryPoint","urlTemplate":"https:\/\/staging.zipline-dolinka.si\/pt-pt\/?s={search_term_string}"},"query-input":"required name=search_term_string"}],"inLanguage":"pt-PT"},{"@type":"Organization","@id":"https:\/\/staging.zipline-dolinka.si\/pt-pt\/#organization","name":"Zipline Dolinka Bled","url":"https:\/\/staging.zipline-dolinka.si\/pt-pt\/","logo":{"@type":"ImageObject","inLanguage":"pt-PT","@id":"https:\/\/staging.zipline-dolinka.si\/pt-pt\/#\/schema\/logo\/image\/","url":"https:\/\/staging.zipline-dolinka.si\/wp-content\/uploads\/2022\/05\/cropped-ziplinedolonka-favicon.png","contentUrl":"https:\/\/staging.zipline-dolinka.si\/wp-content\/uploads\/2022\/05\/cropped-ziplinedolonka-favicon.png","width":512,"height":512,"caption":"Zipline Dolinka Bled"},"image":{"@id":"https:\/\/staging.zipline-dolinka.si\/pt-pt\/#\/schema\/logo\/image\/"},"sameAs":["https:\/\/www.facebook.com\/ZiplineDolinka\/","https:\/\/www.tripadvisor.com\/Attraction_Review-g274863-d14139627-Reviews-Zipline_Dolinka-Bled_Upper_Carniola_Region.html"]}]}},"_links":{"self":[{"href":"https:\/\/staging.zipline-dolinka.si\/pt-pt\/wp-json\/wp\/v2\/pages\/4197","targetHints":{"allow":["GET"]}}],"collection":[{"href":"https:\/\/staging.zipline-dolinka.si\/pt-pt\/wp-json\/wp\/v2\/pages"}],"about":[{"href":"https:\/\/staging.zipline-dolinka.si\/pt-pt\/wp-json\/wp\/v2\/types\/page"}],"author":[{"embeddable":true,"href":"https:\/\/staging.zipline-dolinka.si\/pt-pt\/wp-json\/wp\/v2\/users\/1"}],"replies":[{"embeddable":true,"href":"https:\/\/staging.zipline-dolinka.si\/pt-pt\/wp-json\/wp\/v2\/comments?post=4197"}],"version-history":[{"count":0,"href":"https:\/\/staging.zipline-dolinka.si\/pt-pt\/wp-json\/wp\/v2\/pages\/4197\/revisions"}],"wp:attachment":[{"href":"https:\/\/staging.zipline-dolinka.si\/pt-pt\/wp-json\/wp\/v2\/media?parent=4197"}],"curies":[{"name":"wp","href":"https:\/\/api.w.org\/{rel}","templated":true}]}}