{"id":1152,"date":"2022-05-27T09:43:26","date_gmt":"2022-05-27T09:43:26","guid":{"rendered":"https:\/\/staging.zipline-dolinka.si\/cookies\/"},"modified":"2022-06-24T04:54:28","modified_gmt":"2022-06-24T04:54:28","slug":"cookies","status":"publish","type":"page","link":"https:\/\/staging.zipline-dolinka.si\/sl\/cookies\/","title":{"rendered":"Pi\u0161kotki"},"content":{"rendered":"\n<h2 class=\"wp-block-heading\">Kaj so pi\u0161kotki?<\/h2>\n\n\n\n<p>Pi\u0161kotki so majhne tekstovne datoteke na va\u0161em ra\u010dunalniku, v katerih se shranjujejo informacije o tem, kolikokrat obi\u0161\u010dete na\u0161o stran in kaj vas v teh obiskih zanima. Pi\u0161kotki ne vsebujejo nobenih osebnih podatkov oz. informacij, ki bi vas lahko identificirale.<\/p>\n\n\n\n<h2 class=\"wp-block-heading\">Zakaj so pi\u0161kotki potrebni?<\/h2>\n\n\n\n<p>S pomo\u010djo pi\u0161kotkov vam lahko zagotovimo bolj\u0161o uporabni\u0161ko izku\u0161njo na spletni strani.<\/p>\n\n\n\n<p>Tako se npr. v pi\u0161kotke lahko bele\u017eijo va\u0161e preference in nastavitve, vnosi v spletne obrazce in informacije za prijavljene uporabnike.<\/p>\n\n\n\n<p>Osnovne funkcije e-poslovanja ne bi bile mogo\u010de brez pi\u0161kotkov. V spletnih trgovinah se namre\u010d v pi\u0161kotke bele\u017eijo izdelki v nakupovalni ko\u0161arici, priljubljeni izdelki, ostali podatki o nakupu itd.<\/p>\n\n\n\n<p>S pomo\u010djo pi\u0161kotkov lahko bele\u017eimo statistiko spletne strani in tako la\u017eje odkrijemo in odpravimo morebitne napake ter vam ob naslednjih obiskih ponudimo bolj\u0161o vsebino oz. primernej\u0161o ponudbo.<\/p>\n\n\n\n<p>S pomo\u010djo pi\u0161kotkov vam morebitni ogla\u0161evalski partnerji lahko servirajo relevantne oglase.<\/p>\n\n\n\n<p>Nekateri pi\u0161kotki so nujno potrebni za samo delovanje spletne strani, medtem, ko se ostali lahko shranijo, le \u010de se s tem strinjate.<\/p>\n\n\n\n<h2 class=\"wp-block-heading\">Seznam pi\u0161kotkov<\/h2>\n\n\n\n<figure class=\"wp-block-table\"><table><thead><tr><th>Cookie name<\/th><th>Purpose<\/th><th>Duration<\/th><th>Origin<\/th><\/tr><\/thead><tbody><tr><td>_utma<\/td><td>Statistika ogledov spletne strani<\/td><td>2 leti<\/td><td>Google Analytics<\/td><\/tr><tr><td>_utmb<\/td><td>Statistika ogledov spletne strani<\/td><td>30 minut<\/td><td>Google Analytics<\/td><\/tr><tr><td>_utmc<\/td><td>Statistika ogledov spletne strani<\/td><td>do ko\u010danja seje<\/td><td>Google Analytics<\/td><\/tr><tr><td>_utmz<\/td><td>Statistika ogledov spletne strani<\/td><td>6 mesecev<\/td><td>Google Analytics<\/td><\/tr><\/tbody><\/table><\/figure>\n\n\n\n<h2 class=\"wp-block-heading\">Onemogo\u010denje pi\u0161kotkov<\/h2>\n\n\n\n<p>Ve\u010dina spletnih brskalnikov samodejno sprejme pi\u0161kotke. V nastavitvah brskalnika lahko pi\u0161kotke kadarkoli izklopite. Informacije o nastavitvah za pi\u0161kotke v posameznih brskalnikih so na voljo na spodnjih povezavah:<\/p>\n\n\n\n<ul class=\"wp-block-list\"><li><a href=\"https:\/\/support.google.com\/chrome\/answer\/95647?hl=en&amp;p=cpn_cookies\" target=\"_blank\" rel=\"noreferrer noopener\">Chrome<\/a><\/li><li><a href=\"http:\/\/support.mozilla.org\/en-US\/kb\/enable-and-disable-cookies-website-preferences\" target=\"_blank\" rel=\"noreferrer noopener\">Firefox<\/a><\/li><li><a href=\"http:\/\/windows.microsoft.com\/en-us\/windows-vista\/block-or-allow-cookies\" target=\"_blank\" rel=\"noreferrer noopener\">Internet Explorer<\/a><\/li><li><a href=\"http:\/\/www.opera.com\/help\/tutorials\/security\/privacy\/\" target=\"_blank\" rel=\"noreferrer noopener\">Opera<\/a><\/li><li><a href=\"http:\/\/www.apple.com\/support\/safari\/\" target=\"_blank\" rel=\"noreferrer noopener\">Safari<\/a><\/li><\/ul>\n\n\n\n<p>\u010ce pi\u0161kotke izklopite, spletna stran ne bo delovala optimalno oz. bodo nekatere funkcionalnosti onemogo\u010dene. Tudi pri izklopu vseh pi\u0161kotkov bo brskalnik \u0161e vedno pridobival dolo\u010dene informacije, ki so potrebne za osnovno delovanje na\u0161e spletne strani.<\/p>\n","protected":false},"excerpt":{"rendered":"<p>Kaj so pi\u0161kotki? Pi\u0161kotki so majhne tekstovne datoteke na va\u0161em ra\u010dunalniku, v katerih se shranjujejo informacije o tem, kolikokrat obi\u0161\u010dete na\u0161o stran in kaj vas v teh obiskih zanima. Pi\u0161kotki ne vsebujejo nobenih osebnih podatkov oz. informacij, ki bi vas lahko identificirale. Zakaj so pi\u0161kotki potrebni? S pomo\u010djo pi\u0161kotkov vam lahko zagotovimo bolj\u0161o uporabni\u0161ko izku\u0161njo&hellip;&nbsp;<a href=\"https:\/\/staging.zipline-dolinka.si\/sl\/cookies\/\" class=\"\" rel=\"bookmark\">Preberi ve\u010d &raquo;<span class=\"screen-reader-text\">Pi\u0161kotki<\/span><\/a><\/p>\n","protected":false},"author":1,"featured_media":0,"parent":0,"menu_order":11,"comment_status":"closed","ping_status":"open","template":"","meta":{"neve_meta_sidebar":"","neve_meta_container":"","neve_meta_enable_content_width":"","neve_meta_content_width":0,"neve_meta_title_alignment":"","neve_meta_author_avatar":"","neve_post_elements_order":"","neve_meta_disable_header":"","neve_meta_disable_footer":"","neve_meta_disable_title":"","neve_meta_reading_time":"","_themeisle_gutenberg_block_has_review":false,"_ti_tpc_template_sync":false,"_ti_tpc_template_id":"","footnotes":""},"class_list":["post-1152","page","type-page","status-publish","hentry"],"yoast_head":"<!-- This site is optimized with the Yoast SEO plugin v20.8 - https:\/\/yoast.com\/wordpress\/plugins\/seo\/ -->\n<title>Pi\u0161kotki - Zipline Dolinka<\/title>\n<meta name=\"robots\" content=\"index, follow, max-snippet:-1, max-image-preview:large, max-video-preview:-1\" \/>\n<link rel=\"canonical\" href=\"https:\/\/staging.zipline-dolinka.si\/sl\/cookies\/\" \/>\n<meta property=\"og:locale\" content=\"sl_SI\" \/>\n<meta property=\"og:type\" content=\"article\" \/>\n<meta property=\"og:title\" content=\"Pi\u0161kotki - Zipline Dolinka\" \/>\n<meta property=\"og:description\" content=\"Kaj so pi\u0161kotki? Pi\u0161kotki so majhne tekstovne datoteke na va\u0161em ra\u010dunalniku, v katerih se shranjujejo informacije o tem, kolikokrat obi\u0161\u010dete na\u0161o stran in kaj vas v teh obiskih zanima. Pi\u0161kotki ne vsebujejo nobenih osebnih podatkov oz. informacij, ki bi vas lahko identificirale. Zakaj so pi\u0161kotki potrebni? S pomo\u010djo pi\u0161kotkov vam lahko zagotovimo bolj\u0161o uporabni\u0161ko izku\u0161njo&hellip;&nbsp;Preberi ve\u010d &raquo;Pi\u0161kotki\" \/>\n<meta property=\"og:url\" content=\"https:\/\/staging.zipline-dolinka.si\/sl\/cookies\/\" \/>\n<meta property=\"og:site_name\" content=\"Zipline Dolinka\" \/>\n<meta property=\"article:publisher\" content=\"https:\/\/www.facebook.com\/ZiplineDolinka\/\" \/>\n<meta property=\"article:modified_time\" content=\"2022-06-24T04:54:28+00:00\" \/>\n<meta name=\"twitter:card\" content=\"summary_large_image\" \/>\n<meta name=\"twitter:label1\" content=\"Est. reading time\" \/>\n\t<meta name=\"twitter:data1\" content=\"2 minuti\" \/>\n<script type=\"application\/ld+json\" class=\"yoast-schema-graph\">{\"@context\":\"https:\/\/schema.org\",\"@graph\":[{\"@type\":\"WebPage\",\"@id\":\"https:\/\/staging.zipline-dolinka.si\/sl\/cookies\/\",\"url\":\"https:\/\/staging.zipline-dolinka.si\/sl\/cookies\/\",\"name\":\"Pi\u0161kotki - Zipline Dolinka\",\"isPartOf\":{\"@id\":\"https:\/\/staging.zipline-dolinka.si\/sl\/#website\"},\"datePublished\":\"2022-05-27T09:43:26+00:00\",\"dateModified\":\"2022-06-24T04:54:28+00:00\",\"breadcrumb\":{\"@id\":\"https:\/\/staging.zipline-dolinka.si\/sl\/cookies\/#breadcrumb\"},\"inLanguage\":\"sl-SI\",\"potentialAction\":[{\"@type\":\"ReadAction\",\"target\":[\"https:\/\/staging.zipline-dolinka.si\/sl\/cookies\/\"]}]},{\"@type\":\"BreadcrumbList\",\"@id\":\"https:\/\/staging.zipline-dolinka.si\/sl\/cookies\/#breadcrumb\",\"itemListElement\":[{\"@type\":\"ListItem\",\"position\":1,\"name\":\"Domov\",\"item\":\"https:\/\/staging.zipline-dolinka.si\/sl\/\"},{\"@type\":\"ListItem\",\"position\":2,\"name\":\"Pi\u0161kotki\"}]},{\"@type\":\"WebSite\",\"@id\":\"https:\/\/staging.zipline-dolinka.si\/sl\/#website\",\"url\":\"https:\/\/staging.zipline-dolinka.si\/sl\/\",\"name\":\"Zipline Dolinka\",\"description\":\"The Longest Zipline in Europe\",\"publisher\":{\"@id\":\"https:\/\/staging.zipline-dolinka.si\/sl\/#organization\"},\"potentialAction\":[{\"@type\":\"SearchAction\",\"target\":{\"@type\":\"EntryPoint\",\"urlTemplate\":\"https:\/\/staging.zipline-dolinka.si\/sl\/?s={search_term_string}\"},\"query-input\":\"required name=search_term_string\"}],\"inLanguage\":\"sl-SI\"},{\"@type\":\"Organization\",\"@id\":\"https:\/\/staging.zipline-dolinka.si\/sl\/#organization\",\"name\":\"Zipline Dolinka Bled\",\"url\":\"https:\/\/staging.zipline-dolinka.si\/sl\/\",\"logo\":{\"@type\":\"ImageObject\",\"inLanguage\":\"sl-SI\",\"@id\":\"https:\/\/staging.zipline-dolinka.si\/sl\/#\/schema\/logo\/image\/\",\"url\":\"https:\/\/staging.zipline-dolinka.si\/wp-content\/uploads\/2022\/05\/cropped-ziplinedolonka-favicon.png\",\"contentUrl\":\"https:\/\/staging.zipline-dolinka.si\/wp-content\/uploads\/2022\/05\/cropped-ziplinedolonka-favicon.png\",\"width\":512,\"height\":512,\"caption\":\"Zipline Dolinka Bled\"},\"image\":{\"@id\":\"https:\/\/staging.zipline-dolinka.si\/sl\/#\/schema\/logo\/image\/\"},\"sameAs\":[\"https:\/\/www.facebook.com\/ZiplineDolinka\/\",\"https:\/\/www.tripadvisor.com\/Attraction_Review-g274863-d14139627-Reviews-Zipline_Dolinka-Bled_Upper_Carniola_Region.html\"]}]}<\/script>\n<!-- \/ Yoast SEO plugin. -->","yoast_head_json":{"title":"Pi\u0161kotki - Zipline Dolinka","robots":{"index":"index","follow":"follow","max-snippet":"max-snippet:-1","max-image-preview":"max-image-preview:large","max-video-preview":"max-video-preview:-1"},"canonical":"https:\/\/staging.zipline-dolinka.si\/sl\/cookies\/","og_locale":"sl_SI","og_type":"article","og_title":"Pi\u0161kotki - Zipline Dolinka","og_description":"Kaj so pi\u0161kotki? Pi\u0161kotki so majhne tekstovne datoteke na va\u0161em ra\u010dunalniku, v katerih se shranjujejo informacije o tem, kolikokrat obi\u0161\u010dete na\u0161o stran in kaj vas v teh obiskih zanima. Pi\u0161kotki ne vsebujejo nobenih osebnih podatkov oz. informacij, ki bi vas lahko identificirale. Zakaj so pi\u0161kotki potrebni? S pomo\u010djo pi\u0161kotkov vam lahko zagotovimo bolj\u0161o uporabni\u0161ko izku\u0161njo&hellip;&nbsp;Preberi ve\u010d &raquo;Pi\u0161kotki","og_url":"https:\/\/staging.zipline-dolinka.si\/sl\/cookies\/","og_site_name":"Zipline Dolinka","article_publisher":"https:\/\/www.facebook.com\/ZiplineDolinka\/","article_modified_time":"2022-06-24T04:54:28+00:00","twitter_card":"summary_large_image","twitter_misc":{"Est. reading time":"2 minuti"},"schema":{"@context":"https:\/\/schema.org","@graph":[{"@type":"WebPage","@id":"https:\/\/staging.zipline-dolinka.si\/sl\/cookies\/","url":"https:\/\/staging.zipline-dolinka.si\/sl\/cookies\/","name":"Pi\u0161kotki - Zipline Dolinka","isPartOf":{"@id":"https:\/\/staging.zipline-dolinka.si\/sl\/#website"},"datePublished":"2022-05-27T09:43:26+00:00","dateModified":"2022-06-24T04:54:28+00:00","breadcrumb":{"@id":"https:\/\/staging.zipline-dolinka.si\/sl\/cookies\/#breadcrumb"},"inLanguage":"sl-SI","potentialAction":[{"@type":"ReadAction","target":["https:\/\/staging.zipline-dolinka.si\/sl\/cookies\/"]}]},{"@type":"BreadcrumbList","@id":"https:\/\/staging.zipline-dolinka.si\/sl\/cookies\/#breadcrumb","itemListElement":[{"@type":"ListItem","position":1,"name":"Domov","item":"https:\/\/staging.zipline-dolinka.si\/sl\/"},{"@type":"ListItem","position":2,"name":"Pi\u0161kotki"}]},{"@type":"WebSite","@id":"https:\/\/staging.zipline-dolinka.si\/sl\/#website","url":"https:\/\/staging.zipline-dolinka.si\/sl\/","name":"Zipline Dolinka","description":"The Longest Zipline in Europe","publisher":{"@id":"https:\/\/staging.zipline-dolinka.si\/sl\/#organization"},"potentialAction":[{"@type":"SearchAction","target":{"@type":"EntryPoint","urlTemplate":"https:\/\/staging.zipline-dolinka.si\/sl\/?s={search_term_string}"},"query-input":"required name=search_term_string"}],"inLanguage":"sl-SI"},{"@type":"Organization","@id":"https:\/\/staging.zipline-dolinka.si\/sl\/#organization","name":"Zipline Dolinka Bled","url":"https:\/\/staging.zipline-dolinka.si\/sl\/","logo":{"@type":"ImageObject","inLanguage":"sl-SI","@id":"https:\/\/staging.zipline-dolinka.si\/sl\/#\/schema\/logo\/image\/","url":"https:\/\/staging.zipline-dolinka.si\/wp-content\/uploads\/2022\/05\/cropped-ziplinedolonka-favicon.png","contentUrl":"https:\/\/staging.zipline-dolinka.si\/wp-content\/uploads\/2022\/05\/cropped-ziplinedolonka-favicon.png","width":512,"height":512,"caption":"Zipline Dolinka Bled"},"image":{"@id":"https:\/\/staging.zipline-dolinka.si\/sl\/#\/schema\/logo\/image\/"},"sameAs":["https:\/\/www.facebook.com\/ZiplineDolinka\/","https:\/\/www.tripadvisor.com\/Attraction_Review-g274863-d14139627-Reviews-Zipline_Dolinka-Bled_Upper_Carniola_Region.html"]}]}},"_links":{"self":[{"href":"https:\/\/staging.zipline-dolinka.si\/sl\/wp-json\/wp\/v2\/pages\/1152","targetHints":{"allow":["GET"]}}],"collection":[{"href":"https:\/\/staging.zipline-dolinka.si\/sl\/wp-json\/wp\/v2\/pages"}],"about":[{"href":"https:\/\/staging.zipline-dolinka.si\/sl\/wp-json\/wp\/v2\/types\/page"}],"author":[{"embeddable":true,"href":"https:\/\/staging.zipline-dolinka.si\/sl\/wp-json\/wp\/v2\/users\/1"}],"replies":[{"embeddable":true,"href":"https:\/\/staging.zipline-dolinka.si\/sl\/wp-json\/wp\/v2\/comments?post=1152"}],"version-history":[{"count":0,"href":"https:\/\/staging.zipline-dolinka.si\/sl\/wp-json\/wp\/v2\/pages\/1152\/revisions"}],"wp:attachment":[{"href":"https:\/\/staging.zipline-dolinka.si\/sl\/wp-json\/wp\/v2\/media?parent=1152"}],"curies":[{"name":"wp","href":"https:\/\/api.w.org\/{rel}","templated":true}]}}