{"id":1231,"date":"2022-07-03T16:14:26","date_gmt":"2022-07-03T16:14:08","guid":{"rendered":"https:\/\/staging.zipline-dolinka.si\/tour\/family-ticket-2\/"},"modified":"2025-01-29T11:18:29","modified_gmt":"2025-01-29T11:18:29","slug":"darilni-bon","status":"publish","type":"page","link":"https:\/\/staging.zipline-dolinka.si\/sl\/ture\/darilni-bon\/","title":{"rendered":"Darilni bon"},"content":{"rendered":"\n<div class=\"wp-block-group\"><div class=\"wp-block-group__inner-container is-layout-constrained wp-block-group-is-layout-constrained\">\n<p><strong>Podarite nepozabno dogodiv\u0161\u010dino v objemu narave!<\/strong><br>Z darilnim bonom za Zipline Dolinka podarite ve\u010d kot le adrenalin \u2013 podarite trenutke svobode, osupljive razglede na neokrnjeno naravo in spomine, ki bodo trajali ve\u010dno. To je popolno darilo za vse, ki ljubijo pustolov\u0161\u010dine, bodisi za rojstni dan, obletnico ali preprosto zato, da polep\u0161ate njihov dan. Va\u0161e darilo bo pustilo trajen vtis!<\/p>\n\n\n\n<p>Kliknite <mark style=\"background-color:rgba(0, 0, 0, 0)\" class=\"has-inline-color has-neve-link-color-color\">&#8220;Kupi darilni bon&#8221; <\/mark>in sledite navodilom. \u010ce potrebujete pomo\u010d smo vam na voljo ali preko maila <mark style=\"background-color:rgba(0, 0, 0, 0)\" class=\"has-inline-color has-neve-link-color-color\">info@zipline-dolinka.si<\/mark> ali telefonske \u0161tevilke <mark style=\"background-color:rgba(0, 0, 0, 0)\" class=\"has-inline-color has-neve-link-color-color\">031 845 900<\/mark>.<\/p>\n<\/div><\/div>\n\n\n\n\n\n\n<script>\nga(function (tracker) {\n \/\/ Gets the client ID of the default tracker.\n var clientId = tracker.get('clientId');\n\n\n \/\/ Gets the Checkfront iframe.\n var checkfrontIframe = document.getElementById('CHECKFRONT_WIDGET_01').getElementsByTagName('iframe')[0]; \n\n\n \/\/ Sends the client ID to the window inside the destination frame, once it's loaded.\n checkfrontIframe.addEventListener(\"load\", function () {\n this.contentWindow.postMessage(clientId, 'https:\/\/zipline-dolinka.checkfront.com');\n });\n});\n<\/script>\n\n\n<div style=\"height:400pxpx;\" class=\"wp-block-themeisle-blocks-leaflet-map\" id=\"wp-block-themeisle-blocks-leaflet-map-a8f09947\"><\/div>\n<script type=\"text\/javascript\">\n\t\/* <![CDATA[ *\/\n\t\tif ( ! window.themeisleLeafletMaps ) window.themeisleLeafletMaps =[];\n\t\twindow.themeisleLeafletMaps.push( { container: \"wp-block-themeisle-blocks-leaflet-map-a8f09947\", attributes: {\"id\":\"wp-block-themeisle-blocks-leaflet-map-a8f09947\",\"location\":\"Cesta svobode 1\",\"latitude\":\"46.370917812081416\",\"longitude\":\"14.107797145843508\",\"bbox\":\"14.090223312377931,46.36499528482401,14.125370979309084,46.3768396971909\",\"zoom\":15,\"height\":\"400px\",\"markers\":[],\"zoomControl\":true,\"draggable\":true,\"hasCustomCSS\":false,\"customCSS\":\"\",\"otterConditions\":[]} } );\n\t\/* ]]> *\/\n<\/script>\n","protected":false},"excerpt":{"rendered":"<p>Podarite nepozabno dogodiv\u0161\u010dino v objemu narave!Z darilnim bonom za Zipline Dolinka podarite ve\u010d kot le adrenalin \u2013 podarite trenutke svobode, osupljive razglede na neokrnjeno naravo in spomine, ki bodo trajali ve\u010dno. To je popolno darilo za vse, ki ljubijo pustolov\u0161\u010dine, bodisi za rojstni dan, obletnico ali preprosto zato, da polep\u0161ate njihov dan. Va\u0161e darilo bo&hellip;&nbsp;<a href=\"https:\/\/staging.zipline-dolinka.si\/sl\/ture\/darilni-bon\/\" class=\"\" rel=\"bookmark\">Preberi ve\u010d &raquo;<span class=\"screen-reader-text\">Darilni bon<\/span><\/a><\/p>\n","protected":false},"author":1,"featured_media":0,"parent":1039,"menu_order":0,"comment_status":"closed","ping_status":"closed","template":"","meta":{"neve_meta_sidebar":"","neve_meta_container":"","neve_meta_enable_content_width":"on","neve_meta_content_width":70,"neve_meta_title_alignment":"","neve_meta_author_avatar":"","neve_post_elements_order":"","neve_meta_disable_header":"","neve_meta_disable_footer":"","neve_meta_disable_title":"","neve_meta_reading_time":"","_themeisle_gutenberg_block_has_review":false,"_ti_tpc_template_sync":false,"_ti_tpc_template_id":"","footnotes":""},"class_list":["post-1231","page","type-page","status-publish","hentry"],"yoast_head":"<!-- This site is optimized with the Yoast SEO plugin v20.8 - https:\/\/yoast.com\/wordpress\/plugins\/seo\/ -->\n<title>Darilni bon - Zipline Dolinka<\/title>\n<meta name=\"description\" content=\"Podarite nepozabno pustolov\u0161\u010dino! Darilni bon za zipline v Bledu je popolno darilo za ljubitelje adrenalina in narave. Naro\u010dite svoj bon \u0161e danes!\" \/>\n<meta name=\"robots\" content=\"index, follow, max-snippet:-1, max-image-preview:large, max-video-preview:-1\" \/>\n<link rel=\"canonical\" href=\"https:\/\/staging.zipline-dolinka.si\/sl\/ture\/darilni-bon\/\" \/>\n<meta property=\"og:locale\" content=\"sl_SI\" \/>\n<meta property=\"og:type\" content=\"article\" \/>\n<meta property=\"og:title\" content=\"Darilni bon - Zipline Dolinka\" \/>\n<meta property=\"og:description\" content=\"Podarite nepozabno pustolov\u0161\u010dino! Darilni bon za zipline v Bledu je popolno darilo za ljubitelje adrenalina in narave. Naro\u010dite svoj bon \u0161e danes!\" \/>\n<meta property=\"og:url\" content=\"https:\/\/staging.zipline-dolinka.si\/sl\/ture\/darilni-bon\/\" \/>\n<meta property=\"og:site_name\" content=\"Zipline Dolinka\" \/>\n<meta property=\"article:publisher\" content=\"https:\/\/www.facebook.com\/ZiplineDolinka\/\" \/>\n<meta property=\"article:modified_time\" content=\"2025-01-29T11:18:29+00:00\" \/>\n<meta name=\"twitter:card\" content=\"summary_large_image\" \/>\n<meta name=\"twitter:label1\" content=\"Est. reading time\" \/>\n\t<meta name=\"twitter:data1\" content=\"1 minuta\" \/>\n<script type=\"application\/ld+json\" class=\"yoast-schema-graph\">{\"@context\":\"https:\/\/schema.org\",\"@graph\":[{\"@type\":\"WebPage\",\"@id\":\"https:\/\/staging.zipline-dolinka.si\/sl\/ture\/darilni-bon\/\",\"url\":\"https:\/\/staging.zipline-dolinka.si\/sl\/ture\/darilni-bon\/\",\"name\":\"Darilni bon - Zipline Dolinka\",\"isPartOf\":{\"@id\":\"https:\/\/staging.zipline-dolinka.si\/sl\/#website\"},\"datePublished\":\"2022-07-03T16:14:08+00:00\",\"dateModified\":\"2025-01-29T11:18:29+00:00\",\"description\":\"Podarite nepozabno pustolov\u0161\u010dino! Darilni bon za zipline v Bledu je popolno darilo za ljubitelje adrenalina in narave. Naro\u010dite svoj bon \u0161e danes!\",\"breadcrumb\":{\"@id\":\"https:\/\/staging.zipline-dolinka.si\/sl\/ture\/darilni-bon\/#breadcrumb\"},\"inLanguage\":\"sl-SI\",\"potentialAction\":[{\"@type\":\"ReadAction\",\"target\":[\"https:\/\/staging.zipline-dolinka.si\/sl\/ture\/darilni-bon\/\"]}]},{\"@type\":\"BreadcrumbList\",\"@id\":\"https:\/\/staging.zipline-dolinka.si\/sl\/ture\/darilni-bon\/#breadcrumb\",\"itemListElement\":[{\"@type\":\"ListItem\",\"position\":1,\"name\":\"Domov\",\"item\":\"https:\/\/staging.zipline-dolinka.si\/sl\/\"},{\"@type\":\"ListItem\",\"position\":2,\"name\":\"Zipline ture\",\"item\":\"https:\/\/staging.zipline-dolinka.si\/sl\/ture\/\"},{\"@type\":\"ListItem\",\"position\":3,\"name\":\"Darilni bon\"}]},{\"@type\":\"WebSite\",\"@id\":\"https:\/\/staging.zipline-dolinka.si\/sl\/#website\",\"url\":\"https:\/\/staging.zipline-dolinka.si\/sl\/\",\"name\":\"Zipline Dolinka\",\"description\":\"The Longest Zipline in Europe\",\"publisher\":{\"@id\":\"https:\/\/staging.zipline-dolinka.si\/sl\/#organization\"},\"potentialAction\":[{\"@type\":\"SearchAction\",\"target\":{\"@type\":\"EntryPoint\",\"urlTemplate\":\"https:\/\/staging.zipline-dolinka.si\/sl\/?s={search_term_string}\"},\"query-input\":\"required name=search_term_string\"}],\"inLanguage\":\"sl-SI\"},{\"@type\":\"Organization\",\"@id\":\"https:\/\/staging.zipline-dolinka.si\/sl\/#organization\",\"name\":\"Zipline Dolinka Bled\",\"url\":\"https:\/\/staging.zipline-dolinka.si\/sl\/\",\"logo\":{\"@type\":\"ImageObject\",\"inLanguage\":\"sl-SI\",\"@id\":\"https:\/\/staging.zipline-dolinka.si\/sl\/#\/schema\/logo\/image\/\",\"url\":\"https:\/\/staging.zipline-dolinka.si\/wp-content\/uploads\/2022\/05\/cropped-ziplinedolonka-favicon.png\",\"contentUrl\":\"https:\/\/staging.zipline-dolinka.si\/wp-content\/uploads\/2022\/05\/cropped-ziplinedolonka-favicon.png\",\"width\":512,\"height\":512,\"caption\":\"Zipline Dolinka Bled\"},\"image\":{\"@id\":\"https:\/\/staging.zipline-dolinka.si\/sl\/#\/schema\/logo\/image\/\"},\"sameAs\":[\"https:\/\/www.facebook.com\/ZiplineDolinka\/\",\"https:\/\/www.tripadvisor.com\/Attraction_Review-g274863-d14139627-Reviews-Zipline_Dolinka-Bled_Upper_Carniola_Region.html\"]}]}<\/script>\n<!-- \/ Yoast SEO plugin. -->","yoast_head_json":{"title":"Darilni bon - Zipline Dolinka","description":"Podarite nepozabno pustolov\u0161\u010dino! Darilni bon za zipline v Bledu je popolno darilo za ljubitelje adrenalina in narave. Naro\u010dite svoj bon \u0161e danes!","robots":{"index":"index","follow":"follow","max-snippet":"max-snippet:-1","max-image-preview":"max-image-preview:large","max-video-preview":"max-video-preview:-1"},"canonical":"https:\/\/staging.zipline-dolinka.si\/sl\/ture\/darilni-bon\/","og_locale":"sl_SI","og_type":"article","og_title":"Darilni bon - Zipline Dolinka","og_description":"Podarite nepozabno pustolov\u0161\u010dino! Darilni bon za zipline v Bledu je popolno darilo za ljubitelje adrenalina in narave. Naro\u010dite svoj bon \u0161e danes!","og_url":"https:\/\/staging.zipline-dolinka.si\/sl\/ture\/darilni-bon\/","og_site_name":"Zipline Dolinka","article_publisher":"https:\/\/www.facebook.com\/ZiplineDolinka\/","article_modified_time":"2025-01-29T11:18:29+00:00","twitter_card":"summary_large_image","twitter_misc":{"Est. reading time":"1 minuta"},"schema":{"@context":"https:\/\/schema.org","@graph":[{"@type":"WebPage","@id":"https:\/\/staging.zipline-dolinka.si\/sl\/ture\/darilni-bon\/","url":"https:\/\/staging.zipline-dolinka.si\/sl\/ture\/darilni-bon\/","name":"Darilni bon - Zipline Dolinka","isPartOf":{"@id":"https:\/\/staging.zipline-dolinka.si\/sl\/#website"},"datePublished":"2022-07-03T16:14:08+00:00","dateModified":"2025-01-29T11:18:29+00:00","description":"Podarite nepozabno pustolov\u0161\u010dino! Darilni bon za zipline v Bledu je popolno darilo za ljubitelje adrenalina in narave. Naro\u010dite svoj bon \u0161e danes!","breadcrumb":{"@id":"https:\/\/staging.zipline-dolinka.si\/sl\/ture\/darilni-bon\/#breadcrumb"},"inLanguage":"sl-SI","potentialAction":[{"@type":"ReadAction","target":["https:\/\/staging.zipline-dolinka.si\/sl\/ture\/darilni-bon\/"]}]},{"@type":"BreadcrumbList","@id":"https:\/\/staging.zipline-dolinka.si\/sl\/ture\/darilni-bon\/#breadcrumb","itemListElement":[{"@type":"ListItem","position":1,"name":"Domov","item":"https:\/\/staging.zipline-dolinka.si\/sl\/"},{"@type":"ListItem","position":2,"name":"Zipline ture","item":"https:\/\/staging.zipline-dolinka.si\/sl\/ture\/"},{"@type":"ListItem","position":3,"name":"Darilni bon"}]},{"@type":"WebSite","@id":"https:\/\/staging.zipline-dolinka.si\/sl\/#website","url":"https:\/\/staging.zipline-dolinka.si\/sl\/","name":"Zipline Dolinka","description":"The Longest Zipline in Europe","publisher":{"@id":"https:\/\/staging.zipline-dolinka.si\/sl\/#organization"},"potentialAction":[{"@type":"SearchAction","target":{"@type":"EntryPoint","urlTemplate":"https:\/\/staging.zipline-dolinka.si\/sl\/?s={search_term_string}"},"query-input":"required name=search_term_string"}],"inLanguage":"sl-SI"},{"@type":"Organization","@id":"https:\/\/staging.zipline-dolinka.si\/sl\/#organization","name":"Zipline Dolinka Bled","url":"https:\/\/staging.zipline-dolinka.si\/sl\/","logo":{"@type":"ImageObject","inLanguage":"sl-SI","@id":"https:\/\/staging.zipline-dolinka.si\/sl\/#\/schema\/logo\/image\/","url":"https:\/\/staging.zipline-dolinka.si\/wp-content\/uploads\/2022\/05\/cropped-ziplinedolonka-favicon.png","contentUrl":"https:\/\/staging.zipline-dolinka.si\/wp-content\/uploads\/2022\/05\/cropped-ziplinedolonka-favicon.png","width":512,"height":512,"caption":"Zipline Dolinka Bled"},"image":{"@id":"https:\/\/staging.zipline-dolinka.si\/sl\/#\/schema\/logo\/image\/"},"sameAs":["https:\/\/www.facebook.com\/ZiplineDolinka\/","https:\/\/www.tripadvisor.com\/Attraction_Review-g274863-d14139627-Reviews-Zipline_Dolinka-Bled_Upper_Carniola_Region.html"]}]}},"_links":{"self":[{"href":"https:\/\/staging.zipline-dolinka.si\/sl\/wp-json\/wp\/v2\/pages\/1231","targetHints":{"allow":["GET"]}}],"collection":[{"href":"https:\/\/staging.zipline-dolinka.si\/sl\/wp-json\/wp\/v2\/pages"}],"about":[{"href":"https:\/\/staging.zipline-dolinka.si\/sl\/wp-json\/wp\/v2\/types\/page"}],"author":[{"embeddable":true,"href":"https:\/\/staging.zipline-dolinka.si\/sl\/wp-json\/wp\/v2\/users\/1"}],"replies":[{"embeddable":true,"href":"https:\/\/staging.zipline-dolinka.si\/sl\/wp-json\/wp\/v2\/comments?post=1231"}],"version-history":[{"count":0,"href":"https:\/\/staging.zipline-dolinka.si\/sl\/wp-json\/wp\/v2\/pages\/1231\/revisions"}],"up":[{"embeddable":true,"href":"https:\/\/staging.zipline-dolinka.si\/sl\/wp-json\/wp\/v2\/pages\/1039"}],"wp:attachment":[{"href":"https:\/\/staging.zipline-dolinka.si\/sl\/wp-json\/wp\/v2\/media?parent=1231"}],"curies":[{"name":"wp","href":"https:\/\/api.w.org\/{rel}","templated":true}]}}