{"id":1503,"date":"2022-11-11T09:20:46","date_gmt":"2022-11-11T09:20:46","guid":{"rendered":"https:\/\/staging.zipline-dolinka.si\/?page_id=1503"},"modified":"2023-03-27T06:38:32","modified_gmt":"2023-03-27T06:38:32","slug":"pogoji-poslovanja","status":"publish","type":"page","link":"https:\/\/staging.zipline-dolinka.si\/sl\/pogoji-poslovanja\/","title":{"rendered":"Pogoji poslovanja"},"content":{"rendered":"\n<div id=\"wp-block-themeisle-blocks-advanced-columns-0e12137a\" class=\"wp-block-themeisle-blocks-advanced-columns has-1-columns has-desktop-equal-layout has-tablet-equal-layout has-mobile-equal-layout has-vertical-unset\"><div class=\"wp-block-themeisle-blocks-advanced-columns-overlay\"><\/div><div class=\"innerblocks-wrap\">\n<div id=\"wp-block-themeisle-blocks-advanced-column-06b2b250\" class=\"wp-block-themeisle-blocks-advanced-column\">\n<ol class=\"wp-block-list\">\n<li>Rezervacija storitev se lahko izvede preko spleta na spletni strain:&nbsp;<a href=\"https:\/\/web.archive.org\/web\/20210724223459\/https:\/\/staging.zipline-dolinka.si\/\">www.zi<\/a><a href=\"https:\/\/web.archive.org\/web\/20210724223459\/https:\/\/staging.zipline-dolinka.si\/\">pline-dolinka.si<\/a>, preko elektronske po\u0161te, telefonsko ali osebno v sprejemni pisarni.<\/li>\n\n\n\n<li>V primeru rezervacije, boste na na va\u0161 elektronski naslov prejeli voucher. Na vaucherju so izpisani osnovni podatki o storitvi, vklju\u010dno z datumom in uro izvedbe storitve.<\/li>\n\n\n\n<li>Zborno mesto udele\u017eencev je 20 minut pred rezerviranom terminom izleta v sprejemni pisarni na Grajski cesti 16, 4260 Bled.<\/li>\n\n\n\n<li>V primeru zamude udele\u017eenca\/-cev ne zagotavljamo alternativnega termina izvedbe izleta.<\/li>\n\n\n\n<li>Udele\u017eeneci izleta se morajo pred za\u010detkom programa seznaniti z osnovnimi varnostnimi pravili in pogoji udele\u017ebe. V ta namen je potrebno prebrati izjavo o Pravilih udele\u017ebe na izletu Zipline Dolinka. Za mladoletne osebe mora izjavo podpisati stars ali skrbnik. Brez podpisane izjave udele\u017eba na izletu ni mogo\u010da.<\/li>\n\n\n\n<li>Udele\u017eenec programa pred udel\u017ebo na izletu predlo\u017eiti veljavni ra\u010dun oziroma voucher s QR kodo.<\/li>\n<\/ol>\n\n\n\n<h3 class=\"wp-block-heading\">PRAVILA UDELE\u017dBE<\/h3>\n\n\n\n<p>Za udele\u017eence izleta Zipline Dolinka veljajo naslednja spodaj opisana varnostna pravila, informacije o udele\u017ebi in omejitve:<\/p>\n\n\n\n<h4 class=\"wp-block-heading\">POGOJI UDELE\u017dBE<\/h4>\n\n\n\n<p>Izleta Zipline Dolinka se lahko udele\u017eijo osebe, ki so starej\u0161e od 6. let (otroci do 16. leta se izleta lahko udele\u017eijo le v spremstvu star\u0161ev ali skrbnikov. Od 16. do 18. leta pa potrebujejo pisno soglasje star\u0161ev ali skrbnika). Dolo\u010dena minimalna te\u017ea za udele\u017eence je 35 kg, maksimalna pa 125 kg.<\/p>\n\n\n\n<h4 class=\"wp-block-heading\">OMEJITVE ZA UDELE\u017dBO NA IZLETU<\/h4>\n\n\n\n<p>Udele\u017eba na izletu Zipline Dolinka ni mogo\u010da za:<\/p>\n\n\n\n<ul class=\"wp-block-list\">\n<li>Osebe, ki ne izpolnjujejo zgoraj navedenih kriterijev<\/li>\n\n\n\n<li>Osebe, ki so pod vplivom alkohola, drog ali drugih substanc, ki zmanj\u0161ujejo psiho-fizi\u010dne sposobnosti<\/li>\n\n\n\n<li>Osebe, ki imajo po\u0161kodbe hrbtenice, ramenskega obro\u010da ali okon\u010din.<\/li>\n\n\n\n<li>Osebe s povi\u0161anim krvnim tlakom ali boleznimi sr\u010dno-\u017eilnega sistema<\/li>\n\n\n\n<li>Nose\u010dnice<\/li>\n\n\n\n<li>Osebe z epilepsijo<\/li>\n\n\n\n<li>Osebe, ki so imele operativni poseg pred manj kot 6. meseci<\/li>\n<\/ul>\n\n\n\n<h4 class=\"wp-block-heading\">PRAVILA UDELE\u017dBE<\/h4>\n\n\n\n<p>Pravila udele\u017ebe na izletu Zipline Dolinka:<\/p>\n\n\n\n<ol class=\"wp-block-list\">\n<li>Udele\u017eba na izletu Zipline Dolinka je povezana s tveganji in se izvaja na lastno odgovornost udele\u017eencev. A\u017eman &amp; A\u017eman d.o.o. odgovarja skladno z zakonodajo RS.<\/li>\n\n\n\n<li>Najni\u017eja starost za udele\u017ebo na izletu Zipline Dolinka je 6. let. Otroci do 16. leta se izleta lahko udele\u017eijo le v spremstvu star\u0161ev ali skrbnikov. Od 16. do 18. leta pa potrebujejo pisno soglasje star\u0161ev ali skrbnika.<\/li>\n\n\n\n<li>Najni\u017eja predpisana te\u017ea udele\u017eenca je 35 kg, najvi\u0161ja pa 125kg.<\/li>\n\n\n\n<li>Drobne predmete, kot so npr. Denarnice,mobilni telefoni, kamere, ipd., morajo udele\u017eenci shranjevati v zaprtih \u017eepih.<\/li>\n\n\n\n<li>Fotografiranje in snemanje je dovoljeno. Med samim spustom je mo\u017eno snemanje oz. fotografiranje samo s predhodnim dogovorom in ustrezno tehni\u010dno opremo, ki omogo\u010da brezro\u010dno uporabo.<\/li>\n\n\n\n<li>Udele\u017eenci z dolgimi lasmi morajo le te speti v \u010dop z elastiko ali jih pokriti s tesnim pokrivalom.<\/li>\n\n\n\n<li>Vsak udele\u017eenec se mora udele\u017eiti pojasnil varnostnih navodil, ki so sestavljene iz teoreti\u010dnega in prakti\u010dnega dela. Vsa navodila vodi\u010da so zavezujo\u010da in se jih je obvezno potrebno dr\u017eati. V kolikor udele\u017eenec po treh poskusih ne opravi kratkega tehni\u010dnega testa zaviranja na 20 metrski jeklenici, se ne bo mogel udele\u017eiti izleta. V tem primeru A\u017eman &amp; A\u017eman d.o.o. ni dol\u017ena vra\u010dati pla\u010dila.<\/li>\n\n\n\n<li>Pri kr\u0161itvi splo\u0161nih in tehni\u010dnih navodil vodi\u010da, se udele\u017eencu lahko kadarkoli zavrne udele\u017ebo na izletu. A\u017eman &amp; A\u017eman d.o.o ne prevzema nobenih s tem povezanih od\u0161kodninskih zahtevkov.<\/li>\n\n\n\n<li>Udele\u017eba na izletu Zipline Dolinka je mogo\u010da samo z posebno osebno varnostno opremo, ki jo zagotovi organizator in je sestavljena iz: varnostne \u010delade, varnostnega pasu, popkovin in karabinov ter predpisanega \u0161kripca. Vsa osebna varnostna oprema se mora uporabljati skladno z navodili proizvajalca oziroma organizatorja in se med uporabo ne sme odlo\u017eiti ali prenesti drugim osebam.<\/li>\n\n\n\n<li>Udele\u017eenci materialno odgovarjajo za po\u0161kodbe osebne varnostne opreme, ki bi se zgodile zaradi neustrezne in\/ali malomarne uporabe ali ravnanja.<\/li>\n\n\n\n<li>A\u017eman &amp; A\u017eman d.o.o odgovarja v okviru zakonskih dolo\u010dil za osebno \u0161kodo. Za materialno in premo\u017eenjsko \u0161kodo odgovarja samo pod predpostavko hude malomarnosti organizatorja ali oseb, ki jim je zaupano vodenje.<\/li>\n\n\n\n<li>Organizator si pridr\u017euje pravico, da od oseb, ki ne spo\u0161tujejo teh pravil udele\u017ebe, zahteva, da nemudoma zapustijo izlet Zipline Dolinka.<\/li>\n\n\n\n<li>Organizator si pridr\u017euje pravico izlet iz varnostno tehni\u010dnih razlogov kadarkoli prekiniti.<\/li>\n\n\n\n<li>Udele\u017eba na izletu ZiplinDolinka pod vplivom alkohola, mamil ali drugih sredstev, ki zmanj\u0161ujejo psihofizi\u010dne sposobnosti ni dovoljena.<\/li>\n\n\n\n<li>Uporaba jeklenic na Zipline Dolinka je izven organiziranega izleta je strogo prepovedana in smrtno nevarna!<\/li>\n\n\n\n<li>S podpisom dovoljujem uporabo osebnih podatkov navedenih na teh pravilih za potrebe poslovanja A\u017eman &amp; A\u017eman d.o.o.<\/li>\n\n\n\n<li>Uporaba slikovnega in\/ali video materiala za namen profesionalnega promoviranja je dovoljena samo v soglasju z A\u017eman &amp; A\u017eman d.o.o. in je brez njegove avtorizacije prepovedana.<\/li>\n<\/ol>\n\n\n\n<h3 class=\"wp-block-heading\">SPLO\u0160NI POGOJI POSLOVANJA IN INFORMACIJE<\/h3>\n\n\n\n<p>Organizator: A\u017eman &amp; A\u017emaan d.o.o., Riklijeva 11, 4260 Bled,D\u0160: SI18734391, odgovorna oseba: Milo\u0161 A\u017eman<\/p>\n\n\n\n<h3 class=\"wp-block-heading\">SPLO\u0160NA DOLO\u010cILA<\/h3>\n\n\n\n<p>Ti splo\u0161ni pogoji in navodila so sestavni del pogodbe oz. napotnice\/voucherja, ki jo skleneta A\u017eman &amp; A\u017eman d.o.o in naro\u010dnik storitev.<\/p>\n\n\n\n<p>Splo\u0161ni pogoji veljajo le za storitve, ki jih organizira A\u017eman &amp; A\u017eman d.o.o, razen v kolikor je izrecno navedeno, da veljajo tudi za prodajo storitev drugih organizatorjev.<br>V primeru, da je v posebnih pogojih poslovanja ali v posameznem programu glede katerekoli to\u010dke teh splo\u0161nih pogojev in navodil druga\u010de dolo\u010deno, velja navedba oz. dolo\u010dilo, navedeno v programu.<br>V primeru telefonske prodaje oziroma prodaje po internetu se \u0161teje, da je naro\u010dnik sprejel dolo\u010dila teh Splo\u0161nih pogojev poslovanja takrat, ko je telefonsko oziroma po internetu preko elektronske po\u0161te naro\u010dil in potrdil izvedbo storitev A\u017eman &amp; A\u017eman d.o.o. Z dolo\u010dili splo\u0161nih pogojev in navodil se naro\u010dnik lahko seznani na spletni strani, kjer so posebej ozna\u010deni in splo\u0161no dostopni.<\/p>\n\n\n\n<p>Naro\u010dnik je vsaka oseba, ki je opravila veljavno rezervacijo ali je opravila nakup in pla\u010dilo storitev podjetju A\u017eman &amp; A\u017eman d.o.o in se nanj nana\u0161ajo ti Splo\u0161ni pogoji in navodila za turisti\u010dne aran\u017emaje.<\/p>\n\n\n\n<p>NARO\u010cNIKOVA ODPOVED ALI SPREMEMBA URNIKA SPUSTA<\/p>\n\n\n\n<p>Naro\u010dnik ima pravico do odpovedi storitev. V primeru, ko naro\u010dnik odpove storitev, ima A\u017eman &amp; A\u017eman d.o.o. pravico do povra\u010dila stro\u0161kov zaradi odpovedi storitev. Vi\u0161ina povra\u010dila stro\u0161kov naro\u010dniku je odvisna od \u010dasa, v katerem je naro\u010dnik predlo\u017eil odpoved, ki mora biti obvezno v pisni obliki. \u010ce naro\u010dnik odpove storitve, je v vsakem primeru dol\u017ean A\u017eman &amp; A\u017eman d.o.o. povrniti administrativne stro\u0161ke v vi\u0161ini 25% od vpla\u010dane storitve. Vi\u0161ina povra\u010dila stro\u0161kov odpovedi storitev je odvisna od \u010dasa pred dnevom pri\u010detka opravljanja storitve, v katerem je naro\u010dnik predlo\u017eil odpoved oziroma druga\u010de odpovedal izlet Zipline Dolinka.<\/p>\n\n\n\n<ul class=\"wp-block-list\">\n<li>do 24 ur pred predvidenim izletom \u2013 75% povra\u010dilo cene storitve<\/li>\n\n\n\n<li>odpoved v \u010dasu 24 ur pred udele\u017ebo ali neudele\u017eba na izletu \u2013 brez povra\u010diula cene storitve.<\/li>\n<\/ul>\n\n\n\n<p>Ob odpovedi storitve mora naro\u010dnik poslati elektronsko sporo\u010dilo na naslov<\/p>\n\n\n\n<p>info@zipline-dolinka.si. Za datum odpovedi se \u0161teje datum prejema elektronskega sporo\u010dila.<\/p>\n\n\n\n<h3 class=\"wp-block-heading\">ODPOVED ALI SPREMEMBA PROGRAMA<\/h3>\n\n\n\n<p>A\u017eman &amp; A\u017eman d.o.o. si v skladu z veljavno zakonodajo pridr\u017euje pravico do odpovedi ali spremembe izvajanja programa.<\/p>\n\n\n\n<p>A\u017eman &amp; A\u017eman d.o.o. si pridr\u017euje pravico do popolnega ali delnega odstopa od pogodbe, \u010de pred izvajanjem ali med izvajanjem programa nastopijo izredne okoli\u0161\u010dine, ki jih ni bilo mogo\u010de pri\u010dakovati, odstraniti ali se jim izogniti, za A\u017eman &amp; A\u017eman d.o.o pa te okoli\u0161\u010dine pomenijo utemeljen razlog, da pogodbe ne bi sklenil, \u010de bi obstajale ob sklenitvi pogodbe.<\/p>\n\n\n\n<p>A\u017eman &amp; A\u017eman d.o.o. lahko odpove program oziroma odstopi od programa in zahteva povrnitev \u0161kode od naro\u010dnika, ki neposredno kr\u0161i dolo\u010dbe pogodbe, ki jo je sklenil s A\u017eman &amp; A\u017eman d.o.o., predvsem \u010de se ugotovi, da je naro\u010dnik namerno sporo\u010dil napa\u010dne podatke o \u0161tevilu udele\u017eencev programa ali njihovi starosti, oziroma je med izvajanjem programa pri\u0161lo do sprememb, naro\u010dnik pa o tem ni obvestil A\u017eman &amp; A\u017eman d.o.o.<\/p>\n\n\n\n<p>A\u017eman &amp; A\u017eman d.o.o. ne more prevzeti odgovornosti za spremembe programa zaradi nastopa kakr\u0161nekoli vi\u0161je sile med potekom programa. V teh primerih lahko udele\u017eencem zagotovi storitve v spremenjeni obliki, glede na obstoje\u010de mo\u017enosti.<br>V primeru, da A\u017eman &amp; A\u017eman d.o.o odpove izvajanje storitev, ima naro\u010dnik pravico do celotnega povra\u010dila vpla\u010dane cene za naro\u010deno storitev.<\/p>\n\n\n\n<h3 class=\"wp-block-heading\">OBRA\u010cUN STORITEV<\/h3>\n\n\n\n<p>Obra\u010dun storitev se izvede po obstoje\u010di ponudbi, ki je bila potrjena s strani naro\u010dnika. Naro\u010dnik je dol\u017ean najkasneje 24 ur pred dogodkom sporo\u010diti vsakr\u0161no spremembo o \u0161tevilu udele\u017eencev, ki odstopa od potrjene ponudbe in dokon\u010dno sporo\u010diti \u0161tevilo udele\u017eencev.<\/p>\n\n\n\n<p>V primeru, da v programu sodeluje manj\u0161e \u0161tevilo udele\u017eencev glede na podatke, navedene v potrjeni ponudbi, se obra\u010dun izvede v skladu s potrjeno ponudbo, naro\u010dnik pa ni upravi\u010den do povra\u010dila stro\u0161kov, ki izhajajo iz razlike v \u0161tevilu dejanskih udele\u017eencev. V primeru, da je udele\u017eencev ve\u010d, kot je bilo dogovorjeno v prvotni ponudbi, pa lahko A\u017eman &amp; A\u017eman d.o.o. zara\u010duna dodatne stro\u0161ke oziroma lahko od pogodbe odstopi, \u010de ne more zagotoviti ustrezne varnosti, ki izhaja iz narave predmetne aktivnosti.<\/p>\n\n\n\n<h3 class=\"wp-block-heading\">VELJAVNOST DARILNIH BONOV<\/h3>\n\n\n\n<p>Vsi darilni boni imajo ob izdaji dolo\u010deno vrednost in veljavnost. V primeru, da posameznemu darilnemu bonu veljavnost pote\u010de, ga je potrebno pri izdajatelju podalj\u0161ati, tako da vam le ta izda novo kodo za uveljavitev dobroimetja, ki zadeva predmetni darilni bon. Nekateri darilni boni imajo zaradi akcijske cene kraj\u0161i \u010das veljavnosti od 1 leta. Pri darilnih bonih, ki so bili kupljeni v \u010dasu akcijske cene, je tako ob podalj\u0161anju poleg stro\u0161ka podalj\u0161anja potrebno dopla\u010dati tudi razliko do polne cene storitve.<\/p>\n\n\n\n<ul class=\"wp-block-list\">\n<li>Darilni bon lahko podalj\u0161ate osebno v pisarni Zipline Dolinka d.o.o. ali preko emaila.<\/li>\n\n\n\n<li>Stro\u0161ek podalj\u0161anja darilnega bona je 8 EUR z DDV in zajema:\n<ul class=\"wp-block-list\">\n<li>Odklepanje obdobja veljavnosti darilnega bona<\/li>\n\n\n\n<li>Deaktiviranje starega bona<\/li>\n\n\n\n<li>Tisk novega bona<\/li>\n\n\n\n<li>Aktivacija novega bona<\/li>\n<\/ul>\n<\/li>\n<\/ul>\n\n\n\n<p>Veljavnost darilnemu bonu preneha v naslednjih primerih:<\/p>\n\n\n\n<ul class=\"wp-block-list\">\n<li>&nbsp;za veljavno izvedene rezervacije s pomo\u010djo darilnega bona, pri katerih se udele\u017eenci niso pojavili na zbirnem mestu za izbrani termin,<\/li>\n\n\n\n<li>&nbsp;v primeru, da se je uporabnik premislil tik pred nameravanim spustom (manj kot 24ur).<\/li>\n\n\n\n<li>od njegove izdaje je poteklo ve\u010d kot 5 let.<\/li>\n<\/ul>\n<\/div>\n<\/div><\/div>\n","protected":false},"excerpt":{"rendered":"","protected":false},"author":1,"featured_media":0,"parent":0,"menu_order":9,"comment_status":"closed","ping_status":"open","template":"","meta":{"neve_meta_sidebar":"","neve_meta_container":"","neve_meta_enable_content_width":"","neve_meta_content_width":0,"neve_meta_title_alignment":"","neve_meta_author_avatar":"","neve_post_elements_order":"","neve_meta_disable_header":"","neve_meta_disable_footer":"","neve_meta_disable_title":"","neve_meta_reading_time":"","_themeisle_gutenberg_block_has_review":false,"_ti_tpc_template_sync":false,"_ti_tpc_template_id":"","footnotes":""},"class_list":["post-1503","page","type-page","status-publish","hentry"],"yoast_head":"<!-- This site is optimized with the Yoast SEO plugin v20.8 - https:\/\/yoast.com\/wordpress\/plugins\/seo\/ -->\n<title>Pogoji poslovanja - Zipline Dolinka<\/title>\n<meta name=\"robots\" content=\"index, follow, max-snippet:-1, max-image-preview:large, max-video-preview:-1\" \/>\n<link rel=\"canonical\" href=\"https:\/\/staging.zipline-dolinka.si\/sl\/pogoji-poslovanja\/\" \/>\n<meta property=\"og:locale\" content=\"sl_SI\" \/>\n<meta property=\"og:type\" content=\"article\" \/>\n<meta property=\"og:title\" content=\"Pogoji poslovanja - Zipline Dolinka\" \/>\n<meta property=\"og:url\" content=\"https:\/\/staging.zipline-dolinka.si\/sl\/pogoji-poslovanja\/\" \/>\n<meta property=\"og:site_name\" content=\"Zipline Dolinka\" \/>\n<meta property=\"article:publisher\" content=\"https:\/\/www.facebook.com\/ZiplineDolinka\/\" \/>\n<meta property=\"article:modified_time\" content=\"2023-03-27T06:38:32+00:00\" \/>\n<meta name=\"twitter:card\" content=\"summary_large_image\" \/>\n<meta name=\"twitter:label1\" content=\"Est. reading time\" \/>\n\t<meta name=\"twitter:data1\" content=\"9 minut\" \/>\n<script type=\"application\/ld+json\" class=\"yoast-schema-graph\">{\"@context\":\"https:\/\/schema.org\",\"@graph\":[{\"@type\":\"WebPage\",\"@id\":\"https:\/\/staging.zipline-dolinka.si\/sl\/pogoji-poslovanja\/\",\"url\":\"https:\/\/staging.zipline-dolinka.si\/sl\/pogoji-poslovanja\/\",\"name\":\"Pogoji poslovanja - Zipline Dolinka\",\"isPartOf\":{\"@id\":\"https:\/\/staging.zipline-dolinka.si\/sl\/#website\"},\"datePublished\":\"2022-11-11T09:20:46+00:00\",\"dateModified\":\"2023-03-27T06:38:32+00:00\",\"breadcrumb\":{\"@id\":\"https:\/\/staging.zipline-dolinka.si\/sl\/pogoji-poslovanja\/#breadcrumb\"},\"inLanguage\":\"sl-SI\",\"potentialAction\":[{\"@type\":\"ReadAction\",\"target\":[\"https:\/\/staging.zipline-dolinka.si\/sl\/pogoji-poslovanja\/\"]}]},{\"@type\":\"BreadcrumbList\",\"@id\":\"https:\/\/staging.zipline-dolinka.si\/sl\/pogoji-poslovanja\/#breadcrumb\",\"itemListElement\":[{\"@type\":\"ListItem\",\"position\":1,\"name\":\"Domov\",\"item\":\"https:\/\/staging.zipline-dolinka.si\/sl\/\"},{\"@type\":\"ListItem\",\"position\":2,\"name\":\"Pogoji poslovanja\"}]},{\"@type\":\"WebSite\",\"@id\":\"https:\/\/staging.zipline-dolinka.si\/sl\/#website\",\"url\":\"https:\/\/staging.zipline-dolinka.si\/sl\/\",\"name\":\"Zipline Dolinka\",\"description\":\"The Longest Zipline in Europe\",\"publisher\":{\"@id\":\"https:\/\/staging.zipline-dolinka.si\/sl\/#organization\"},\"potentialAction\":[{\"@type\":\"SearchAction\",\"target\":{\"@type\":\"EntryPoint\",\"urlTemplate\":\"https:\/\/staging.zipline-dolinka.si\/sl\/?s={search_term_string}\"},\"query-input\":\"required name=search_term_string\"}],\"inLanguage\":\"sl-SI\"},{\"@type\":\"Organization\",\"@id\":\"https:\/\/staging.zipline-dolinka.si\/sl\/#organization\",\"name\":\"Zipline Dolinka Bled\",\"url\":\"https:\/\/staging.zipline-dolinka.si\/sl\/\",\"logo\":{\"@type\":\"ImageObject\",\"inLanguage\":\"sl-SI\",\"@id\":\"https:\/\/staging.zipline-dolinka.si\/sl\/#\/schema\/logo\/image\/\",\"url\":\"https:\/\/staging.zipline-dolinka.si\/wp-content\/uploads\/2022\/05\/cropped-ziplinedolonka-favicon.png\",\"contentUrl\":\"https:\/\/staging.zipline-dolinka.si\/wp-content\/uploads\/2022\/05\/cropped-ziplinedolonka-favicon.png\",\"width\":512,\"height\":512,\"caption\":\"Zipline Dolinka Bled\"},\"image\":{\"@id\":\"https:\/\/staging.zipline-dolinka.si\/sl\/#\/schema\/logo\/image\/\"},\"sameAs\":[\"https:\/\/www.facebook.com\/ZiplineDolinka\/\",\"https:\/\/www.tripadvisor.com\/Attraction_Review-g274863-d14139627-Reviews-Zipline_Dolinka-Bled_Upper_Carniola_Region.html\"]}]}<\/script>\n<!-- \/ Yoast SEO plugin. -->","yoast_head_json":{"title":"Pogoji poslovanja - Zipline Dolinka","robots":{"index":"index","follow":"follow","max-snippet":"max-snippet:-1","max-image-preview":"max-image-preview:large","max-video-preview":"max-video-preview:-1"},"canonical":"https:\/\/staging.zipline-dolinka.si\/sl\/pogoji-poslovanja\/","og_locale":"sl_SI","og_type":"article","og_title":"Pogoji poslovanja - Zipline Dolinka","og_url":"https:\/\/staging.zipline-dolinka.si\/sl\/pogoji-poslovanja\/","og_site_name":"Zipline Dolinka","article_publisher":"https:\/\/www.facebook.com\/ZiplineDolinka\/","article_modified_time":"2023-03-27T06:38:32+00:00","twitter_card":"summary_large_image","twitter_misc":{"Est. reading time":"9 minut"},"schema":{"@context":"https:\/\/schema.org","@graph":[{"@type":"WebPage","@id":"https:\/\/staging.zipline-dolinka.si\/sl\/pogoji-poslovanja\/","url":"https:\/\/staging.zipline-dolinka.si\/sl\/pogoji-poslovanja\/","name":"Pogoji poslovanja - Zipline Dolinka","isPartOf":{"@id":"https:\/\/staging.zipline-dolinka.si\/sl\/#website"},"datePublished":"2022-11-11T09:20:46+00:00","dateModified":"2023-03-27T06:38:32+00:00","breadcrumb":{"@id":"https:\/\/staging.zipline-dolinka.si\/sl\/pogoji-poslovanja\/#breadcrumb"},"inLanguage":"sl-SI","potentialAction":[{"@type":"ReadAction","target":["https:\/\/staging.zipline-dolinka.si\/sl\/pogoji-poslovanja\/"]}]},{"@type":"BreadcrumbList","@id":"https:\/\/staging.zipline-dolinka.si\/sl\/pogoji-poslovanja\/#breadcrumb","itemListElement":[{"@type":"ListItem","position":1,"name":"Domov","item":"https:\/\/staging.zipline-dolinka.si\/sl\/"},{"@type":"ListItem","position":2,"name":"Pogoji poslovanja"}]},{"@type":"WebSite","@id":"https:\/\/staging.zipline-dolinka.si\/sl\/#website","url":"https:\/\/staging.zipline-dolinka.si\/sl\/","name":"Zipline Dolinka","description":"The Longest Zipline in Europe","publisher":{"@id":"https:\/\/staging.zipline-dolinka.si\/sl\/#organization"},"potentialAction":[{"@type":"SearchAction","target":{"@type":"EntryPoint","urlTemplate":"https:\/\/staging.zipline-dolinka.si\/sl\/?s={search_term_string}"},"query-input":"required name=search_term_string"}],"inLanguage":"sl-SI"},{"@type":"Organization","@id":"https:\/\/staging.zipline-dolinka.si\/sl\/#organization","name":"Zipline Dolinka Bled","url":"https:\/\/staging.zipline-dolinka.si\/sl\/","logo":{"@type":"ImageObject","inLanguage":"sl-SI","@id":"https:\/\/staging.zipline-dolinka.si\/sl\/#\/schema\/logo\/image\/","url":"https:\/\/staging.zipline-dolinka.si\/wp-content\/uploads\/2022\/05\/cropped-ziplinedolonka-favicon.png","contentUrl":"https:\/\/staging.zipline-dolinka.si\/wp-content\/uploads\/2022\/05\/cropped-ziplinedolonka-favicon.png","width":512,"height":512,"caption":"Zipline Dolinka Bled"},"image":{"@id":"https:\/\/staging.zipline-dolinka.si\/sl\/#\/schema\/logo\/image\/"},"sameAs":["https:\/\/www.facebook.com\/ZiplineDolinka\/","https:\/\/www.tripadvisor.com\/Attraction_Review-g274863-d14139627-Reviews-Zipline_Dolinka-Bled_Upper_Carniola_Region.html"]}]}},"_links":{"self":[{"href":"https:\/\/staging.zipline-dolinka.si\/sl\/wp-json\/wp\/v2\/pages\/1503","targetHints":{"allow":["GET"]}}],"collection":[{"href":"https:\/\/staging.zipline-dolinka.si\/sl\/wp-json\/wp\/v2\/pages"}],"about":[{"href":"https:\/\/staging.zipline-dolinka.si\/sl\/wp-json\/wp\/v2\/types\/page"}],"author":[{"embeddable":true,"href":"https:\/\/staging.zipline-dolinka.si\/sl\/wp-json\/wp\/v2\/users\/1"}],"replies":[{"embeddable":true,"href":"https:\/\/staging.zipline-dolinka.si\/sl\/wp-json\/wp\/v2\/comments?post=1503"}],"version-history":[{"count":0,"href":"https:\/\/staging.zipline-dolinka.si\/sl\/wp-json\/wp\/v2\/pages\/1503\/revisions"}],"wp:attachment":[{"href":"https:\/\/staging.zipline-dolinka.si\/sl\/wp-json\/wp\/v2\/media?parent=1503"}],"curies":[{"name":"wp","href":"https:\/\/api.w.org\/{rel}","templated":true}]}}