{"id":1506,"date":"2022-11-11T09:22:42","date_gmt":"2022-11-11T09:22:42","guid":{"rendered":"https:\/\/staging.zipline-dolinka.si\/?page_id=1506"},"modified":"2022-11-11T09:23:39","modified_gmt":"2022-11-11T09:23:39","slug":"izjava-o-zasebnosti","status":"publish","type":"page","link":"https:\/\/staging.zipline-dolinka.si\/sl\/izjava-o-zasebnosti\/","title":{"rendered":"Izjava o zasebnosti"},"content":{"rendered":"\n<div id=\"wp-block-themeisle-blocks-advanced-columns-0e12137a\" class=\"wp-block-themeisle-blocks-advanced-columns has-1-columns has-desktop-equal-layout has-tablet-equal-layout has-mobile-equal-layout has-vertical-unset\"><div class=\"wp-block-themeisle-blocks-advanced-columns-overlay\"><\/div><div class=\"innerblocks-wrap\">\n<div id=\"wp-block-themeisle-blocks-advanced-column-06b2b250\" class=\"wp-block-themeisle-blocks-advanced-column\">\n<h3 class=\"wp-block-heading\">Izjava o varovanju<\/h3>\n\n\n\n<p>Izjava o varovanju je namenjena predvsem varovanju osebnih podatkov na\u0161ih uporabnikov. Na\u0161o stran lahko brez vsakr\u0161nih obveznosti pregledujete in vam ni potrebno odkriti svoje identitete ter osebnih podatkov. \u010ce pa se boste odlo\u010dili za katero od na\u0161ih storitev, vas prosimo, da vpi\u0161ete svoje osebne podatke, samo tako bomo lahko storitev rezervirali in potrdili zakup dolo\u010dene storitve. Vsekakor pa bodo va\u0161i osebni podatki varovani v najve\u010dji mo\u017eni meri. Zagotavljamo vam, da bomo od vas \u017eeleli le tiste podatke, ki so za nemoten postopek zakupa izbrane storitve potebni in, da bomo v postopku uporabili izklju\u010dno tiste podatke, ki ste nam jih zaupali vi.<\/p>\n\n\n\n<h3 class=\"wp-block-heading\"><strong>Zbiranje va\u0161ih podatkov<\/strong><\/h3>\n\n\n\n<p>A\u017eman &amp; A\u017eman zbira va\u0161e osebne podatke in podatke o identiteti samo, \u010de se boste odlo\u010dili za katero od storitev iz na\u0161e ponudbe in vpla\u010dali akontacijo ali zakup v celotnem znesku.<\/p>\n\n\n\n<p>Takoj, ko boste pri\u0161li na spletno stran www.zipline-dolinka.si, bo server prepoznal ID va\u0161ega ra\u010dunalnika, vrsto brskalnika, ime domene, \u010das dostopa, naslov spletne strani s katere ste pri\u0161li in informacije o straneh, ki ste jih, medtem, ko ste brskali po na\u0161ih straneh, obiskali. Navedene podatke bomo uporabili za statistiko o obisku strani in zato, da jih bomo lahko sproti izbolj\u0161evali in posodabljali.<\/p>\n\n\n\n<p>Radi bi pripomnili, da na\u0161 server ne bo shranil va\u0161ega elektronskega naslova in tudi drugih informacij, po katerih bi vas lahko prepoznali.<\/p>\n\n\n\n<p>Ob\u010dasno pripravljamo na na\u0161ih spletnih straneh tudi razli\u010dne nagradne igre. Pravila za vsako igro so vam, medtem, ko igra traja, na voljo na na\u0161ih straneh. \u010ce boste v polja za osebne podatke te tudi napisali, se prav tako strinjate s pravili dolo\u010dene nagradne igre. Zato morate vedeti, da boste s sodelovanjem v nagradni igri tudi pristali na javno objavo va\u0161ih osebnih podatkov, \u010de boste iz\u017erebani.<\/p>\n\n\n\n<h3 class=\"wp-block-heading\"><strong>Uporaba zbranih informacij<\/strong><\/h3>\n\n\n\n<p>Va\u0161e osebne podatke bomo uporabili:<\/p>\n\n\n\n<p>* za za\u010detek postopka rezervacije \u017eeljene storitve in, da vam bomo za vpla\u010dilo dolo\u010dene akontacije lahko izstavili predra\u010dun,<br>* da vam bomo v zvezi z zakupom izbrane storitve lahko na doma\u010di naslov poslali vse potrebne materiale in podatke,<\/p>\n\n\n\n<p>* za pravo\u010dasno obve\u0161\u010danje o spremembah v na\u0161i ponudbi, posebnih ponudbah&nbsp; in akcijah, a\u017euriranih informacijah in vam tako omogo\u010dili, da boste sproti seznanjeni z novostmi na na\u0161ih straneh.<\/p>\n\n\n\n<p>Nobenega od pridobljenih podatkov ne bomo uporabili v druga\u010dne namene, kot je navedeno v tej izjavi. A\u017eman &amp; A\u017eman va\u0161ih podatkov ne prodaja, zamenjuje ali odstopa tretjim osebam, razen, kadar je za nemoten potek postopka pridobitve zakupljene storitve to nujno potrebno.<\/p>\n\n\n\n<p>\u010ce informacij o spremembah na na\u0161ih straneh, obvestil o na\u0161i ponudbi ali drugih predstavitvenih informacij ne \u017eelite prejemati, vas vljudno prosimo, da nas obvestite (info@zipline-dolinka.si) in v najkraj\u0161em mo\u017enem roku bomo va\u0161e ime odstranili s seznama.<\/p>\n\n\n\n<p>A\u017eman &amp; A\u017eman lahko osebne podatke razkrije samo, \u010de je to predpisano z zakonom, \u010de je izdan sodni sklep, ali, \u010de je potrebno za\u0161\u010dititi pravice in lastni\u0161tvo A\u017eman &amp; A\u017eman spletnih strani, kakor tudi za\u0161\u010dititi osebno varnost uporabnikov in javnosti.<\/p>\n\n\n\n<h3 class=\"wp-block-heading\"><strong>Varovanje zbranih podatkov<\/strong><\/h3>\n\n\n\n<p>A\u017eman &amp; A\u017eman tej izjavi posve\u010da posebno pozornost, saj meni, da je verodostojnost poslovanja agencije odvisna tudi spo\u0161tovanja in delovanja, ki je v skladu s to izjavo. Prav zato \u0161e posebej skrbimo, da bi pridobljeni podatki o uporabniku ne bili izgubljeni, spremenjeni, da jih ne bi nih\u010de nepoobla\u0161\u010deno odkril, ali da bi bili na kakr\u0161enkoli drug na\u010din zlorabljeni. Izpolnjevanje obrazca za povpra\u0161evanje in zahtevka za rezervacijo sta strogo nadzorovana in za\u0161\u010ditena postopka.<\/p>\n\n\n\n<h3 class=\"wp-block-heading\"><strong>Kako bomo z vami stopili v stik?<\/strong><\/h3>\n\n\n\n<p>Z vami bomo stopili v stik s pomo\u010djo podatkov, ki nam jih boste posredovali (el. po\u0161ta in telefon) in na ta na\u010din poskrbeli za vse obi\u010dajne postopke v zvezi z rezervacijo storitev iz na\u0161e ponudbe, kakor tudi sku\u0161ali odgovoriti na vsa vpra\u0161anja, pojasniti morebitne nejasnosti in probleme, ki so v direktni povezavi z zakupljeno storitvijo.<\/p>\n\n\n\n<h3 class=\"wp-block-heading\"><strong>Uporaba cookiejev<\/strong><\/h3>\n\n\n\n<p>Cookie je datoteka z besedilom, ki jo na\u0161 spletni brskalnik takrat, ko prvi\u010d obi\u0161\u010dete na\u0161e strani, shrani na trdi disk Va\u0161ega ra\u010dunalnika in tako omogo\u010di hitrej\u0161i pregled \u017ee obiskanih strani. Cookie ne vsebuje osebnih podatkov, nam le pomaga, da Vam lahko, dokler ste na na\u0161ih spletnih straneh, nudimo posebne storitve.<\/p>\n\n\n\n<p>Cookie slu\u017ei za to, da vam pri pregledovanju strani prihrani \u010das, saj spletnemu brskalniku sporo\u010da, da ste se vrnili na stran, ki ste jo \u017ee prej obiskali. S pomo\u010djo cookijev oblikujemo tudi statisti\u010dne podatke o obisku na\u0161ih strani, ki nam pomagajo prepoznati uporabnikove \u017eelje, kakor tudi smer razvoja na\u0161e ponudbe in spletnih strani.<\/p>\n\n\n\n<p>Cookie je opcija, ki vam jo omogo\u010da Va\u0161 brskalnik. Ve\u010dina brskalnikov cookije samodejno sprejme, seveda pa lahko v nastavitvah brsklalnika to mo\u017enost izklju\u010dite.<\/p>\n\n\n\n<h3 class=\"wp-block-heading\"><strong>Sprememba izjave<\/strong><\/h3>\n\n\n\n<p>Izjavo o za\u0161\u010diti osebnih podatkov je mogo\u010de tudi spremeniti, vendar se obvezujemo, da bomo z vsako objavljeno spremembo, spremenili tudi datum objave. \u010ce bi pri\u0161lo do bistvenih sprememb te izjave, bomo spremembe objavili na na\u0161ih spletnih straneh ali vas o tem posebej obvestili. Ne glede na vse navedeno priporo\u010damo vsem obiskovalcem in uporabnikom na\u0161ih strani, da od \u010dasa do \u010dasa izjavo pregledajo, saj bodo le na ta na\u010din sproti in to\u010dno obve\u0161\u010deni o na\u010dinu na\u0161e za\u0161\u010dite osebnih podatkov.<\/p>\n\n\n\n<p>Smatrali bomo, da se strinjate z vsemi dolo\u010dili izjave o za\u0161\u010diti osebnih podatkov, \u010de boste tudi v bodo\u010de obiskovali na\u0161e strani in uporabljali na\u0161e storitve.<\/p>\n<\/div>\n<\/div><\/div>\n","protected":false},"excerpt":{"rendered":"","protected":false},"author":1,"featured_media":0,"parent":0,"menu_order":12,"comment_status":"closed","ping_status":"open","template":"","meta":{"neve_meta_sidebar":"","neve_meta_container":"","neve_meta_enable_content_width":"","neve_meta_content_width":0,"neve_meta_title_alignment":"","neve_meta_author_avatar":"","neve_post_elements_order":"","neve_meta_disable_header":"","neve_meta_disable_footer":"","neve_meta_disable_title":"","neve_meta_reading_time":"","_themeisle_gutenberg_block_has_review":false,"_ti_tpc_template_sync":false,"_ti_tpc_template_id":"","footnotes":""},"class_list":["post-1506","page","type-page","status-publish","hentry"],"yoast_head":"<!-- This site is optimized with the Yoast SEO plugin v20.8 - https:\/\/yoast.com\/wordpress\/plugins\/seo\/ -->\n<title>Izjava o zasebnosti - Zipline Dolinka<\/title>\n<meta name=\"robots\" content=\"index, follow, max-snippet:-1, max-image-preview:large, max-video-preview:-1\" \/>\n<link rel=\"canonical\" href=\"https:\/\/staging.zipline-dolinka.si\/sl\/izjava-o-zasebnosti\/\" \/>\n<meta property=\"og:locale\" content=\"sl_SI\" \/>\n<meta property=\"og:type\" content=\"article\" \/>\n<meta property=\"og:title\" content=\"Izjava o zasebnosti - Zipline Dolinka\" \/>\n<meta property=\"og:url\" content=\"https:\/\/staging.zipline-dolinka.si\/sl\/izjava-o-zasebnosti\/\" \/>\n<meta property=\"og:site_name\" content=\"Zipline Dolinka\" \/>\n<meta property=\"article:publisher\" content=\"https:\/\/www.facebook.com\/ZiplineDolinka\/\" \/>\n<meta property=\"article:modified_time\" content=\"2022-11-11T09:23:39+00:00\" \/>\n<meta name=\"twitter:card\" content=\"summary_large_image\" \/>\n<meta name=\"twitter:label1\" content=\"Est. reading time\" \/>\n\t<meta name=\"twitter:data1\" content=\"5 minut\" \/>\n<script type=\"application\/ld+json\" class=\"yoast-schema-graph\">{\"@context\":\"https:\/\/schema.org\",\"@graph\":[{\"@type\":\"WebPage\",\"@id\":\"https:\/\/staging.zipline-dolinka.si\/sl\/izjava-o-zasebnosti\/\",\"url\":\"https:\/\/staging.zipline-dolinka.si\/sl\/izjava-o-zasebnosti\/\",\"name\":\"Izjava o zasebnosti - Zipline Dolinka\",\"isPartOf\":{\"@id\":\"https:\/\/staging.zipline-dolinka.si\/sl\/#website\"},\"datePublished\":\"2022-11-11T09:22:42+00:00\",\"dateModified\":\"2022-11-11T09:23:39+00:00\",\"breadcrumb\":{\"@id\":\"https:\/\/staging.zipline-dolinka.si\/sl\/izjava-o-zasebnosti\/#breadcrumb\"},\"inLanguage\":\"sl-SI\",\"potentialAction\":[{\"@type\":\"ReadAction\",\"target\":[\"https:\/\/staging.zipline-dolinka.si\/sl\/izjava-o-zasebnosti\/\"]}]},{\"@type\":\"BreadcrumbList\",\"@id\":\"https:\/\/staging.zipline-dolinka.si\/sl\/izjava-o-zasebnosti\/#breadcrumb\",\"itemListElement\":[{\"@type\":\"ListItem\",\"position\":1,\"name\":\"Domov\",\"item\":\"https:\/\/staging.zipline-dolinka.si\/sl\/\"},{\"@type\":\"ListItem\",\"position\":2,\"name\":\"Izjava o zasebnosti\"}]},{\"@type\":\"WebSite\",\"@id\":\"https:\/\/staging.zipline-dolinka.si\/sl\/#website\",\"url\":\"https:\/\/staging.zipline-dolinka.si\/sl\/\",\"name\":\"Zipline Dolinka\",\"description\":\"The Longest Zipline in Europe\",\"publisher\":{\"@id\":\"https:\/\/staging.zipline-dolinka.si\/sl\/#organization\"},\"potentialAction\":[{\"@type\":\"SearchAction\",\"target\":{\"@type\":\"EntryPoint\",\"urlTemplate\":\"https:\/\/staging.zipline-dolinka.si\/sl\/?s={search_term_string}\"},\"query-input\":\"required name=search_term_string\"}],\"inLanguage\":\"sl-SI\"},{\"@type\":\"Organization\",\"@id\":\"https:\/\/staging.zipline-dolinka.si\/sl\/#organization\",\"name\":\"Zipline Dolinka Bled\",\"url\":\"https:\/\/staging.zipline-dolinka.si\/sl\/\",\"logo\":{\"@type\":\"ImageObject\",\"inLanguage\":\"sl-SI\",\"@id\":\"https:\/\/staging.zipline-dolinka.si\/sl\/#\/schema\/logo\/image\/\",\"url\":\"https:\/\/staging.zipline-dolinka.si\/wp-content\/uploads\/2022\/05\/cropped-ziplinedolonka-favicon.png\",\"contentUrl\":\"https:\/\/staging.zipline-dolinka.si\/wp-content\/uploads\/2022\/05\/cropped-ziplinedolonka-favicon.png\",\"width\":512,\"height\":512,\"caption\":\"Zipline Dolinka Bled\"},\"image\":{\"@id\":\"https:\/\/staging.zipline-dolinka.si\/sl\/#\/schema\/logo\/image\/\"},\"sameAs\":[\"https:\/\/www.facebook.com\/ZiplineDolinka\/\",\"https:\/\/www.tripadvisor.com\/Attraction_Review-g274863-d14139627-Reviews-Zipline_Dolinka-Bled_Upper_Carniola_Region.html\"]}]}<\/script>\n<!-- \/ Yoast SEO plugin. -->","yoast_head_json":{"title":"Izjava o zasebnosti - Zipline Dolinka","robots":{"index":"index","follow":"follow","max-snippet":"max-snippet:-1","max-image-preview":"max-image-preview:large","max-video-preview":"max-video-preview:-1"},"canonical":"https:\/\/staging.zipline-dolinka.si\/sl\/izjava-o-zasebnosti\/","og_locale":"sl_SI","og_type":"article","og_title":"Izjava o zasebnosti - Zipline Dolinka","og_url":"https:\/\/staging.zipline-dolinka.si\/sl\/izjava-o-zasebnosti\/","og_site_name":"Zipline Dolinka","article_publisher":"https:\/\/www.facebook.com\/ZiplineDolinka\/","article_modified_time":"2022-11-11T09:23:39+00:00","twitter_card":"summary_large_image","twitter_misc":{"Est. reading time":"5 minut"},"schema":{"@context":"https:\/\/schema.org","@graph":[{"@type":"WebPage","@id":"https:\/\/staging.zipline-dolinka.si\/sl\/izjava-o-zasebnosti\/","url":"https:\/\/staging.zipline-dolinka.si\/sl\/izjava-o-zasebnosti\/","name":"Izjava o zasebnosti - Zipline Dolinka","isPartOf":{"@id":"https:\/\/staging.zipline-dolinka.si\/sl\/#website"},"datePublished":"2022-11-11T09:22:42+00:00","dateModified":"2022-11-11T09:23:39+00:00","breadcrumb":{"@id":"https:\/\/staging.zipline-dolinka.si\/sl\/izjava-o-zasebnosti\/#breadcrumb"},"inLanguage":"sl-SI","potentialAction":[{"@type":"ReadAction","target":["https:\/\/staging.zipline-dolinka.si\/sl\/izjava-o-zasebnosti\/"]}]},{"@type":"BreadcrumbList","@id":"https:\/\/staging.zipline-dolinka.si\/sl\/izjava-o-zasebnosti\/#breadcrumb","itemListElement":[{"@type":"ListItem","position":1,"name":"Domov","item":"https:\/\/staging.zipline-dolinka.si\/sl\/"},{"@type":"ListItem","position":2,"name":"Izjava o zasebnosti"}]},{"@type":"WebSite","@id":"https:\/\/staging.zipline-dolinka.si\/sl\/#website","url":"https:\/\/staging.zipline-dolinka.si\/sl\/","name":"Zipline Dolinka","description":"The Longest Zipline in Europe","publisher":{"@id":"https:\/\/staging.zipline-dolinka.si\/sl\/#organization"},"potentialAction":[{"@type":"SearchAction","target":{"@type":"EntryPoint","urlTemplate":"https:\/\/staging.zipline-dolinka.si\/sl\/?s={search_term_string}"},"query-input":"required name=search_term_string"}],"inLanguage":"sl-SI"},{"@type":"Organization","@id":"https:\/\/staging.zipline-dolinka.si\/sl\/#organization","name":"Zipline Dolinka Bled","url":"https:\/\/staging.zipline-dolinka.si\/sl\/","logo":{"@type":"ImageObject","inLanguage":"sl-SI","@id":"https:\/\/staging.zipline-dolinka.si\/sl\/#\/schema\/logo\/image\/","url":"https:\/\/staging.zipline-dolinka.si\/wp-content\/uploads\/2022\/05\/cropped-ziplinedolonka-favicon.png","contentUrl":"https:\/\/staging.zipline-dolinka.si\/wp-content\/uploads\/2022\/05\/cropped-ziplinedolonka-favicon.png","width":512,"height":512,"caption":"Zipline Dolinka Bled"},"image":{"@id":"https:\/\/staging.zipline-dolinka.si\/sl\/#\/schema\/logo\/image\/"},"sameAs":["https:\/\/www.facebook.com\/ZiplineDolinka\/","https:\/\/www.tripadvisor.com\/Attraction_Review-g274863-d14139627-Reviews-Zipline_Dolinka-Bled_Upper_Carniola_Region.html"]}]}},"_links":{"self":[{"href":"https:\/\/staging.zipline-dolinka.si\/sl\/wp-json\/wp\/v2\/pages\/1506","targetHints":{"allow":["GET"]}}],"collection":[{"href":"https:\/\/staging.zipline-dolinka.si\/sl\/wp-json\/wp\/v2\/pages"}],"about":[{"href":"https:\/\/staging.zipline-dolinka.si\/sl\/wp-json\/wp\/v2\/types\/page"}],"author":[{"embeddable":true,"href":"https:\/\/staging.zipline-dolinka.si\/sl\/wp-json\/wp\/v2\/users\/1"}],"replies":[{"embeddable":true,"href":"https:\/\/staging.zipline-dolinka.si\/sl\/wp-json\/wp\/v2\/comments?post=1506"}],"version-history":[{"count":0,"href":"https:\/\/staging.zipline-dolinka.si\/sl\/wp-json\/wp\/v2\/pages\/1506\/revisions"}],"wp:attachment":[{"href":"https:\/\/staging.zipline-dolinka.si\/sl\/wp-json\/wp\/v2\/media?parent=1506"}],"curies":[{"name":"wp","href":"https:\/\/api.w.org\/{rel}","templated":true}]}}